{"id":6551,"date":"2025-04-29T12:24:57","date_gmt":"2025-04-29T10:24:57","guid":{"rendered":"https:\/\/wuwm.org\/aufsichtsrat\/"},"modified":"2025-11-13T17:12:22","modified_gmt":"2025-11-13T16:12:22","slug":"aufsichtsrat","status":"publish","type":"page","link":"https:\/\/wuwm.org\/de\/aufsichtsrat\/","title":{"rendered":"Aufsichtsrat"},"content":{"rendered":"<div class=\"wpb-content-wrapper\"><p>[vc_row full_width=&#8221;stretch_row&#8221; gap=&#8221;35&#8243; equal_height=&#8221;yes&#8221; content_placement=&#8221;middle&#8221; css=&#8221;.vc_custom_1746755761451{margin-top: 0px !important;margin-bottom: 0px !important;padding-top: 70px !important;padding-bottom: 10px !important;background-color: #FFFFFF !important;}&#8221;][vc_column width=&#8221;1\/2&#8243;][vc_single_image image=&#8221;7824&#8243; img_size=&#8221;full&#8221; css=&#8221;&#8221;][\/vc_column][vc_column width=&#8221;1\/2&#8243;][vc_column_text css=&#8221;&#8221; el_class=&#8221;citation&#8221;]<\/p>\n<blockquote><p>Als Zusammenschluss von Marktexperten und Fachleuten f\u00fcr frische Lebensmittel haben wir weltweit wesentliche Verbesserungen in unserer Branche unterst\u00fctzt, indem wir bew\u00e4hrte Praktiken zu gemeinsamen Herausforderungen austauschen, neue Erkenntnisse \u00fcber das globale Ern\u00e4hrungssystem entwickeln und die Notwendigkeit einer nachhaltigeren Lebensmittelversorgungskette f\u00f6rdern. WUWM ist eine einzigartige Plattform f\u00fcr koordinierte Ma\u00dfnahmen, die die Entscheidungsfindung von F\u00fchrungskr\u00e4ften st\u00e4rkt und den Dialog zwischen verschiedenen Interessengruppen f\u00f6rdert, wodurch gr\u00f6\u00dfere Innovationen im Frischlebensmittelsektor erleichtert werden.&#8221;<\/p><\/blockquote>\n<p>[\/vc_column_text][vc_column_text css=&#8221;&#8221; el_class=&#8221;citationauteur&#8221;]<strong>St\u00e9phane layani<\/strong> \/ Vorsitzender[\/vc_column_text][\/vc_column][\/vc_row][vc_row full_width=&#8221;stretch_row&#8221; css=&#8221;.vc_custom_1746755779387{padding-bottom: 50px !important;background-color: #FFFFFF !important;}&#8221;][vc_column][vc_column_text css=&#8221;.vc_custom_1746675102015{padding-top: 50px !important;}&#8221;]<\/p>\n<h2 class=\"leadership_section__title\" style=\"text-align: center;\">F\u00fchrung<\/h2>\n<p>[\/vc_column_text][vc_row_inner equal_height=&#8221;yes&#8221; gap=&#8221;15&#8243; el_class=&#8221;blocdirector&#8221;][vc_column_inner width=&#8221;1\/4&#8243;][vc_column_text css=&#8221;&#8221;]<\/p>\n<h4 class=\"leadership_section__large-description\"><span style=\"color: #01374d;\">Unser Leitungsgremium besteht aus einem Vorsitzenden, einem stellvertretenden Vorsitzenden, 10 Direktoren und einem Sekretariat mit Sitz in Rungis (Frankreich).<\/span><\/h4>\n<p>[\/vc_column_text][\/vc_column_inner][vc_column_inner width=&#8221;1\/4&#8243;][vc_single_image image=&#8221;6552&#8243; img_size=&#8221;large&#8221; alignment=&#8221;center&#8221; css=&#8221;&#8221;][vc_column_text css=&#8221;&#8221;]<\/p>\n<h3 class=\"name\" style=\"text-align: center;\">St\u00e9phane Layani<\/h3>\n<h4 class=\"description\" style=\"text-align: center;\">Vorsitzender<\/h4>\n<h5 class=\"location\" style=\"text-align: center;\">Rungis, Frankreich<\/h5>\n<p>[\/vc_column_text][vc_icon icon_fontawesome=&#8221;far fa-envelope&#8221; color=&#8221;black&#8221; align=&#8221;center&#8221; css=&#8221;.vc_custom_1747177037316{margin-top: -30px !important;}&#8221; link=&#8221;url:mailto%3As.layani%40wuwm.org|target:_blank|rel:nofollow|&#8221;][\/vc_column_inner][vc_column_inner width=&#8221;1\/4&#8243;][vc_single_image image=&#8221;7825&#8243; img_size=&#8221;large&#8221; alignment=&#8221;center&#8221; css=&#8221;&#8221;][vc_column_text css=&#8221;&#8221;]<\/p>\n<h3 class=\"name\" style=\"text-align: center;\">Giannis Triantafyllis<\/h3>\n<h4 class=\"description\" style=\"text-align: center;\">Stellvertretender Vorsitzender<\/h4>\n<h5 class=\"location\" style=\"text-align: center;\">Athen, Griechenland<\/h5>\n<p>[\/vc_column_text][vc_icon icon_fontawesome=&#8221;far fa-envelope&#8221; color=&#8221;black&#8221; align=&#8221;center&#8221; css=&#8221;.vc_custom_1747177028804{margin-top: -30px !important;}&#8221; link=&#8221;url:mailto%3Ag.triantafyllis%40wuwm.org|target:_blank|rel:nofollow|&#8221;][\/vc_column_inner][vc_column_inner width=&#8221;1\/4&#8243;][vc_single_image image=&#8221;7826&#8243; img_size=&#8221;large&#8221; alignment=&#8221;center&#8221; css=&#8221;&#8221;][vc_column_text css=&#8221;&#8221;]<\/p>\n<h3 class=\"name\" style=\"text-align: center;\">Zengjun Ma<\/h3>\n<h4 class=\"description\" style=\"text-align: center;\">Direktor &amp; WUWM Asien-Pazifik Regionalgruppen-Leiter<\/h4>\n<h5 class=\"location\" style=\"text-align: center;\">Peking, China<\/h5>\n<p>[\/vc_column_text][vc_icon icon_fontawesome=&#8221;far fa-envelope&#8221; color=&#8221;black&#8221; align=&#8221;center&#8221; css=&#8221;.vc_custom_1747177080978{margin-top: -30px !important;}&#8221; link=&#8221;url:mailto%3Az.ma%40wuwm.org|target:_blank|rel:nofollow|&#8221;][\/vc_column_inner][\/vc_row_inner][vc_row_inner equal_height=&#8221;yes&#8221; gap=&#8221;15&#8243; el_class=&#8221;blocdirector&#8221;][vc_column_inner width=&#8221;1\/4&#8243;][vc_single_image image=&#8221;7900&#8243; img_size=&#8221;large&#8221; alignment=&#8221;center&#8221; css=&#8221;&#8221;][vc_column_text css=&#8221;&#8221;]<\/p>\n<h3 class=\"name\" style=\"text-align: center;\">Laurent Nys<\/h3>\n<h4 class=\"description\" style=\"text-align: center;\">Direktor &amp; WUWM Europ\u00e4ische Gruppenleiter<\/h4>\n<h5 class=\"location\" style=\"text-align: center;\">Br\u00fcssel, Belgien<\/h5>\n<p>[\/vc_column_text][vc_icon icon_fontawesome=&#8221;far fa-envelope&#8221; color=&#8221;black&#8221; align=&#8221;center&#8221; css=&#8221;.vc_custom_1747177117119{margin-top: -30px !important;}&#8221; link=&#8221;url:mailto%3Af.pallottini%40wuwm.org|target:_blank|rel:nofollow|&#8221;][\/vc_column_inner][vc_column_inner width=&#8221;1\/4&#8243;][vc_single_image image=&#8221;7828&#8243; img_size=&#8221;large&#8221; alignment=&#8221;center&#8221; css=&#8221;&#8221;][vc_column_text css=&#8221;&#8221;]<\/p>\n<h3 class=\"name\" style=\"text-align: center;\">Arturo Salvador Fern\u00e1ndez Mart\u00ednez<\/h3>\n<h4 class=\"description\" style=\"text-align: center;\">Direktor &amp; WUWM Amerika Regionalgruppen-Leiter<\/h4>\n<h5 class=\"location\" style=\"text-align: center;\">Mexiko-Stadt, Mexiko<\/h5>\n<p>[\/vc_column_text][vc_icon icon_fontawesome=&#8221;far fa-envelope&#8221; color=&#8221;black&#8221; align=&#8221;center&#8221; css=&#8221;.vc_custom_1747177152131{margin-top: -30px !important;}&#8221; link=&#8221;url:mailto%3Aa.fernandez%40wuwm.org|target:_blank|rel:nofollow|&#8221;][\/vc_column_inner][vc_column_inner width=&#8221;1\/4&#8243;][vc_single_image image=&#8221;7829&#8243; img_size=&#8221;large&#8221; alignment=&#8221;center&#8221; css=&#8221;&#8221;][vc_column_text css=&#8221;&#8221;]<\/p>\n<h3 class=\"name\" style=\"text-align: center;\">Eva Marone<\/h3>\n<h4 class=\"description\" style=\"text-align: center;\">Direktor &amp; WUWM Afrika Regionalgruppen-Leiterin<\/h4>\n<h5 class=\"location\" style=\"text-align: center;\">Abidjan, Elfenbeink\u00fcste<\/h5>\n<p>[\/vc_column_text][vc_icon icon_fontawesome=&#8221;far fa-envelope&#8221; color=&#8221;black&#8221; align=&#8221;center&#8221; css=&#8221;.vc_custom_1747177182274{margin-top: -30px !important;}&#8221; link=&#8221;url:mailto%3Ae.marone%40wuwm.org|target:_blank|rel:nofollow|&#8221;][\/vc_column_inner][vc_column_inner width=&#8221;1\/4&#8243;][vc_single_image image=&#8221;7830&#8243; img_size=&#8221;large&#8221; alignment=&#8221;center&#8221; css=&#8221;&#8221;][vc_column_text css=&#8221;&#8221;]<\/p>\n<h3 class=\"name\" style=\"text-align: center;\">Jean-Paul Auguste<\/h3>\n<h4 class=\"description\" style=\"text-align: center;\">Direktor &amp; WUWM Einzelhandelsm\u00e4rkte Gruppenleiter<\/h4>\n<h5 class=\"location\" style=\"text-align: center;\">Livry-Gargan Paris, Frankreich<\/h5>\n<p>[\/vc_column_text][vc_icon icon_fontawesome=&#8221;far fa-envelope&#8221; color=&#8221;black&#8221; align=&#8221;center&#8221; css=&#8221;.vc_custom_1747177222785{margin-top: -30px !important;}&#8221; link=&#8221;url:mailto%3Ajp.auguste%40wuwm.org|target:_blank|rel:nofollow|&#8221;][\/vc_column_inner][\/vc_row_inner][vc_row_inner equal_height=&#8221;yes&#8221; gap=&#8221;15&#8243; el_class=&#8221;blocdirector&#8221;][vc_column_inner width=&#8221;1\/4&#8243;][vc_single_image image=&#8221;7831&#8243; img_size=&#8221;large&#8221; alignment=&#8221;center&#8221; css=&#8221;&#8221;][vc_column_text css=&#8221;&#8221;]<\/p>\n<h3 class=\"name\" style=\"text-align: center;\">Raul Giboudot<\/h3>\n<h4 class=\"description\" style=\"text-align: center;\">Direktor<\/h4>\n<h5 class=\"location\" style=\"text-align: center;\">Buenos Aires, Argentinien<\/h5>\n<p>[\/vc_column_text][vc_icon icon_fontawesome=&#8221;far fa-envelope&#8221; color=&#8221;black&#8221; align=&#8221;center&#8221; css=&#8221;.vc_custom_1747177254794{margin-top: -30px !important;}&#8221; link=&#8221;url:mailto%3Alaurent.nys%40mabru.be|target:_blank|rel:nofollow|&#8221;][\/vc_column_inner][vc_column_inner width=&#8221;1\/4&#8243;][vc_single_image image=&#8221;7832&#8243; img_size=&#8221;large&#8221; alignment=&#8221;center&#8221; css=&#8221;&#8221;][vc_column_text css=&#8221;&#8221;]<\/p>\n<h3 class=\"name\" style=\"text-align: center;\">Natasa Putnik<\/h3>\n<h4 class=\"description\" style=\"text-align: center;\">Direktor<\/h4>\n<h5 class=\"location\" style=\"text-align: center;\">Belgrad, Serbien<\/h5>\n<p>[\/vc_column_text][\/vc_column_inner][vc_column_inner width=&#8221;1\/4&#8243;][vc_single_image image=&#8221;7833&#8243; img_size=&#8221;large&#8221; alignment=&#8221;center&#8221; css=&#8221;&#8221;][vc_column_text css=&#8221;&#8221;]<\/p>\n<h3 class=\"name\" style=\"text-align: center;\">Dr. Jagvir Singh Yadav<\/h3>\n<h4 class=\"description\" style=\"text-align: center;\">Direktor<\/h4>\n<h5 class=\"location\" style=\"text-align: center;\">Neu-Delhi, Indien<\/h5>\n<p>[\/vc_column_text][vc_icon icon_fontawesome=&#8221;far fa-envelope&#8221; color=&#8221;black&#8221; align=&#8221;center&#8221; css=&#8221;.vc_custom_1747177328562{margin-top: -30px !important;}&#8221; link=&#8221;url:mailto%3Aj.yadav%40wuwm.org|target:_blank|rel:nofollow|&#8221;][\/vc_column_inner][vc_column_inner width=&#8221;1\/4&#8243;][vc_single_image image=&#8221;7834&#8243; img_size=&#8221;large&#8221; alignment=&#8221;center&#8221; css=&#8221;&#8221;][vc_column_text css=&#8221;&#8221;]<\/p>\n<h3 class=\"name\" style=\"text-align: center;\">Eliane Steinmeyer<\/h3>\n<h4 class=\"description\" style=\"text-align: center;\">Direktor<\/h4>\n<h5 class=\"location\" style=\"text-align: center;\">Hamburg, Deutschland<\/h5>\n<p>[\/vc_column_text][vc_icon icon_fontawesome=&#8221;far fa-envelope&#8221; color=&#8221;black&#8221; align=&#8221;center&#8221; css=&#8221;.vc_custom_1747177360042{margin-top: -30px !important;}&#8221; link=&#8221;url:mailto%3Ae.steinmeyer%40wuwm.org|target:_blank|rel:nofollow|&#8221;][\/vc_column_inner][\/vc_row_inner][\/vc_column][\/vc_row]<\/p>\n<\/div>","protected":false},"excerpt":{"rendered":"<p>[vc_row full_width=&#8221;stretch_row&#8221; gap=&#8221;35&#8243; equal_height=&#8221;yes&#8221; content_placement=&#8221;middle&#8221; css=&#8221;.vc_custom_1746755761451{margin-top: 0px !important;margin-bottom: 0px !important;padding-top: 70px !important;padding-bottom: 10px !important;background-color: #FFFFFF !important;}&#8221;][vc_column width=&#8221;1\/2&#8243;][vc_single_image image=&#8221;7824&#8243; img_size=&#8221;full&#8221; css=&#8221;&#8221;][\/vc_column][vc_column width=&#8221;1\/2&#8243;][vc_column_text css=&#8221;&#8221; el_class=&#8221;citation&#8221;] Als Zusammenschluss&hellip;<\/p>\n","protected":false},"author":7,"featured_media":6553,"parent":0,"menu_order":0,"comment_status":"closed","ping_status":"closed","template":"","meta":{"_acf_changed":false,"inline_featured_image":false,"footnotes":""},"class_list":["post-6551","page","type-page","status-publish","has-post-thumbnail","hentry"],"acf":[],"yoast_head":"<!-- This site is optimized with the Yoast SEO plugin v27.0 - https:\/\/yoast.com\/product\/yoast-seo-wordpress\/ -->\n<title>Aufsichtsrat - WUWM<\/title>\n<meta name=\"robots\" content=\"index, follow, max-snippet:-1, max-image-preview:large, max-video-preview:-1\" \/>\n<link rel=\"canonical\" href=\"https:\/\/wuwm.org\/de\/aufsichtsrat\/\" \/>\n<meta property=\"og:locale\" content=\"de_DE\" \/>\n<meta property=\"og:type\" content=\"article\" \/>\n<meta property=\"og:title\" content=\"Aufsichtsrat - WUWM\" \/>\n<meta property=\"og:description\" content=\"[vc_row full_width=&#8221;stretch_row&#8221; gap=&#8221;35&#8243; equal_height=&#8221;yes&#8221; content_placement=&#8221;middle&#8221; css=&#8221;.vc_custom_1746755761451{margin-top: 0px !important;margin-bottom: 0px !important;padding-top: 70px !important;padding-bottom: 10px !important;background-color: #FFFFFF !important;}&#8221;][vc_column width=&#8221;1\/2&#8243;][vc_single_image image=&#8221;7824&#8243; img_size=&#8221;full&#8221; css=&#8221;&#8221;][\/vc_column][vc_column width=&#8221;1\/2&#8243;][vc_column_text css=&#8221;&#8221; el_class=&#8221;citation&#8221;] Als Zusammenschluss&hellip;\" \/>\n<meta property=\"og:url\" content=\"https:\/\/wuwm.org\/de\/aufsichtsrat\/\" \/>\n<meta property=\"og:site_name\" content=\"WUWM\" \/>\n<meta property=\"article:modified_time\" content=\"2025-11-13T16:12:22+00:00\" \/>\n<meta property=\"og:image\" content=\"https:\/\/wuwm.org\/wp-content\/uploads\/2022\/02\/february-image.jpg\" \/>\n\t<meta property=\"og:image:width\" content=\"640\" \/>\n\t<meta property=\"og:image:height\" content=\"427\" \/>\n\t<meta property=\"og:image:type\" content=\"image\/jpeg\" \/>\n<meta name=\"twitter:card\" content=\"summary_large_image\" \/>\n<meta name=\"twitter:label1\" content=\"Gesch\u00e4tzte Lesezeit\" \/>\n\t<meta name=\"twitter:data1\" content=\"4\u00a0Minuten\" \/>\n<script type=\"application\/ld+json\" class=\"yoast-schema-graph\">{\"@context\":\"https:\/\/schema.org\",\"@graph\":[{\"@type\":\"WebPage\",\"@id\":\"https:\/\/wuwm.org\/de\/aufsichtsrat\/\",\"url\":\"https:\/\/wuwm.org\/de\/aufsichtsrat\/\",\"name\":\"Aufsichtsrat - WUWM\",\"isPartOf\":{\"@id\":\"https:\/\/wuwm.org\/de\/#website\"},\"primaryImageOfPage\":{\"@id\":\"https:\/\/wuwm.org\/de\/aufsichtsrat\/#primaryimage\"},\"image\":{\"@id\":\"https:\/\/wuwm.org\/de\/aufsichtsrat\/#primaryimage\"},\"thumbnailUrl\":\"https:\/\/wuwm.org\/wp-content\/uploads\/2022\/02\/february-image.jpg\",\"datePublished\":\"2025-04-29T10:24:57+00:00\",\"dateModified\":\"2025-11-13T16:12:22+00:00\",\"breadcrumb\":{\"@id\":\"https:\/\/wuwm.org\/de\/aufsichtsrat\/#breadcrumb\"},\"inLanguage\":\"de\",\"potentialAction\":[{\"@type\":\"ReadAction\",\"target\":[\"https:\/\/wuwm.org\/de\/aufsichtsrat\/\"]}]},{\"@type\":\"ImageObject\",\"inLanguage\":\"de\",\"@id\":\"https:\/\/wuwm.org\/de\/aufsichtsrat\/#primaryimage\",\"url\":\"https:\/\/wuwm.org\/wp-content\/uploads\/2022\/02\/february-image.jpg\",\"contentUrl\":\"https:\/\/wuwm.org\/wp-content\/uploads\/2022\/02\/february-image.jpg\",\"width\":5472,\"height\":3648},{\"@type\":\"BreadcrumbList\",\"@id\":\"https:\/\/wuwm.org\/de\/aufsichtsrat\/#breadcrumb\",\"itemListElement\":[{\"@type\":\"ListItem\",\"position\":1,\"name\":\"Home\",\"item\":\"https:\/\/wuwm.org\/de\/startseite\/\"},{\"@type\":\"ListItem\",\"position\":2,\"name\":\"Aufsichtsrat\"}]},{\"@type\":\"WebSite\",\"@id\":\"https:\/\/wuwm.org\/de\/#website\",\"url\":\"https:\/\/wuwm.org\/de\/\",\"name\":\"WUWM\",\"description\":\"World Union of Wholesale Markets\",\"publisher\":{\"@id\":\"https:\/\/wuwm.org\/de\/#organization\"},\"potentialAction\":[{\"@type\":\"SearchAction\",\"target\":{\"@type\":\"EntryPoint\",\"urlTemplate\":\"https:\/\/wuwm.org\/de\/?s={search_term_string}\"},\"query-input\":{\"@type\":\"PropertyValueSpecification\",\"valueRequired\":true,\"valueName\":\"search_term_string\"}}],\"inLanguage\":\"de\"},{\"@type\":\"Organization\",\"@id\":\"https:\/\/wuwm.org\/de\/#organization\",\"name\":\"WUWM\",\"url\":\"https:\/\/wuwm.org\/de\/\",\"logo\":{\"@type\":\"ImageObject\",\"inLanguage\":\"de\",\"@id\":\"https:\/\/wuwm.org\/de\/#\/schema\/logo\/image\/\",\"url\":\"https:\/\/wuwm.org\/wp-content\/uploads\/2020\/06\/13_807x536_v2.jpg\",\"contentUrl\":\"https:\/\/wuwm.org\/wp-content\/uploads\/2020\/06\/13_807x536_v2.jpg\",\"width\":807,\"height\":536,\"caption\":\"WUWM\"},\"image\":{\"@id\":\"https:\/\/wuwm.org\/de\/#\/schema\/logo\/image\/\"}}]}<\/script>\n<!-- \/ Yoast SEO plugin. -->","yoast_head_json":{"title":"Aufsichtsrat - WUWM","robots":{"index":"index","follow":"follow","max-snippet":"max-snippet:-1","max-image-preview":"max-image-preview:large","max-video-preview":"max-video-preview:-1"},"canonical":"https:\/\/wuwm.org\/de\/aufsichtsrat\/","og_locale":"de_DE","og_type":"article","og_title":"Aufsichtsrat - WUWM","og_description":"[vc_row full_width=&#8221;stretch_row&#8221; gap=&#8221;35&#8243; equal_height=&#8221;yes&#8221; content_placement=&#8221;middle&#8221; css=&#8221;.vc_custom_1746755761451{margin-top: 0px !important;margin-bottom: 0px !important;padding-top: 70px !important;padding-bottom: 10px !important;background-color: #FFFFFF !important;}&#8221;][vc_column width=&#8221;1\/2&#8243;][vc_single_image image=&#8221;7824&#8243; img_size=&#8221;full&#8221; css=&#8221;&#8221;][\/vc_column][vc_column width=&#8221;1\/2&#8243;][vc_column_text css=&#8221;&#8221; el_class=&#8221;citation&#8221;] Als Zusammenschluss&hellip;","og_url":"https:\/\/wuwm.org\/de\/aufsichtsrat\/","og_site_name":"WUWM","article_modified_time":"2025-11-13T16:12:22+00:00","og_image":[{"url":"https:\/\/wuwm.org\/wp-content\/uploads\/2022\/02\/february-image.jpg","width":640,"height":427,"type":"image\/jpeg"}],"twitter_card":"summary_large_image","twitter_misc":{"Gesch\u00e4tzte Lesezeit":"4\u00a0Minuten"},"schema":{"@context":"https:\/\/schema.org","@graph":[{"@type":"WebPage","@id":"https:\/\/wuwm.org\/de\/aufsichtsrat\/","url":"https:\/\/wuwm.org\/de\/aufsichtsrat\/","name":"Aufsichtsrat - WUWM","isPartOf":{"@id":"https:\/\/wuwm.org\/de\/#website"},"primaryImageOfPage":{"@id":"https:\/\/wuwm.org\/de\/aufsichtsrat\/#primaryimage"},"image":{"@id":"https:\/\/wuwm.org\/de\/aufsichtsrat\/#primaryimage"},"thumbnailUrl":"https:\/\/wuwm.org\/wp-content\/uploads\/2022\/02\/february-image.jpg","datePublished":"2025-04-29T10:24:57+00:00","dateModified":"2025-11-13T16:12:22+00:00","breadcrumb":{"@id":"https:\/\/wuwm.org\/de\/aufsichtsrat\/#breadcrumb"},"inLanguage":"de","potentialAction":[{"@type":"ReadAction","target":["https:\/\/wuwm.org\/de\/aufsichtsrat\/"]}]},{"@type":"ImageObject","inLanguage":"de","@id":"https:\/\/wuwm.org\/de\/aufsichtsrat\/#primaryimage","url":"https:\/\/wuwm.org\/wp-content\/uploads\/2022\/02\/february-image.jpg","contentUrl":"https:\/\/wuwm.org\/wp-content\/uploads\/2022\/02\/february-image.jpg","width":5472,"height":3648},{"@type":"BreadcrumbList","@id":"https:\/\/wuwm.org\/de\/aufsichtsrat\/#breadcrumb","itemListElement":[{"@type":"ListItem","position":1,"name":"Home","item":"https:\/\/wuwm.org\/de\/startseite\/"},{"@type":"ListItem","position":2,"name":"Aufsichtsrat"}]},{"@type":"WebSite","@id":"https:\/\/wuwm.org\/de\/#website","url":"https:\/\/wuwm.org\/de\/","name":"WUWM","description":"World Union of Wholesale Markets","publisher":{"@id":"https:\/\/wuwm.org\/de\/#organization"},"potentialAction":[{"@type":"SearchAction","target":{"@type":"EntryPoint","urlTemplate":"https:\/\/wuwm.org\/de\/?s={search_term_string}"},"query-input":{"@type":"PropertyValueSpecification","valueRequired":true,"valueName":"search_term_string"}}],"inLanguage":"de"},{"@type":"Organization","@id":"https:\/\/wuwm.org\/de\/#organization","name":"WUWM","url":"https:\/\/wuwm.org\/de\/","logo":{"@type":"ImageObject","inLanguage":"de","@id":"https:\/\/wuwm.org\/de\/#\/schema\/logo\/image\/","url":"https:\/\/wuwm.org\/wp-content\/uploads\/2020\/06\/13_807x536_v2.jpg","contentUrl":"https:\/\/wuwm.org\/wp-content\/uploads\/2020\/06\/13_807x536_v2.jpg","width":807,"height":536,"caption":"WUWM"},"image":{"@id":"https:\/\/wuwm.org\/de\/#\/schema\/logo\/image\/"}}]}},"_links":{"self":[{"href":"https:\/\/wuwm.org\/de\/wp-json\/wp\/v2\/pages\/6551","targetHints":{"allow":["GET"]}}],"collection":[{"href":"https:\/\/wuwm.org\/de\/wp-json\/wp\/v2\/pages"}],"about":[{"href":"https:\/\/wuwm.org\/de\/wp-json\/wp\/v2\/types\/page"}],"author":[{"embeddable":true,"href":"https:\/\/wuwm.org\/de\/wp-json\/wp\/v2\/users\/7"}],"replies":[{"embeddable":true,"href":"https:\/\/wuwm.org\/de\/wp-json\/wp\/v2\/comments?post=6551"}],"version-history":[{"count":11,"href":"https:\/\/wuwm.org\/de\/wp-json\/wp\/v2\/pages\/6551\/revisions"}],"predecessor-version":[{"id":7912,"href":"https:\/\/wuwm.org\/de\/wp-json\/wp\/v2\/pages\/6551\/revisions\/7912"}],"wp:featuredmedia":[{"embeddable":true,"href":"https:\/\/wuwm.org\/de\/wp-json\/wp\/v2\/media\/6553"}],"wp:attachment":[{"href":"https:\/\/wuwm.org\/de\/wp-json\/wp\/v2\/media?parent=6551"}],"curies":[{"name":"wp","href":"https:\/\/api.w.org\/{rel}","templated":true}]}}