{"id":6575,"date":"2025-05-06T15:53:26","date_gmt":"2025-05-06T13:53:26","guid":{"rendered":"https:\/\/wuwm.org\/geschaeftsbedingungen\/"},"modified":"2025-06-25T15:52:00","modified_gmt":"2025-06-25T13:52:00","slug":"geschaeftsbedingungen","status":"publish","type":"page","link":"https:\/\/wuwm.org\/de\/geschaeftsbedingungen\/","title":{"rendered":"Gesch\u00e4ftsbedingungen"},"content":{"rendered":"<div class=\"wpb-content-wrapper\"><p>[vc_row][vc_column][vc_column_text css=&#8221;&#8221;]<\/p>\n<h1 style=\"text-align: center;\">Gesch\u00e4ftsbedingungen<\/h1>\n<p>[\/vc_column_text][\/vc_column][\/vc_row][vc_row][vc_column][vc_column_text]<\/p>\n<p class=\"x_MsoNormal\"><strong><span lang=\"EN\">Name der Vereinigung:<\/span><\/strong><\/p>\n<p class=\"x_MsoNormal\">Union Mondiale des March\u00e9s de Gros \/ World Union of Wholesale Markets<\/p>\n<p class=\"x_MsoNormal\"><strong><span lang=\"EN\">Rechtsform:<\/span><\/strong><\/p>\n<p class=\"x_MsoNormal\"><span lang=\"EN\">Vereinigung nach franz\u00f6sischem Recht von 1901<\/span><\/p>\n<p class=\"x_MsoNormal\"><span lang=\"EN\"> <\/span><\/p>\n<p class=\"x_MsoNormal\"><strong>Hauptsitz: <\/strong><\/p>\n<p class=\"x_MsoNormal\"><span lang=\"EN\">1 rue de la Tour,<\/span><\/p>\n<p class=\"x_MsoNormal\"><span lang=\"EN\">94150 RUNGIS CEDEX,<\/span><\/p>\n<p class=\"x_MsoNormal\"><span lang=\"EN\">Frankreich<\/span><\/p>\n<p class=\"x_MsoNormal\"><span lang=\"EN\"> <\/span><\/p>\n<p class=\"x_MsoNormal\"><strong><span lang=\"EN\">Registrierungsnummer:<\/span><\/strong><\/p>\n<p class=\"x_MsoNormal\">W943011422<\/p>\n<p class=\"x_MsoNormal\"><span lang=\"EN\"> <\/span><\/p>\n<p class=\"x_MsoNormal\"><strong><span lang=\"EN\">Verantwortlicher f\u00fcr die Ver\u00f6ffentlichung:<\/span><\/strong><\/p>\n<p class=\"x_MsoNormal\"><span lang=\"EN\">Val\u00e9rie Vion (Generalsekret\u00e4rin)<\/span><\/p>\n<p class=\"x_MsoNormal\"><span lang=\"EN\">E-Mail: <\/span><span lang=\"EN\">v.vion@wuwm.org<\/span><\/p>\n<p class=\"x_MsoNormal\"><span lang=\"EN\">Telefon: <\/span><span lang=\"EN\">+33 7 66 67 29 16<\/span><\/p>\n<p class=\"x_MsoNormal\"><span lang=\"EN\"> <\/span><\/p>\n<p class=\"x_MsoNormal\"><strong><span lang=\"EN\">Hosting-Anbieter:<\/span><\/strong><\/p>\n<p class=\"x_MsoNormal\"><span lang=\"EN\">OVH, 2 Rue Kellermann, 59100 Roubaix, Frankreich<\/span><\/p>\n<p class=\"x_MsoNormal\"><span lang=\"EN\">Telefonnummer des Hosting-Anbieters: +33 9 72 10 10 07<\/span><\/p>\n<p class=\"x_MsoNormal\"><span lang=\"EN\"> <\/span><\/p>\n<p class=\"x_MsoNormal\"><strong><span lang=\"EN\">Geistiges Eigentum:<\/span><\/strong><\/p>\n<p class=\"x_MsoNormal\"><span lang=\"EN\">S\u00e4mtliche Inhalte auf dieser Website sind, sofern nicht anders angegeben, Eigentum der World Union of Wholesale Markets (WUWM). Sie sind urheberrechtlich gesch\u00fctzt und d\u00fcrfen ohne Genehmigung nicht verwendet werden. <\/span><\/p>\n<p class=\"x_MsoNormal\"><span lang=\"EN\"> <\/span><\/p>\n<p class=\"x_MsoNormal\"><strong><span lang=\"EN\">Datenschutzerkl\u00e4rung:<\/span><\/strong><\/p>\n<p class=\"x_MsoNormal\"><span lang=\"EN\">Die Vereinigung erhebt bestimmte personenbezogene Daten. Sie haben das Recht auf Auskunft, Berichtigung oder L\u00f6schung Ihrer Daten gem\u00e4\u00df der Datenschutz-Grundverordnung (DSGVO), indem Sie sich an  <\/span><span lang=\"EN\"><a href=\"mailto:info@wuwm.org\" target=\"_blank\" rel=\"noopener noreferrer\">info@wuwm.org<\/a><\/span><\/p>\n<p>[\/vc_column_text][\/vc_column][\/vc_row]<\/p>\n<\/div>","protected":false},"excerpt":{"rendered":"<p>[vc_row][vc_column][vc_column_text css=&#8221;&#8221;] Gesch\u00e4ftsbedingungen [\/vc_column_text][\/vc_column][\/vc_row][vc_row][vc_column][vc_column_text] Name der Vereinigung: Union Mondiale des March\u00e9s de Gros \/ World Union of Wholesale Markets Rechtsform: Vereinigung nach franz\u00f6sischem Recht von&hellip;<\/p>\n","protected":false},"author":7,"featured_media":0,"parent":0,"menu_order":0,"comment_status":"closed","ping_status":"closed","template":"","meta":{"_acf_changed":false,"inline_featured_image":false,"footnotes":""},"class_list":["post-6575","page","type-page","status-publish","hentry"],"acf":[],"yoast_head":"<!-- This site is optimized with the Yoast SEO plugin v27.0 - https:\/\/yoast.com\/product\/yoast-seo-wordpress\/ -->\n<title>Gesch\u00e4ftsbedingungen - WUWM<\/title>\n<meta name=\"robots\" content=\"index, follow, max-snippet:-1, max-image-preview:large, max-video-preview:-1\" \/>\n<link rel=\"canonical\" href=\"https:\/\/wuwm.org\/de\/geschaeftsbedingungen\/\" \/>\n<meta property=\"og:locale\" content=\"de_DE\" \/>\n<meta property=\"og:type\" content=\"article\" \/>\n<meta property=\"og:title\" content=\"Gesch\u00e4ftsbedingungen - WUWM\" \/>\n<meta property=\"og:description\" content=\"[vc_row][vc_column][vc_column_text css=&#8221;&#8221;] Gesch\u00e4ftsbedingungen [\/vc_column_text][\/vc_column][\/vc_row][vc_row][vc_column][vc_column_text] Name der Vereinigung: Union Mondiale des March\u00e9s de Gros \/ World Union of Wholesale Markets Rechtsform: Vereinigung nach franz\u00f6sischem Recht von&hellip;\" \/>\n<meta property=\"og:url\" content=\"https:\/\/wuwm.org\/de\/geschaeftsbedingungen\/\" \/>\n<meta property=\"og:site_name\" content=\"WUWM\" \/>\n<meta property=\"article:modified_time\" content=\"2025-06-25T13:52:00+00:00\" \/>\n<meta property=\"og:image\" content=\"https:\/\/wuwm.org\/wp-content\/uploads\/2020\/06\/13_807x536_v2.jpg\" \/>\n\t<meta property=\"og:image:width\" content=\"807\" \/>\n\t<meta property=\"og:image:height\" content=\"536\" \/>\n\t<meta property=\"og:image:type\" content=\"image\/jpeg\" \/>\n<meta name=\"twitter:card\" content=\"summary_large_image\" \/>\n<meta name=\"twitter:label1\" content=\"Gesch\u00e4tzte Lesezeit\" \/>\n\t<meta name=\"twitter:data1\" content=\"1\u00a0Minute\" \/>\n<script type=\"application\/ld+json\" class=\"yoast-schema-graph\">{\"@context\":\"https:\/\/schema.org\",\"@graph\":[{\"@type\":\"WebPage\",\"@id\":\"https:\/\/wuwm.org\/de\/geschaeftsbedingungen\/\",\"url\":\"https:\/\/wuwm.org\/de\/geschaeftsbedingungen\/\",\"name\":\"Gesch\u00e4ftsbedingungen - WUWM\",\"isPartOf\":{\"@id\":\"https:\/\/wuwm.org\/de\/#website\"},\"datePublished\":\"2025-05-06T13:53:26+00:00\",\"dateModified\":\"2025-06-25T13:52:00+00:00\",\"breadcrumb\":{\"@id\":\"https:\/\/wuwm.org\/de\/geschaeftsbedingungen\/#breadcrumb\"},\"inLanguage\":\"de\",\"potentialAction\":[{\"@type\":\"ReadAction\",\"target\":[\"https:\/\/wuwm.org\/de\/geschaeftsbedingungen\/\"]}]},{\"@type\":\"BreadcrumbList\",\"@id\":\"https:\/\/wuwm.org\/de\/geschaeftsbedingungen\/#breadcrumb\",\"itemListElement\":[{\"@type\":\"ListItem\",\"position\":1,\"name\":\"Home\",\"item\":\"https:\/\/wuwm.org\/de\/startseite\/\"},{\"@type\":\"ListItem\",\"position\":2,\"name\":\"Gesch\u00e4ftsbedingungen\"}]},{\"@type\":\"WebSite\",\"@id\":\"https:\/\/wuwm.org\/de\/#website\",\"url\":\"https:\/\/wuwm.org\/de\/\",\"name\":\"WUWM\",\"description\":\"World Union of Wholesale Markets\",\"publisher\":{\"@id\":\"https:\/\/wuwm.org\/de\/#organization\"},\"potentialAction\":[{\"@type\":\"SearchAction\",\"target\":{\"@type\":\"EntryPoint\",\"urlTemplate\":\"https:\/\/wuwm.org\/de\/?s={search_term_string}\"},\"query-input\":{\"@type\":\"PropertyValueSpecification\",\"valueRequired\":true,\"valueName\":\"search_term_string\"}}],\"inLanguage\":\"de\"},{\"@type\":\"Organization\",\"@id\":\"https:\/\/wuwm.org\/de\/#organization\",\"name\":\"WUWM\",\"url\":\"https:\/\/wuwm.org\/de\/\",\"logo\":{\"@type\":\"ImageObject\",\"inLanguage\":\"de\",\"@id\":\"https:\/\/wuwm.org\/de\/#\/schema\/logo\/image\/\",\"url\":\"https:\/\/wuwm.org\/wp-content\/uploads\/2020\/06\/13_807x536_v2.jpg\",\"contentUrl\":\"https:\/\/wuwm.org\/wp-content\/uploads\/2020\/06\/13_807x536_v2.jpg\",\"width\":807,\"height\":536,\"caption\":\"WUWM\"},\"image\":{\"@id\":\"https:\/\/wuwm.org\/de\/#\/schema\/logo\/image\/\"}}]}<\/script>\n<!-- \/ Yoast SEO plugin. -->","yoast_head_json":{"title":"Gesch\u00e4ftsbedingungen - WUWM","robots":{"index":"index","follow":"follow","max-snippet":"max-snippet:-1","max-image-preview":"max-image-preview:large","max-video-preview":"max-video-preview:-1"},"canonical":"https:\/\/wuwm.org\/de\/geschaeftsbedingungen\/","og_locale":"de_DE","og_type":"article","og_title":"Gesch\u00e4ftsbedingungen - WUWM","og_description":"[vc_row][vc_column][vc_column_text css=&#8221;&#8221;] Gesch\u00e4ftsbedingungen [\/vc_column_text][\/vc_column][\/vc_row][vc_row][vc_column][vc_column_text] Name der Vereinigung: Union Mondiale des March\u00e9s de Gros \/ World Union of Wholesale Markets Rechtsform: Vereinigung nach franz\u00f6sischem Recht von&hellip;","og_url":"https:\/\/wuwm.org\/de\/geschaeftsbedingungen\/","og_site_name":"WUWM","article_modified_time":"2025-06-25T13:52:00+00:00","og_image":[{"width":807,"height":536,"url":"https:\/\/wuwm.org\/wp-content\/uploads\/2020\/06\/13_807x536_v2.jpg","type":"image\/jpeg"}],"twitter_card":"summary_large_image","twitter_misc":{"Gesch\u00e4tzte Lesezeit":"1\u00a0Minute"},"schema":{"@context":"https:\/\/schema.org","@graph":[{"@type":"WebPage","@id":"https:\/\/wuwm.org\/de\/geschaeftsbedingungen\/","url":"https:\/\/wuwm.org\/de\/geschaeftsbedingungen\/","name":"Gesch\u00e4ftsbedingungen - WUWM","isPartOf":{"@id":"https:\/\/wuwm.org\/de\/#website"},"datePublished":"2025-05-06T13:53:26+00:00","dateModified":"2025-06-25T13:52:00+00:00","breadcrumb":{"@id":"https:\/\/wuwm.org\/de\/geschaeftsbedingungen\/#breadcrumb"},"inLanguage":"de","potentialAction":[{"@type":"ReadAction","target":["https:\/\/wuwm.org\/de\/geschaeftsbedingungen\/"]}]},{"@type":"BreadcrumbList","@id":"https:\/\/wuwm.org\/de\/geschaeftsbedingungen\/#breadcrumb","itemListElement":[{"@type":"ListItem","position":1,"name":"Home","item":"https:\/\/wuwm.org\/de\/startseite\/"},{"@type":"ListItem","position":2,"name":"Gesch\u00e4ftsbedingungen"}]},{"@type":"WebSite","@id":"https:\/\/wuwm.org\/de\/#website","url":"https:\/\/wuwm.org\/de\/","name":"WUWM","description":"World Union of Wholesale Markets","publisher":{"@id":"https:\/\/wuwm.org\/de\/#organization"},"potentialAction":[{"@type":"SearchAction","target":{"@type":"EntryPoint","urlTemplate":"https:\/\/wuwm.org\/de\/?s={search_term_string}"},"query-input":{"@type":"PropertyValueSpecification","valueRequired":true,"valueName":"search_term_string"}}],"inLanguage":"de"},{"@type":"Organization","@id":"https:\/\/wuwm.org\/de\/#organization","name":"WUWM","url":"https:\/\/wuwm.org\/de\/","logo":{"@type":"ImageObject","inLanguage":"de","@id":"https:\/\/wuwm.org\/de\/#\/schema\/logo\/image\/","url":"https:\/\/wuwm.org\/wp-content\/uploads\/2020\/06\/13_807x536_v2.jpg","contentUrl":"https:\/\/wuwm.org\/wp-content\/uploads\/2020\/06\/13_807x536_v2.jpg","width":807,"height":536,"caption":"WUWM"},"image":{"@id":"https:\/\/wuwm.org\/de\/#\/schema\/logo\/image\/"}}]}},"_links":{"self":[{"href":"https:\/\/wuwm.org\/de\/wp-json\/wp\/v2\/pages\/6575","targetHints":{"allow":["GET"]}}],"collection":[{"href":"https:\/\/wuwm.org\/de\/wp-json\/wp\/v2\/pages"}],"about":[{"href":"https:\/\/wuwm.org\/de\/wp-json\/wp\/v2\/types\/page"}],"author":[{"embeddable":true,"href":"https:\/\/wuwm.org\/de\/wp-json\/wp\/v2\/users\/7"}],"replies":[{"embeddable":true,"href":"https:\/\/wuwm.org\/de\/wp-json\/wp\/v2\/comments?post=6575"}],"version-history":[{"count":1,"href":"https:\/\/wuwm.org\/de\/wp-json\/wp\/v2\/pages\/6575\/revisions"}],"predecessor-version":[{"id":6578,"href":"https:\/\/wuwm.org\/de\/wp-json\/wp\/v2\/pages\/6575\/revisions\/6578"}],"wp:attachment":[{"href":"https:\/\/wuwm.org\/de\/wp-json\/wp\/v2\/media?parent=6575"}],"curies":[{"name":"wp","href":"https:\/\/api.w.org\/{rel}","templated":true}]}}