{"id":6300,"date":"2025-05-06T15:53:26","date_gmt":"2025-05-06T13:53:26","guid":{"rendered":"https:\/\/wuwm.org\/terminos-y-condiciones\/"},"modified":"2025-06-11T17:52:28","modified_gmt":"2025-06-11T15:52:28","slug":"terminos-y-condiciones","status":"publish","type":"page","link":"https:\/\/wuwm.org\/es\/terminos-y-condiciones\/","title":{"rendered":"T\u00e9rminos y condiciones"},"content":{"rendered":"<div class=\"wpb-content-wrapper\"><p>[vc_row][vc_column][vc_column_text css=&#8221;&#8221;]<\/p>\n<h1 style=\"text-align: center;\">T\u00e9rminos y condiciones<\/h1>\n<p>[\/vc_column_text][\/vc_column][\/vc_row][vc_row][vc_column][vc_column_text]<\/p>\n<p class=\"x_MsoNormal\"><strong><span lang=\"EN\">Nombre de la asociaci\u00f3n:<\/span><\/strong><\/p>\n<p class=\"x_MsoNormal\">Union Mondiale des March\u00e9s de Gros \/ World Union of Wholesale Markets<\/p>\n<p class=\"x_MsoNormal\"><strong><span lang=\"EN\">Forma jur\u00eddica:<\/span><\/strong><\/p>\n<p class=\"x_MsoNormal\"><span lang=\"EN\">Asociaci\u00f3n bajo la ley francesa de 1901<\/span><\/p>\n<p class=\"x_MsoNormal\"><span lang=\"EN\"> <\/span><\/p>\n<p class=\"x_MsoNormal\"><strong>Sede social: <\/strong><\/p>\n<p class=\"x_MsoNormal\"><span lang=\"EN\">1 rue de la Tour,<\/span><\/p>\n<p class=\"x_MsoNormal\"><span lang=\"EN\">94150 RUNGIS CEDEX,<\/span><\/p>\n<p class=\"x_MsoNormal\"><span lang=\"EN\">Francia<\/span><\/p>\n<p class=\"x_MsoNormal\"><span lang=\"EN\"> <\/span><\/p>\n<p class=\"x_MsoNormal\"><strong><span lang=\"EN\">N\u00famero de registro:<\/span><\/strong><\/p>\n<p class=\"x_MsoNormal\">W943011422<\/p>\n<p class=\"x_MsoNormal\"><span lang=\"EN\"> <\/span><\/p>\n<p class=\"x_MsoNormal\"><strong><span lang=\"EN\">Responsable de la publicaci\u00f3n:<\/span><\/strong><\/p>\n<p class=\"x_MsoNormal\"><span lang=\"EN\">Val\u00e9rie Vion (Secretaria General)<\/span><\/p>\n<p class=\"x_MsoNormal\"><span lang=\"EN\">Correo electr\u00f3nico: <\/span><span lang=\"EN\">v.vion@wuwm.org<\/span><\/p>\n<p class=\"x_MsoNormal\"><span lang=\"EN\">Tel\u00e9fono: <\/span><span lang=\"EN\">+33 7 66 67 29 16<\/span><\/p>\n<p class=\"x_MsoNormal\"><span lang=\"EN\"> <\/span><\/p>\n<p class=\"x_MsoNormal\"><strong><span lang=\"EN\">Proveedor de alojamiento:<\/span><\/strong><\/p>\n<p class=\"x_MsoNormal\"><span lang=\"EN\">OVH, 2 Rue Kellermann, 59100 Roubaix, Francia<\/span><\/p>\n<p class=\"x_MsoNormal\"><span lang=\"EN\">N\u00famero de tel\u00e9fono del proveedor de alojamiento: +33 9 72 10 10 07<\/span><\/p>\n<p class=\"x_MsoNormal\"><span lang=\"EN\"> <\/span><\/p>\n<p class=\"x_MsoNormal\"><strong><span lang=\"EN\">Propiedad intelectual:<\/span><\/strong><\/p>\n<p class=\"x_MsoNormal\"><span lang=\"EN\">Todo el contenido de este sitio es propiedad de la Uni\u00f3n Mundial de Mercados Mayoristas (WUWM), salvo que se indique lo contrario. Est\u00e1 protegido por derechos de autor y no puede ser utilizado sin autorizaci\u00f3n. <\/span><\/p>\n<p class=\"x_MsoNormal\"><span lang=\"EN\"> <\/span><\/p>\n<p class=\"x_MsoNormal\"><strong><span lang=\"EN\">Pol\u00edtica de privacidad:<\/span><\/strong><\/p>\n<p class=\"x_MsoNormal\"><span lang=\"EN\">La asociaci\u00f3n recopila ciertos datos personales. Usted tiene derecho a acceder, modificar o eliminar sus datos, de conformidad con el Reglamento General de Protecci\u00f3n de Datos (RGPD), poni\u00e9ndose en contacto con  <\/span><span lang=\"EN\"><a href=\"mailto:info@wuwm.org\" target=\"_blank\" rel=\"noopener noreferrer\">info@wuwm.org<\/a><\/span><\/p>\n<p>[\/vc_column_text][\/vc_column][\/vc_row]<\/p>\n<\/div>","protected":false},"excerpt":{"rendered":"<p>[vc_row][vc_column][vc_column_text css=&#8221;&#8221;] T\u00e9rminos y condiciones [\/vc_column_text][\/vc_column][\/vc_row][vc_row][vc_column][vc_column_text] Nombre de la asociaci\u00f3n: Union Mondiale des March\u00e9s de Gros \/ World Union of Wholesale Markets Forma jur\u00eddica: Asociaci\u00f3n&hellip;<\/p>\n","protected":false},"author":7,"featured_media":0,"parent":0,"menu_order":0,"comment_status":"closed","ping_status":"closed","template":"","meta":{"_acf_changed":false,"inline_featured_image":false,"footnotes":""},"class_list":["post-6300","page","type-page","status-publish","hentry"],"acf":[],"yoast_head":"<!-- This site is optimized with the Yoast SEO plugin v27.0 - https:\/\/yoast.com\/product\/yoast-seo-wordpress\/ -->\n<title>T\u00e9rminos y condiciones - WUWM<\/title>\n<meta name=\"robots\" content=\"index, follow, max-snippet:-1, max-image-preview:large, max-video-preview:-1\" \/>\n<link rel=\"canonical\" href=\"https:\/\/wuwm.org\/es\/terminos-y-condiciones\/\" \/>\n<meta property=\"og:locale\" content=\"es_ES\" \/>\n<meta property=\"og:type\" content=\"article\" \/>\n<meta property=\"og:title\" content=\"T\u00e9rminos y condiciones - WUWM\" \/>\n<meta property=\"og:description\" content=\"[vc_row][vc_column][vc_column_text css=&#8221;&#8221;] T\u00e9rminos y condiciones [\/vc_column_text][\/vc_column][\/vc_row][vc_row][vc_column][vc_column_text] Nombre de la asociaci\u00f3n: Union Mondiale des March\u00e9s de Gros \/ World Union of Wholesale Markets Forma jur\u00eddica: Asociaci\u00f3n&hellip;\" \/>\n<meta property=\"og:url\" content=\"https:\/\/wuwm.org\/es\/terminos-y-condiciones\/\" \/>\n<meta property=\"og:site_name\" content=\"WUWM\" \/>\n<meta property=\"article:modified_time\" content=\"2025-06-11T15:52:28+00:00\" \/>\n<meta property=\"og:image\" content=\"https:\/\/wuwm.org\/wp-content\/uploads\/2020\/06\/13_807x536_v2.jpg\" \/>\n\t<meta property=\"og:image:width\" content=\"807\" \/>\n\t<meta property=\"og:image:height\" content=\"536\" \/>\n\t<meta property=\"og:image:type\" content=\"image\/jpeg\" \/>\n<meta name=\"twitter:card\" content=\"summary_large_image\" \/>\n<meta name=\"twitter:label1\" content=\"Tiempo de lectura\" \/>\n\t<meta name=\"twitter:data1\" content=\"1 minuto\" \/>\n<script type=\"application\/ld+json\" class=\"yoast-schema-graph\">{\"@context\":\"https:\/\/schema.org\",\"@graph\":[{\"@type\":\"WebPage\",\"@id\":\"https:\/\/wuwm.org\/es\/terminos-y-condiciones\/\",\"url\":\"https:\/\/wuwm.org\/es\/terminos-y-condiciones\/\",\"name\":\"T\u00e9rminos y condiciones - WUWM\",\"isPartOf\":{\"@id\":\"https:\/\/wuwm.org\/es\/#website\"},\"datePublished\":\"2025-05-06T13:53:26+00:00\",\"dateModified\":\"2025-06-11T15:52:28+00:00\",\"breadcrumb\":{\"@id\":\"https:\/\/wuwm.org\/es\/terminos-y-condiciones\/#breadcrumb\"},\"inLanguage\":\"es\",\"potentialAction\":[{\"@type\":\"ReadAction\",\"target\":[\"https:\/\/wuwm.org\/es\/terminos-y-condiciones\/\"]}]},{\"@type\":\"BreadcrumbList\",\"@id\":\"https:\/\/wuwm.org\/es\/terminos-y-condiciones\/#breadcrumb\",\"itemListElement\":[{\"@type\":\"ListItem\",\"position\":1,\"name\":\"Home\",\"item\":\"https:\/\/wuwm.org\/es\/inicio\/\"},{\"@type\":\"ListItem\",\"position\":2,\"name\":\"T\u00e9rminos y condiciones\"}]},{\"@type\":\"WebSite\",\"@id\":\"https:\/\/wuwm.org\/es\/#website\",\"url\":\"https:\/\/wuwm.org\/es\/\",\"name\":\"WUWM\",\"description\":\"World Union of Wholesale Markets\",\"publisher\":{\"@id\":\"https:\/\/wuwm.org\/es\/#organization\"},\"potentialAction\":[{\"@type\":\"SearchAction\",\"target\":{\"@type\":\"EntryPoint\",\"urlTemplate\":\"https:\/\/wuwm.org\/es\/?s={search_term_string}\"},\"query-input\":{\"@type\":\"PropertyValueSpecification\",\"valueRequired\":true,\"valueName\":\"search_term_string\"}}],\"inLanguage\":\"es\"},{\"@type\":\"Organization\",\"@id\":\"https:\/\/wuwm.org\/es\/#organization\",\"name\":\"WUWM\",\"url\":\"https:\/\/wuwm.org\/es\/\",\"logo\":{\"@type\":\"ImageObject\",\"inLanguage\":\"es\",\"@id\":\"https:\/\/wuwm.org\/es\/#\/schema\/logo\/image\/\",\"url\":\"https:\/\/wuwm.org\/wp-content\/uploads\/2020\/06\/13_807x536_v2.jpg\",\"contentUrl\":\"https:\/\/wuwm.org\/wp-content\/uploads\/2020\/06\/13_807x536_v2.jpg\",\"width\":807,\"height\":536,\"caption\":\"WUWM\"},\"image\":{\"@id\":\"https:\/\/wuwm.org\/es\/#\/schema\/logo\/image\/\"}}]}<\/script>\n<!-- \/ Yoast SEO plugin. -->","yoast_head_json":{"title":"T\u00e9rminos y condiciones - WUWM","robots":{"index":"index","follow":"follow","max-snippet":"max-snippet:-1","max-image-preview":"max-image-preview:large","max-video-preview":"max-video-preview:-1"},"canonical":"https:\/\/wuwm.org\/es\/terminos-y-condiciones\/","og_locale":"es_ES","og_type":"article","og_title":"T\u00e9rminos y condiciones - WUWM","og_description":"[vc_row][vc_column][vc_column_text css=&#8221;&#8221;] T\u00e9rminos y condiciones [\/vc_column_text][\/vc_column][\/vc_row][vc_row][vc_column][vc_column_text] Nombre de la asociaci\u00f3n: Union Mondiale des March\u00e9s de Gros \/ World Union of Wholesale Markets Forma jur\u00eddica: Asociaci\u00f3n&hellip;","og_url":"https:\/\/wuwm.org\/es\/terminos-y-condiciones\/","og_site_name":"WUWM","article_modified_time":"2025-06-11T15:52:28+00:00","og_image":[{"width":807,"height":536,"url":"https:\/\/wuwm.org\/wp-content\/uploads\/2020\/06\/13_807x536_v2.jpg","type":"image\/jpeg"}],"twitter_card":"summary_large_image","twitter_misc":{"Tiempo de lectura":"1 minuto"},"schema":{"@context":"https:\/\/schema.org","@graph":[{"@type":"WebPage","@id":"https:\/\/wuwm.org\/es\/terminos-y-condiciones\/","url":"https:\/\/wuwm.org\/es\/terminos-y-condiciones\/","name":"T\u00e9rminos y condiciones - WUWM","isPartOf":{"@id":"https:\/\/wuwm.org\/es\/#website"},"datePublished":"2025-05-06T13:53:26+00:00","dateModified":"2025-06-11T15:52:28+00:00","breadcrumb":{"@id":"https:\/\/wuwm.org\/es\/terminos-y-condiciones\/#breadcrumb"},"inLanguage":"es","potentialAction":[{"@type":"ReadAction","target":["https:\/\/wuwm.org\/es\/terminos-y-condiciones\/"]}]},{"@type":"BreadcrumbList","@id":"https:\/\/wuwm.org\/es\/terminos-y-condiciones\/#breadcrumb","itemListElement":[{"@type":"ListItem","position":1,"name":"Home","item":"https:\/\/wuwm.org\/es\/inicio\/"},{"@type":"ListItem","position":2,"name":"T\u00e9rminos y condiciones"}]},{"@type":"WebSite","@id":"https:\/\/wuwm.org\/es\/#website","url":"https:\/\/wuwm.org\/es\/","name":"WUWM","description":"World Union of Wholesale Markets","publisher":{"@id":"https:\/\/wuwm.org\/es\/#organization"},"potentialAction":[{"@type":"SearchAction","target":{"@type":"EntryPoint","urlTemplate":"https:\/\/wuwm.org\/es\/?s={search_term_string}"},"query-input":{"@type":"PropertyValueSpecification","valueRequired":true,"valueName":"search_term_string"}}],"inLanguage":"es"},{"@type":"Organization","@id":"https:\/\/wuwm.org\/es\/#organization","name":"WUWM","url":"https:\/\/wuwm.org\/es\/","logo":{"@type":"ImageObject","inLanguage":"es","@id":"https:\/\/wuwm.org\/es\/#\/schema\/logo\/image\/","url":"https:\/\/wuwm.org\/wp-content\/uploads\/2020\/06\/13_807x536_v2.jpg","contentUrl":"https:\/\/wuwm.org\/wp-content\/uploads\/2020\/06\/13_807x536_v2.jpg","width":807,"height":536,"caption":"WUWM"},"image":{"@id":"https:\/\/wuwm.org\/es\/#\/schema\/logo\/image\/"}}]}},"_links":{"self":[{"href":"https:\/\/wuwm.org\/es\/wp-json\/wp\/v2\/pages\/6300","targetHints":{"allow":["GET"]}}],"collection":[{"href":"https:\/\/wuwm.org\/es\/wp-json\/wp\/v2\/pages"}],"about":[{"href":"https:\/\/wuwm.org\/es\/wp-json\/wp\/v2\/types\/page"}],"author":[{"embeddable":true,"href":"https:\/\/wuwm.org\/es\/wp-json\/wp\/v2\/users\/7"}],"replies":[{"embeddable":true,"href":"https:\/\/wuwm.org\/es\/wp-json\/wp\/v2\/comments?post=6300"}],"version-history":[{"count":1,"href":"https:\/\/wuwm.org\/es\/wp-json\/wp\/v2\/pages\/6300\/revisions"}],"predecessor-version":[{"id":6303,"href":"https:\/\/wuwm.org\/es\/wp-json\/wp\/v2\/pages\/6300\/revisions\/6303"}],"wp:attachment":[{"href":"https:\/\/wuwm.org\/es\/wp-json\/wp\/v2\/media?parent=6300"}],"curies":[{"name":"wp","href":"https:\/\/api.w.org\/{rel}","templated":true}]}}