{"id":6339,"date":"2025-04-29T12:24:57","date_gmt":"2025-04-29T10:24:57","guid":{"rendered":"https:\/\/wuwm.org\/consejo-de-administracion\/"},"modified":"2025-11-13T17:12:22","modified_gmt":"2025-11-13T16:12:22","slug":"consejo-de-administracion","status":"publish","type":"page","link":"https:\/\/wuwm.org\/es\/consejo-de-administracion\/","title":{"rendered":"Consejo de administraci\u00f3n"},"content":{"rendered":"<div class=\"wpb-content-wrapper\"><p>[vc_row full_width=&#8221;stretch_row&#8221; gap=&#8221;35&#8243; equal_height=&#8221;yes&#8221; content_placement=&#8221;middle&#8221; css=&#8221;.vc_custom_1746755761451{margin-top: 0px !important;margin-bottom: 0px !important;padding-top: 70px !important;padding-bottom: 10px !important;background-color: #FFFFFF !important;}&#8221;][vc_column width=&#8221;1\/2&#8243;][vc_single_image image=&#8221;7869&#8243; img_size=&#8221;full&#8221; css=&#8221;&#8221;][\/vc_column][vc_column width=&#8221;1\/2&#8243;][vc_column_text css=&#8221;&#8221; el_class=&#8221;citation&#8221;]<\/p>\n<blockquote><p>Como colectivo de mercados y expertos en alimentos frescos, hemos apoyado mejoras significativas en nuestra industria a nivel mundial, compartiendo las mejores pr\u00e1cticas sobre desaf\u00edos comunes, desarrollando nuevos conocimientos sobre el sistema alimentario global y promoviendo la necesidad de una cadena de suministro de alimentos m\u00e1s sostenible. La WUWM es una plataforma \u00fanica para la acci\u00f3n coordinada que fortalece la toma de decisiones de los l\u00edderes y promueve di\u00e1logos entre m\u00faltiples partes interesadas, facilitando una mayor innovaci\u00f3n en el sector de alimentos frescos.<\/p><\/blockquote>\n<p>[\/vc_column_text][vc_column_text css=&#8221;&#8221; el_class=&#8221;citationauteur&#8221;]<strong>St\u00e9phane Layani<\/strong> \/ Presidente[\/vc_column_text][\/vc_column][\/vc_row][vc_row full_width=&#8221;stretch_row&#8221; css=&#8221;.vc_custom_1746755779387{padding-bottom: 50px !important;background-color: #FFFFFF !important;}&#8221;][vc_column][vc_column_text css=&#8221;.vc_custom_1746675102015{padding-top: 50px !important;}&#8221;]<\/p>\n<h2 class=\"leadership_section__title\" style=\"text-align: center;\">Liderazgo<\/h2>\n<p>[\/vc_column_text][vc_row_inner equal_height=&#8221;yes&#8221; gap=&#8221;15&#8243; el_class=&#8221;blocdirector&#8221;][vc_column_inner width=&#8221;1\/4&#8243;][vc_column_text css=&#8221;&#8221;]<\/p>\n<h4 class=\"leadership_section__large-description\"><span style=\"color: #01374d;\">Nuestro \u00f3rgano de gobierno est\u00e1 compuesto por un presidente, un vicepresidente, 10 directores y una secretar\u00eda con sede en Rungis (Francia).<\/span><\/h4>\n<p>[\/vc_column_text][\/vc_column_inner][vc_column_inner width=&#8221;1\/4&#8243;][vc_single_image image=&#8221;6340&#8243; img_size=&#8221;large&#8221; alignment=&#8221;center&#8221; css=&#8221;&#8221;][vc_column_text css=&#8221;&#8221;]<\/p>\n<h3 class=\"name\" style=\"text-align: center;\">St\u00e9phane Layani<\/h3>\n<h4 class=\"description\" style=\"text-align: center;\">Presidente<\/h4>\n<h5 class=\"location\" style=\"text-align: center;\">Rungis, Francia<\/h5>\n<p>[\/vc_column_text][vc_icon icon_fontawesome=&#8221;far fa-envelope&#8221; color=&#8221;black&#8221; align=&#8221;center&#8221; css=&#8221;.vc_custom_1747177037316{margin-top: -30px !important;}&#8221; link=&#8221;url:mailto%3As.layani%40wuwm.org|target:_blank|rel:nofollow|&#8221;][\/vc_column_inner][vc_column_inner width=&#8221;1\/4&#8243;][vc_single_image image=&#8221;7870&#8243; img_size=&#8221;large&#8221; alignment=&#8221;center&#8221; css=&#8221;&#8221;][vc_column_text css=&#8221;&#8221;]<\/p>\n<h3 class=\"name\" style=\"text-align: center;\">Giannis Triantafyllis<\/h3>\n<h4 class=\"description\" style=\"text-align: center;\">Vicepresidente<\/h4>\n<h5 class=\"location\" style=\"text-align: center;\">Atenas, Grecia<\/h5>\n<p>[\/vc_column_text][vc_icon icon_fontawesome=&#8221;far fa-envelope&#8221; color=&#8221;black&#8221; align=&#8221;center&#8221; css=&#8221;.vc_custom_1747177028804{margin-top: -30px !important;}&#8221; link=&#8221;url:mailto%3Ag.triantafyllis%40wuwm.org|target:_blank|rel:nofollow|&#8221;][\/vc_column_inner][vc_column_inner width=&#8221;1\/4&#8243;][vc_single_image image=&#8221;7871&#8243; img_size=&#8221;large&#8221; alignment=&#8221;center&#8221; css=&#8221;&#8221;][vc_column_text css=&#8221;&#8221;]<\/p>\n<h3 class=\"name\" style=\"text-align: center;\">Zengjun Ma<\/h3>\n<h4 class=\"description\" style=\"text-align: center;\">Director y L\u00edder del Grupo Regional de Asia-Pac\u00edfico de WUWM<\/h4>\n<h5 class=\"location\" style=\"text-align: center;\">Pek\u00edn, China<\/h5>\n<p>[\/vc_column_text][vc_icon icon_fontawesome=&#8221;far fa-envelope&#8221; color=&#8221;black&#8221; align=&#8221;center&#8221; css=&#8221;.vc_custom_1747177080978{margin-top: -30px !important;}&#8221; link=&#8221;url:mailto%3Az.ma%40wuwm.org|target:_blank|rel:nofollow|&#8221;][\/vc_column_inner][\/vc_row_inner][vc_row_inner equal_height=&#8221;yes&#8221; gap=&#8221;15&#8243; el_class=&#8221;blocdirector&#8221;][vc_column_inner width=&#8221;1\/4&#8243;][vc_single_image image=&#8221;7900&#8243; img_size=&#8221;large&#8221; alignment=&#8221;center&#8221; css=&#8221;&#8221;][vc_column_text css=&#8221;&#8221;]<\/p>\n<h3 class=\"name\" style=\"text-align: center;\">Laurent Nys<\/h3>\n<h4 class=\"description\" style=\"text-align: center;\">Director y L\u00edder del Grupo Europeo de WUWM<\/h4>\n<h5 class=\"location\" style=\"text-align: center;\">Bruselas, B\u00e9lgica<\/h5>\n<p>[\/vc_column_text][vc_icon icon_fontawesome=&#8221;far fa-envelope&#8221; color=&#8221;black&#8221; align=&#8221;center&#8221; css=&#8221;.vc_custom_1747177117119{margin-top: -30px !important;}&#8221; link=&#8221;url:mailto%3Af.pallottini%40wuwm.org|target:_blank|rel:nofollow|&#8221;][\/vc_column_inner][vc_column_inner width=&#8221;1\/4&#8243;][vc_single_image image=&#8221;7873&#8243; img_size=&#8221;large&#8221; alignment=&#8221;center&#8221; css=&#8221;&#8221;][vc_column_text css=&#8221;&#8221;]<\/p>\n<h3 class=\"name\" style=\"text-align: center;\">Arturo Salvador Fern\u00e1ndez Mart\u00ednez<\/h3>\n<h4 class=\"description\" style=\"text-align: center;\">Director y L\u00edder del Grupo Regional de las Am\u00e9ricas de WUWM<\/h4>\n<h5 class=\"location\" style=\"text-align: center;\">Ciudad de M\u00e9xico, M\u00e9xico<\/h5>\n<p>[\/vc_column_text][vc_icon icon_fontawesome=&#8221;far fa-envelope&#8221; color=&#8221;black&#8221; align=&#8221;center&#8221; css=&#8221;.vc_custom_1747177152131{margin-top: -30px !important;}&#8221; link=&#8221;url:mailto%3Aa.fernandez%40wuwm.org|target:_blank|rel:nofollow|&#8221;][\/vc_column_inner][vc_column_inner width=&#8221;1\/4&#8243;][vc_single_image image=&#8221;7874&#8243; img_size=&#8221;large&#8221; alignment=&#8221;center&#8221; css=&#8221;&#8221;][vc_column_text css=&#8221;&#8221;]<\/p>\n<h3 class=\"name\" style=\"text-align: center;\">Eva Marone<\/h3>\n<h4 class=\"description\" style=\"text-align: center;\">Directora y L\u00edder del Grupo Regional de \u00c1frica de WUWM<\/h4>\n<h5 class=\"location\" style=\"text-align: center;\">Abiy\u00e1n, Costa de Marfil<\/h5>\n<p>[\/vc_column_text][vc_icon icon_fontawesome=&#8221;far fa-envelope&#8221; color=&#8221;black&#8221; align=&#8221;center&#8221; css=&#8221;.vc_custom_1747177182274{margin-top: -30px !important;}&#8221; link=&#8221;url:mailto%3Ae.marone%40wuwm.org|target:_blank|rel:nofollow|&#8221;][\/vc_column_inner][vc_column_inner width=&#8221;1\/4&#8243;][vc_single_image image=&#8221;7875&#8243; img_size=&#8221;large&#8221; alignment=&#8221;center&#8221; css=&#8221;&#8221;][vc_column_text css=&#8221;&#8221;]<\/p>\n<h3 class=\"name\" style=\"text-align: center;\">Jean-Paul Auguste<\/h3>\n<h4 class=\"description\" style=\"text-align: center;\">Director y L\u00edder del Grupo de Mercados Minoristas de WUWM<\/h4>\n<h5 class=\"location\" style=\"text-align: center;\">Livry-Gargan Par\u00eds, Francia<\/h5>\n<p>[\/vc_column_text][vc_icon icon_fontawesome=&#8221;far fa-envelope&#8221; color=&#8221;black&#8221; align=&#8221;center&#8221; css=&#8221;.vc_custom_1747177222785{margin-top: -30px !important;}&#8221; link=&#8221;url:mailto%3Ajp.auguste%40wuwm.org|target:_blank|rel:nofollow|&#8221;][\/vc_column_inner][\/vc_row_inner][vc_row_inner equal_height=&#8221;yes&#8221; gap=&#8221;15&#8243; el_class=&#8221;blocdirector&#8221;][vc_column_inner width=&#8221;1\/4&#8243;][vc_single_image image=&#8221;7876&#8243; img_size=&#8221;large&#8221; alignment=&#8221;center&#8221; css=&#8221;&#8221;][vc_column_text css=&#8221;&#8221;]<\/p>\n<h3 class=\"name\" style=\"text-align: center;\">Raul Giboudot<\/h3>\n<h4 class=\"description\" style=\"text-align: center;\">Director<\/h4>\n<h5 class=\"location\" style=\"text-align: center;\">Buenos Aires, Argentina<\/h5>\n<p>[\/vc_column_text][vc_icon icon_fontawesome=&#8221;far fa-envelope&#8221; color=&#8221;black&#8221; align=&#8221;center&#8221; css=&#8221;.vc_custom_1747177254794{margin-top: -30px !important;}&#8221; link=&#8221;url:mailto%3Alaurent.nys%40mabru.be|target:_blank|rel:nofollow|&#8221;][\/vc_column_inner][vc_column_inner width=&#8221;1\/4&#8243;][vc_single_image image=&#8221;7877&#8243; img_size=&#8221;large&#8221; alignment=&#8221;center&#8221; css=&#8221;&#8221;][vc_column_text css=&#8221;&#8221;]<\/p>\n<h3 class=\"name\" style=\"text-align: center;\">Natasa Putnik<\/h3>\n<h4 class=\"description\" style=\"text-align: center;\">Director<\/h4>\n<h5 class=\"location\" style=\"text-align: center;\">Belgrado, Serbia<\/h5>\n<p>[\/vc_column_text][\/vc_column_inner][vc_column_inner width=&#8221;1\/4&#8243;][vc_single_image image=&#8221;7878&#8243; img_size=&#8221;large&#8221; alignment=&#8221;center&#8221; css=&#8221;&#8221;][vc_column_text css=&#8221;&#8221;]<\/p>\n<h3 class=\"name\" style=\"text-align: center;\">Dr. Jagvir Singh Yadav<\/h3>\n<h4 class=\"description\" style=\"text-align: center;\">Director<\/h4>\n<h5 class=\"location\" style=\"text-align: center;\">Nueva Delhi, India<\/h5>\n<p>[\/vc_column_text][vc_icon icon_fontawesome=&#8221;far fa-envelope&#8221; color=&#8221;black&#8221; align=&#8221;center&#8221; css=&#8221;.vc_custom_1747177328562{margin-top: -30px !important;}&#8221; link=&#8221;url:mailto%3Aj.yadav%40wuwm.org|target:_blank|rel:nofollow|&#8221;][\/vc_column_inner][vc_column_inner width=&#8221;1\/4&#8243;][vc_single_image image=&#8221;7879&#8243; img_size=&#8221;large&#8221; alignment=&#8221;center&#8221; css=&#8221;&#8221;][vc_column_text css=&#8221;&#8221;]<\/p>\n<h3 class=\"name\" style=\"text-align: center;\">Eliane Steinmeyer<\/h3>\n<h4 class=\"description\" style=\"text-align: center;\">Director<\/h4>\n<h5 class=\"location\" style=\"text-align: center;\">Hamburgo, Alemania<\/h5>\n<p>[\/vc_column_text][vc_icon icon_fontawesome=&#8221;far fa-envelope&#8221; color=&#8221;black&#8221; align=&#8221;center&#8221; css=&#8221;.vc_custom_1747177360042{margin-top: -30px !important;}&#8221; link=&#8221;url:mailto%3Ae.steinmeyer%40wuwm.org|target:_blank|rel:nofollow|&#8221;][\/vc_column_inner][\/vc_row_inner][\/vc_column][\/vc_row]<\/p>\n<\/div>","protected":false},"excerpt":{"rendered":"<p>[vc_row full_width=&#8221;stretch_row&#8221; gap=&#8221;35&#8243; equal_height=&#8221;yes&#8221; content_placement=&#8221;middle&#8221; css=&#8221;.vc_custom_1746755761451{margin-top: 0px !important;margin-bottom: 0px !important;padding-top: 70px !important;padding-bottom: 10px !important;background-color: #FFFFFF !important;}&#8221;][vc_column width=&#8221;1\/2&#8243;][vc_single_image image=&#8221;7869&#8243; img_size=&#8221;full&#8221; css=&#8221;&#8221;][\/vc_column][vc_column width=&#8221;1\/2&#8243;][vc_column_text css=&#8221;&#8221; el_class=&#8221;citation&#8221;] Como colectivo&hellip;<\/p>\n","protected":false},"author":7,"featured_media":6341,"parent":0,"menu_order":0,"comment_status":"closed","ping_status":"closed","template":"","meta":{"_acf_changed":false,"inline_featured_image":false,"footnotes":""},"class_list":["post-6339","page","type-page","status-publish","has-post-thumbnail","hentry"],"acf":[],"yoast_head":"<!-- This site is optimized with the Yoast SEO plugin v27.0 - https:\/\/yoast.com\/product\/yoast-seo-wordpress\/ -->\n<title>Consejo de administraci\u00f3n - WUWM<\/title>\n<meta name=\"robots\" content=\"index, follow, max-snippet:-1, max-image-preview:large, max-video-preview:-1\" \/>\n<link rel=\"canonical\" href=\"https:\/\/wuwm.org\/es\/consejo-de-administracion\/\" \/>\n<meta property=\"og:locale\" content=\"es_ES\" \/>\n<meta property=\"og:type\" content=\"article\" \/>\n<meta property=\"og:title\" content=\"Consejo de administraci\u00f3n - WUWM\" \/>\n<meta property=\"og:description\" content=\"[vc_row full_width=&#8221;stretch_row&#8221; gap=&#8221;35&#8243; equal_height=&#8221;yes&#8221; content_placement=&#8221;middle&#8221; css=&#8221;.vc_custom_1746755761451{margin-top: 0px !important;margin-bottom: 0px !important;padding-top: 70px !important;padding-bottom: 10px !important;background-color: #FFFFFF !important;}&#8221;][vc_column width=&#8221;1\/2&#8243;][vc_single_image image=&#8221;7869&#8243; img_size=&#8221;full&#8221; css=&#8221;&#8221;][\/vc_column][vc_column width=&#8221;1\/2&#8243;][vc_column_text css=&#8221;&#8221; el_class=&#8221;citation&#8221;] Como colectivo&hellip;\" \/>\n<meta property=\"og:url\" content=\"https:\/\/wuwm.org\/es\/consejo-de-administracion\/\" \/>\n<meta property=\"og:site_name\" content=\"WUWM\" \/>\n<meta property=\"article:modified_time\" content=\"2025-11-13T16:12:22+00:00\" \/>\n<meta property=\"og:image\" content=\"https:\/\/wuwm.org\/wp-content\/uploads\/2022\/02\/february-image.jpg\" \/>\n\t<meta property=\"og:image:width\" content=\"640\" \/>\n\t<meta property=\"og:image:height\" content=\"427\" \/>\n\t<meta property=\"og:image:type\" content=\"image\/jpeg\" \/>\n<meta name=\"twitter:card\" content=\"summary_large_image\" \/>\n<meta name=\"twitter:label1\" content=\"Tiempo de lectura\" \/>\n\t<meta name=\"twitter:data1\" content=\"5 minutos\" \/>\n<script type=\"application\/ld+json\" class=\"yoast-schema-graph\">{\"@context\":\"https:\/\/schema.org\",\"@graph\":[{\"@type\":\"WebPage\",\"@id\":\"https:\/\/wuwm.org\/es\/consejo-de-administracion\/\",\"url\":\"https:\/\/wuwm.org\/es\/consejo-de-administracion\/\",\"name\":\"Consejo de administraci\u00f3n - WUWM\",\"isPartOf\":{\"@id\":\"https:\/\/wuwm.org\/es\/#website\"},\"primaryImageOfPage\":{\"@id\":\"https:\/\/wuwm.org\/es\/consejo-de-administracion\/#primaryimage\"},\"image\":{\"@id\":\"https:\/\/wuwm.org\/es\/consejo-de-administracion\/#primaryimage\"},\"thumbnailUrl\":\"https:\/\/wuwm.org\/wp-content\/uploads\/2022\/02\/february-image.jpg\",\"datePublished\":\"2025-04-29T10:24:57+00:00\",\"dateModified\":\"2025-11-13T16:12:22+00:00\",\"breadcrumb\":{\"@id\":\"https:\/\/wuwm.org\/es\/consejo-de-administracion\/#breadcrumb\"},\"inLanguage\":\"es\",\"potentialAction\":[{\"@type\":\"ReadAction\",\"target\":[\"https:\/\/wuwm.org\/es\/consejo-de-administracion\/\"]}]},{\"@type\":\"ImageObject\",\"inLanguage\":\"es\",\"@id\":\"https:\/\/wuwm.org\/es\/consejo-de-administracion\/#primaryimage\",\"url\":\"https:\/\/wuwm.org\/wp-content\/uploads\/2022\/02\/february-image.jpg\",\"contentUrl\":\"https:\/\/wuwm.org\/wp-content\/uploads\/2022\/02\/february-image.jpg\",\"width\":5472,\"height\":3648},{\"@type\":\"BreadcrumbList\",\"@id\":\"https:\/\/wuwm.org\/es\/consejo-de-administracion\/#breadcrumb\",\"itemListElement\":[{\"@type\":\"ListItem\",\"position\":1,\"name\":\"Home\",\"item\":\"https:\/\/wuwm.org\/es\/inicio\/\"},{\"@type\":\"ListItem\",\"position\":2,\"name\":\"Consejo de administraci\u00f3n\"}]},{\"@type\":\"WebSite\",\"@id\":\"https:\/\/wuwm.org\/es\/#website\",\"url\":\"https:\/\/wuwm.org\/es\/\",\"name\":\"WUWM\",\"description\":\"World Union of Wholesale Markets\",\"publisher\":{\"@id\":\"https:\/\/wuwm.org\/es\/#organization\"},\"potentialAction\":[{\"@type\":\"SearchAction\",\"target\":{\"@type\":\"EntryPoint\",\"urlTemplate\":\"https:\/\/wuwm.org\/es\/?s={search_term_string}\"},\"query-input\":{\"@type\":\"PropertyValueSpecification\",\"valueRequired\":true,\"valueName\":\"search_term_string\"}}],\"inLanguage\":\"es\"},{\"@type\":\"Organization\",\"@id\":\"https:\/\/wuwm.org\/es\/#organization\",\"name\":\"WUWM\",\"url\":\"https:\/\/wuwm.org\/es\/\",\"logo\":{\"@type\":\"ImageObject\",\"inLanguage\":\"es\",\"@id\":\"https:\/\/wuwm.org\/es\/#\/schema\/logo\/image\/\",\"url\":\"https:\/\/wuwm.org\/wp-content\/uploads\/2020\/06\/13_807x536_v2.jpg\",\"contentUrl\":\"https:\/\/wuwm.org\/wp-content\/uploads\/2020\/06\/13_807x536_v2.jpg\",\"width\":807,\"height\":536,\"caption\":\"WUWM\"},\"image\":{\"@id\":\"https:\/\/wuwm.org\/es\/#\/schema\/logo\/image\/\"}}]}<\/script>\n<!-- \/ Yoast SEO plugin. -->","yoast_head_json":{"title":"Consejo de administraci\u00f3n - WUWM","robots":{"index":"index","follow":"follow","max-snippet":"max-snippet:-1","max-image-preview":"max-image-preview:large","max-video-preview":"max-video-preview:-1"},"canonical":"https:\/\/wuwm.org\/es\/consejo-de-administracion\/","og_locale":"es_ES","og_type":"article","og_title":"Consejo de administraci\u00f3n - WUWM","og_description":"[vc_row full_width=&#8221;stretch_row&#8221; gap=&#8221;35&#8243; equal_height=&#8221;yes&#8221; content_placement=&#8221;middle&#8221; css=&#8221;.vc_custom_1746755761451{margin-top: 0px !important;margin-bottom: 0px !important;padding-top: 70px !important;padding-bottom: 10px !important;background-color: #FFFFFF !important;}&#8221;][vc_column width=&#8221;1\/2&#8243;][vc_single_image image=&#8221;7869&#8243; img_size=&#8221;full&#8221; css=&#8221;&#8221;][\/vc_column][vc_column width=&#8221;1\/2&#8243;][vc_column_text css=&#8221;&#8221; el_class=&#8221;citation&#8221;] Como colectivo&hellip;","og_url":"https:\/\/wuwm.org\/es\/consejo-de-administracion\/","og_site_name":"WUWM","article_modified_time":"2025-11-13T16:12:22+00:00","og_image":[{"url":"https:\/\/wuwm.org\/wp-content\/uploads\/2022\/02\/february-image.jpg","width":640,"height":427,"type":"image\/jpeg"}],"twitter_card":"summary_large_image","twitter_misc":{"Tiempo de lectura":"5 minutos"},"schema":{"@context":"https:\/\/schema.org","@graph":[{"@type":"WebPage","@id":"https:\/\/wuwm.org\/es\/consejo-de-administracion\/","url":"https:\/\/wuwm.org\/es\/consejo-de-administracion\/","name":"Consejo de administraci\u00f3n - WUWM","isPartOf":{"@id":"https:\/\/wuwm.org\/es\/#website"},"primaryImageOfPage":{"@id":"https:\/\/wuwm.org\/es\/consejo-de-administracion\/#primaryimage"},"image":{"@id":"https:\/\/wuwm.org\/es\/consejo-de-administracion\/#primaryimage"},"thumbnailUrl":"https:\/\/wuwm.org\/wp-content\/uploads\/2022\/02\/february-image.jpg","datePublished":"2025-04-29T10:24:57+00:00","dateModified":"2025-11-13T16:12:22+00:00","breadcrumb":{"@id":"https:\/\/wuwm.org\/es\/consejo-de-administracion\/#breadcrumb"},"inLanguage":"es","potentialAction":[{"@type":"ReadAction","target":["https:\/\/wuwm.org\/es\/consejo-de-administracion\/"]}]},{"@type":"ImageObject","inLanguage":"es","@id":"https:\/\/wuwm.org\/es\/consejo-de-administracion\/#primaryimage","url":"https:\/\/wuwm.org\/wp-content\/uploads\/2022\/02\/february-image.jpg","contentUrl":"https:\/\/wuwm.org\/wp-content\/uploads\/2022\/02\/february-image.jpg","width":5472,"height":3648},{"@type":"BreadcrumbList","@id":"https:\/\/wuwm.org\/es\/consejo-de-administracion\/#breadcrumb","itemListElement":[{"@type":"ListItem","position":1,"name":"Home","item":"https:\/\/wuwm.org\/es\/inicio\/"},{"@type":"ListItem","position":2,"name":"Consejo de administraci\u00f3n"}]},{"@type":"WebSite","@id":"https:\/\/wuwm.org\/es\/#website","url":"https:\/\/wuwm.org\/es\/","name":"WUWM","description":"World Union of Wholesale Markets","publisher":{"@id":"https:\/\/wuwm.org\/es\/#organization"},"potentialAction":[{"@type":"SearchAction","target":{"@type":"EntryPoint","urlTemplate":"https:\/\/wuwm.org\/es\/?s={search_term_string}"},"query-input":{"@type":"PropertyValueSpecification","valueRequired":true,"valueName":"search_term_string"}}],"inLanguage":"es"},{"@type":"Organization","@id":"https:\/\/wuwm.org\/es\/#organization","name":"WUWM","url":"https:\/\/wuwm.org\/es\/","logo":{"@type":"ImageObject","inLanguage":"es","@id":"https:\/\/wuwm.org\/es\/#\/schema\/logo\/image\/","url":"https:\/\/wuwm.org\/wp-content\/uploads\/2020\/06\/13_807x536_v2.jpg","contentUrl":"https:\/\/wuwm.org\/wp-content\/uploads\/2020\/06\/13_807x536_v2.jpg","width":807,"height":536,"caption":"WUWM"},"image":{"@id":"https:\/\/wuwm.org\/es\/#\/schema\/logo\/image\/"}}]}},"_links":{"self":[{"href":"https:\/\/wuwm.org\/es\/wp-json\/wp\/v2\/pages\/6339","targetHints":{"allow":["GET"]}}],"collection":[{"href":"https:\/\/wuwm.org\/es\/wp-json\/wp\/v2\/pages"}],"about":[{"href":"https:\/\/wuwm.org\/es\/wp-json\/wp\/v2\/types\/page"}],"author":[{"embeddable":true,"href":"https:\/\/wuwm.org\/es\/wp-json\/wp\/v2\/users\/7"}],"replies":[{"embeddable":true,"href":"https:\/\/wuwm.org\/es\/wp-json\/wp\/v2\/comments?post=6339"}],"version-history":[{"count":13,"href":"https:\/\/wuwm.org\/es\/wp-json\/wp\/v2\/pages\/6339\/revisions"}],"predecessor-version":[{"id":7913,"href":"https:\/\/wuwm.org\/es\/wp-json\/wp\/v2\/pages\/6339\/revisions\/7913"}],"wp:featuredmedia":[{"embeddable":true,"href":"https:\/\/wuwm.org\/es\/wp-json\/wp\/v2\/media\/6341"}],"wp:attachment":[{"href":"https:\/\/wuwm.org\/es\/wp-json\/wp\/v2\/media?parent=6339"}],"curies":[{"name":"wp","href":"https:\/\/api.w.org\/{rel}","templated":true}]}}