{"id":6167,"date":"2025-04-29T12:24:57","date_gmt":"2025-04-29T10:24:57","guid":{"rendered":"https:\/\/wuwm.org\/board-of-directors\/"},"modified":"2026-04-21T10:06:43","modified_gmt":"2026-04-21T08:06:43","slug":"board-of-directors","status":"publish","type":"page","link":"https:\/\/wuwm.org\/fr\/board-of-directors\/","title":{"rendered":"Conseil d&#8217;administration"},"content":{"rendered":"<div class=\"wpb-content-wrapper\"><p>[vc_row full_width=&#8221;stretch_row&#8221; gap=&#8221;35&#8243; equal_height=&#8221;yes&#8221; content_placement=&#8221;middle&#8221; css=&#8221;.vc_custom_1746755761451{margin-top: 0px !important;margin-bottom: 0px !important;padding-top: 70px !important;padding-bottom: 10px !important;background-color: #FFFFFF !important;}&#8221;][vc_column width=&#8221;1\/2&#8243;][vc_single_image image=&#8221;6159&#8243; img_size=&#8221;full&#8221; css=&#8221;&#8221;][\/vc_column][vc_column width=&#8221;1\/2&#8243;][vc_column_text css=&#8221;&#8221; el_class=&#8221;citation&#8221;]<\/p>\n<blockquote><p>En tant que collectif de march\u00e9s et d&#8217;experts en produits frais, nous avons soutenu des am\u00e9liorations significatives de notre industrie dans le monde entier en partageant les meilleures pratiques sur des d\u00e9fis communs, en d\u00e9veloppant de nouvelles perspectives sur le syst\u00e8me alimentaire mondial et en promouvant la n\u00e9cessit\u00e9 d&#8217;une cha\u00eene d&#8217;approvisionnement alimentaire plus durable. WUWM est une plateforme unique pour une action coordonn\u00e9e qui renforce la prise de d\u00e9cision des dirigeants et promeut des dialogues multipartites facilitant une plus grande innovation dans le secteur de l&#8217;alimentation fra\u00eeche.<\/p><\/blockquote>\n<p>[\/vc_column_text][vc_column_text css=&#8221;&#8221; el_class=&#8221;citationauteur&#8221;]<strong>St\u00e9phane Layani<\/strong> \/ Pr\u00e9sident[\/vc_column_text][\/vc_column][\/vc_row][vc_row full_width=&#8221;stretch_row&#8221; css=&#8221;.vc_custom_1746755779387{padding-bottom: 50px !important;background-color: #FFFFFF !important;}&#8221;][vc_column][vc_column_text css=&#8221;.vc_custom_1746675102015{padding-top: 50px !important;}&#8221;]<\/p>\n<h2 class=\"leadership_section__title\" style=\"text-align: center;\">Leadership<\/h2>\n<p>[\/vc_column_text][vc_row_inner equal_height=&#8221;yes&#8221; gap=&#8221;15&#8243; el_class=&#8221;blocdirector&#8221;][vc_column_inner width=&#8221;1\/4&#8243;][vc_column_text css=&#8221;&#8221;]<\/p>\n<h4 class=\"leadership_section__large-description\"><span style=\"color: #01374d;\">Notre organe directeur est compos\u00e9 d&#8217;un pr\u00e9sident, d&#8217;un vice-pr\u00e9sident, de 10 directeurs et d&#8217;un secr\u00e9tariat bas\u00e9 \u00e0 Rungis (France).<\/span><\/h4>\n<p>[\/vc_column_text][\/vc_column_inner][vc_column_inner width=&#8221;1\/4&#8243;][vc_single_image image=&#8221;6160&#8243; img_size=&#8221;large&#8221; alignment=&#8221;center&#8221; css=&#8221;&#8221;][vc_column_text css=&#8221;&#8221;]<\/p>\n<h3 class=\"name\" style=\"text-align: center;\">St\u00e9phane Layani<\/h3>\n<h4 class=\"description\" style=\"text-align: center;\">Pr\u00e9sident<\/h4>\n<h5 class=\"location\" style=\"text-align: center;\">Rungis, France<\/h5>\n<p>[\/vc_column_text][vc_icon icon_fontawesome=&#8221;far fa-envelope&#8221; color=&#8221;black&#8221; align=&#8221;center&#8221; css=&#8221;.vc_custom_1747177037316{margin-top: -30px !important;}&#8221; link=&#8221;url:mailto%3As.layani%40wuwm.org|target:_blank|rel:nofollow|&#8221;][\/vc_column_inner][vc_column_inner width=&#8221;1\/4&#8243;][vc_single_image image=&#8221;6108&#8243; img_size=&#8221;large&#8221; alignment=&#8221;center&#8221; css=&#8221;&#8221;][vc_column_text css=&#8221;&#8221;]<\/p>\n<h3 class=\"name\" style=\"text-align: center;\">Giannis Triantafyllis<\/h3>\n<h4 class=\"description\" style=\"text-align: center;\">Vice-pr\u00e9sident<\/h4>\n<h5 class=\"location\" style=\"text-align: center;\">Ath\u00e8nes, Gr\u00e8ce<\/h5>\n<p>[\/vc_column_text][vc_icon icon_fontawesome=&#8221;far fa-envelope&#8221; color=&#8221;black&#8221; align=&#8221;center&#8221; css=&#8221;.vc_custom_1747177028804{margin-top: -30px !important;}&#8221; link=&#8221;url:mailto%3Ag.triantafyllis%40wuwm.org|target:_blank|rel:nofollow|&#8221;][\/vc_column_inner][vc_column_inner width=&#8221;1\/4&#8243;][vc_single_image image=&#8221;6109&#8243; img_size=&#8221;large&#8221; alignment=&#8221;center&#8221; css=&#8221;&#8221;][vc_column_text css=&#8221;&#8221;]<\/p>\n<h3 class=\"name\" style=\"text-align: center;\">Zengjun Ma<\/h3>\n<h4 class=\"description\" style=\"text-align: center;\">Directeur et chef du groupe r\u00e9gional Asie-Pacifique de WUWM<\/h4>\n<h5 class=\"location\" style=\"text-align: center;\">P\u00e9kin, Chine<\/h5>\n<p>[\/vc_column_text][vc_icon icon_fontawesome=&#8221;far fa-envelope&#8221; color=&#8221;black&#8221; align=&#8221;center&#8221; css=&#8221;.vc_custom_1747177080978{margin-top: -30px !important;}&#8221; link=&#8221;url:mailto%3Az.ma%40wuwm.org|target:_blank|rel:nofollow|&#8221;][\/vc_column_inner][\/vc_row_inner][vc_row_inner equal_height=&#8221;yes&#8221; gap=&#8221;15&#8243; el_class=&#8221;blocdirector&#8221;][vc_column_inner width=&#8221;1\/4&#8243;][vc_single_image image=&#8221;8273&#8243; img_size=&#8221;large&#8221; alignment=&#8221;center&#8221; css=&#8221;&#8221;][vc_column_text css=&#8221;&#8221;]<\/p>\n<h3 class=\"name\" style=\"text-align: center;\">Laurent Nys<\/h3>\n<h4 class=\"description\" style=\"text-align: center;\">Directeur et chef du groupe europ\u00e9en de l&#8217;UMM<\/h4>\n<h5 class=\"location\" style=\"text-align: center;\">Bruxelles, Belgique<\/h5>\n<p>[\/vc_column_text][vc_icon icon_fontawesome=&#8221;far fa-envelope&#8221; color=&#8221;black&#8221; align=&#8221;center&#8221; css=&#8221;.vc_custom_1776758357220{margin-top: -30px !important;}&#8221; link=&#8221;url:mailto%3Alaurent.nys%40mabru.be|target:_blank|rel:nofollow|&#8221;][\/vc_column_inner][vc_column_inner width=&#8221;1\/4&#8243;][vc_single_image image=&#8221;6111&#8243; img_size=&#8221;large&#8221; alignment=&#8221;center&#8221; css=&#8221;&#8221;][vc_column_text css=&#8221;&#8221;]<\/p>\n<h3 class=\"name\" style=\"text-align: center;\">Arturo Salvador Fern\u00e1ndez Mart\u00ednez<\/h3>\n<h4 class=\"description\" style=\"text-align: center;\">Directeur et chef du groupe r\u00e9gional WUWM pour les Am\u00e9riques<\/h4>\n<h5 class=\"location\" style=\"text-align: center;\">Mexico, Mexique<\/h5>\n<p>[\/vc_column_text][vc_icon icon_fontawesome=&#8221;far fa-envelope&#8221; color=&#8221;black&#8221; align=&#8221;center&#8221; css=&#8221;.vc_custom_1747177152131{margin-top: -30px !important;}&#8221; link=&#8221;url:mailto%3Aa.fernandez%40wuwm.org|target:_blank|rel:nofollow|&#8221;][\/vc_column_inner][vc_column_inner width=&#8221;1\/4&#8243;][vc_single_image image=&#8221;6112&#8243; img_size=&#8221;large&#8221; alignment=&#8221;center&#8221; css=&#8221;&#8221;][vc_column_text css=&#8221;&#8221;]<\/p>\n<h3 class=\"name\" style=\"text-align: center;\">Eva Marone<\/h3>\n<h4 class=\"description\" style=\"text-align: center;\">Directeur et chef du groupe r\u00e9gional Afrique de l&#8217;UMM<\/h4>\n<h5 class=\"location\" style=\"text-align: center;\">Abidjan, C\u00f4te d&#8217;Ivoire<\/h5>\n<p>[\/vc_column_text][vc_icon icon_fontawesome=&#8221;far fa-envelope&#8221; color=&#8221;black&#8221; align=&#8221;center&#8221; css=&#8221;.vc_custom_1747177182274{margin-top: -30px !important;}&#8221; link=&#8221;url:mailto%3Ae.marone%40wuwm.org|target:_blank|rel:nofollow|&#8221;][\/vc_column_inner][vc_column_inner width=&#8221;1\/4&#8243;][vc_single_image image=&#8221;6113&#8243; img_size=&#8221;large&#8221; alignment=&#8221;center&#8221; css=&#8221;&#8221;][vc_column_text css=&#8221;&#8221;]<\/p>\n<h3 class=\"name\" style=\"text-align: center;\">Jean-Paul Auguste<\/h3>\n<h4 class=\"description\" style=\"text-align: center;\">Directeur et chef du groupe des march\u00e9s de d\u00e9tail de WUWM<\/h4>\n<h5 class=\"location\" style=\"text-align: center;\">Livry-Gargan Paris, France<\/h5>\n<p>[\/vc_column_text][vc_icon icon_fontawesome=&#8221;far fa-envelope&#8221; color=&#8221;black&#8221; align=&#8221;center&#8221; css=&#8221;.vc_custom_1747177222785{margin-top: -30px !important;}&#8221; link=&#8221;url:mailto%3Ajp.auguste%40wuwm.org|target:_blank|rel:nofollow|&#8221;][\/vc_column_inner][\/vc_row_inner][vc_row_inner equal_height=&#8221;yes&#8221; gap=&#8221;15&#8243; el_class=&#8221;blocdirector&#8221;][vc_column_inner width=&#8221;1\/4&#8243;][vc_single_image image=&#8221;6118&#8243; img_size=&#8221;large&#8221; alignment=&#8221;center&#8221; css=&#8221;&#8221;][vc_column_text css=&#8221;&#8221;]<\/p>\n<h3 class=\"name\" style=\"text-align: center;\">Raul Giboudot<\/h3>\n<h4 class=\"description\" style=\"text-align: center;\">Directeur<\/h4>\n<h5 class=\"location\" style=\"text-align: center;\">Buenos Aires, Argentine<\/h5>\n<p>[\/vc_column_text][vc_icon icon_fontawesome=&#8221;far fa-envelope&#8221; color=&#8221;black&#8221; align=&#8221;center&#8221; css=&#8221;.vc_custom_1776758569413{margin-top: -30px !important;}&#8221; link=&#8221;url:mailto%3Arrgiboudot%40gmail.com|target:_blank|rel:nofollow|&#8221;][\/vc_column_inner][vc_column_inner width=&#8221;1\/4&#8243;][vc_single_image image=&#8221;8274&#8243; css=&#8221;&#8221;][vc_column_text css=&#8221;&#8221;]<\/p>\n<h3 class=\"name\" style=\"text-align: center;\">Cesare Ferrero<\/h3>\n<h4 class=\"description\" style=\"text-align: center;\">Directeur<\/h4>\n<h5 class=\"location\" style=\"text-align: center;\">Milan, Italy<\/h5>\n<p>[\/vc_column_text][vc_icon color=&#8221;black&#8221; align=&#8221;center&#8221; css=&#8221;&#8221; link=&#8221;url:mailto%3Ac.ferrero%40wuwm.org|target:_blank|rel:nofollow|&#8221;][\/vc_column_inner][vc_column_inner width=&#8221;1\/4&#8243;][vc_single_image image=&#8221;6116&#8243; img_size=&#8221;large&#8221; alignment=&#8221;center&#8221; css=&#8221;&#8221;][vc_column_text css=&#8221;&#8221;]<\/p>\n<h3 class=\"name\" style=\"text-align: center;\">Dr Jagvir Singh Yadav<\/h3>\n<h4 class=\"description\" style=\"text-align: center;\">Directeur<\/h4>\n<h5 class=\"location\" style=\"text-align: center;\">New Delhi, Inde<\/h5>\n<p>[\/vc_column_text][vc_icon icon_fontawesome=&#8221;far fa-envelope&#8221; color=&#8221;black&#8221; align=&#8221;center&#8221; css=&#8221;.vc_custom_1747177328562{margin-top: -30px !important;}&#8221; link=&#8221;url:mailto%3Aj.yadav%40wuwm.org|target:_blank|rel:nofollow|&#8221;][\/vc_column_inner][vc_column_inner width=&#8221;1\/4&#8243;][vc_single_image image=&#8221;6117&#8243; img_size=&#8221;large&#8221; alignment=&#8221;center&#8221; css=&#8221;&#8221;][vc_column_text css=&#8221;&#8221;]<\/p>\n<h3 class=\"name\" style=\"text-align: center;\">Eliane Steinmeyer<\/h3>\n<h4 class=\"description\" style=\"text-align: center;\">Directeur<\/h4>\n<h5 class=\"location\" style=\"text-align: center;\">Hambourg, Allemagne<\/h5>\n<p>[\/vc_column_text][vc_icon icon_fontawesome=&#8221;far fa-envelope&#8221; color=&#8221;black&#8221; align=&#8221;center&#8221; css=&#8221;.vc_custom_1747177360042{margin-top: -30px !important;}&#8221; link=&#8221;url:mailto%3Ae.steinmeyer%40wuwm.org|target:_blank|rel:nofollow|&#8221;][\/vc_column_inner][\/vc_row_inner][\/vc_column][\/vc_row][vc_row][vc_column width=&#8221;1\/4&#8243;][vc_single_image image=&#8221;6115&#8243; img_size=&#8221;large&#8221; alignment=&#8221;center&#8221; css=&#8221;&#8221;][vc_column_text css=&#8221;&#8221;]<\/p>\n<h3 class=\"name\" style=\"text-align: center;\">Natasa Putnik<\/h3>\n<h5 class=\"location\" style=\"text-align: center;\">Belgrade, Serbie<\/h5>\n<p>[\/vc_column_text][\/vc_column][vc_column width=&#8221;1\/4&#8243;][\/vc_column][vc_column width=&#8221;1\/4&#8243;][\/vc_column][vc_column width=&#8221;1\/4&#8243;][\/vc_column][\/vc_row]<\/p>\n<\/div>","protected":false},"excerpt":{"rendered":"<p>[vc_row full_width=&#8221;stretch_row&#8221; gap=&#8221;35&#8243; equal_height=&#8221;yes&#8221; content_placement=&#8221;middle&#8221; css=&#8221;.vc_custom_1746755761451{margin-top: 0px !important;margin-bottom: 0px !important;padding-top: 70px !important;padding-bottom: 10px !important;background-color: #FFFFFF !important;}&#8221;][vc_column width=&#8221;1\/2&#8243;][vc_single_image image=&#8221;6159&#8243; img_size=&#8221;full&#8221; css=&#8221;&#8221;][\/vc_column][vc_column width=&#8221;1\/2&#8243;][vc_column_text css=&#8221;&#8221; el_class=&#8221;citation&#8221;] En tant&hellip;<\/p>\n","protected":false},"author":7,"featured_media":5804,"parent":0,"menu_order":0,"comment_status":"closed","ping_status":"closed","template":"","meta":{"_acf_changed":false,"inline_featured_image":false,"footnotes":""},"class_list":["post-6167","page","type-page","status-publish","has-post-thumbnail","hentry"],"acf":[],"yoast_head":"<!-- This site is optimized with the Yoast SEO plugin v27.0 - https:\/\/yoast.com\/product\/yoast-seo-wordpress\/ -->\n<title>Conseil d&#039;administration - WUWM<\/title>\n<meta name=\"robots\" content=\"index, follow, max-snippet:-1, max-image-preview:large, max-video-preview:-1\" \/>\n<link rel=\"canonical\" href=\"https:\/\/wuwm.org\/fr\/board-of-directors\/\" \/>\n<meta property=\"og:locale\" content=\"fr_FR\" \/>\n<meta property=\"og:type\" content=\"article\" \/>\n<meta property=\"og:title\" content=\"Conseil d&#039;administration - WUWM\" \/>\n<meta property=\"og:description\" content=\"[vc_row full_width=&#8221;stretch_row&#8221; gap=&#8221;35&#8243; equal_height=&#8221;yes&#8221; content_placement=&#8221;middle&#8221; css=&#8221;.vc_custom_1746755761451{margin-top: 0px !important;margin-bottom: 0px !important;padding-top: 70px !important;padding-bottom: 10px !important;background-color: #FFFFFF !important;}&#8221;][vc_column width=&#8221;1\/2&#8243;][vc_single_image image=&#8221;6159&#8243; img_size=&#8221;full&#8221; css=&#8221;&#8221;][\/vc_column][vc_column width=&#8221;1\/2&#8243;][vc_column_text css=&#8221;&#8221; el_class=&#8221;citation&#8221;] En tant&hellip;\" \/>\n<meta property=\"og:url\" content=\"https:\/\/wuwm.org\/fr\/board-of-directors\/\" \/>\n<meta property=\"og:site_name\" content=\"WUWM\" \/>\n<meta property=\"article:modified_time\" content=\"2026-04-21T08:06:43+00:00\" \/>\n<meta property=\"og:image\" content=\"https:\/\/wuwm.org\/wp-content\/uploads\/2022\/02\/february-image.jpg\" \/>\n\t<meta property=\"og:image:width\" content=\"640\" \/>\n\t<meta property=\"og:image:height\" content=\"427\" \/>\n\t<meta property=\"og:image:type\" content=\"image\/jpeg\" \/>\n<meta name=\"twitter:card\" content=\"summary_large_image\" \/>\n<meta name=\"twitter:label1\" content=\"Dur\u00e9e de lecture estim\u00e9e\" \/>\n\t<meta name=\"twitter:data1\" content=\"2 minutes\" \/>\n<script type=\"application\/ld+json\" class=\"yoast-schema-graph\">{\"@context\":\"https:\/\/schema.org\",\"@graph\":[{\"@type\":\"WebPage\",\"@id\":\"https:\/\/wuwm.org\/fr\/board-of-directors\/\",\"url\":\"https:\/\/wuwm.org\/fr\/board-of-directors\/\",\"name\":\"Conseil d'administration - WUWM\",\"isPartOf\":{\"@id\":\"https:\/\/wuwm.org\/fr\/#website\"},\"primaryImageOfPage\":{\"@id\":\"https:\/\/wuwm.org\/fr\/board-of-directors\/#primaryimage\"},\"image\":{\"@id\":\"https:\/\/wuwm.org\/fr\/board-of-directors\/#primaryimage\"},\"thumbnailUrl\":\"https:\/\/wuwm.org\/wp-content\/uploads\/2022\/02\/february-image.jpg\",\"datePublished\":\"2025-04-29T10:24:57+00:00\",\"dateModified\":\"2026-04-21T08:06:43+00:00\",\"breadcrumb\":{\"@id\":\"https:\/\/wuwm.org\/fr\/board-of-directors\/#breadcrumb\"},\"inLanguage\":\"fr-FR\",\"potentialAction\":[{\"@type\":\"ReadAction\",\"target\":[\"https:\/\/wuwm.org\/fr\/board-of-directors\/\"]}]},{\"@type\":\"ImageObject\",\"inLanguage\":\"fr-FR\",\"@id\":\"https:\/\/wuwm.org\/fr\/board-of-directors\/#primaryimage\",\"url\":\"https:\/\/wuwm.org\/wp-content\/uploads\/2022\/02\/february-image.jpg\",\"contentUrl\":\"https:\/\/wuwm.org\/wp-content\/uploads\/2022\/02\/february-image.jpg\",\"width\":5472,\"height\":3648},{\"@type\":\"BreadcrumbList\",\"@id\":\"https:\/\/wuwm.org\/fr\/board-of-directors\/#breadcrumb\",\"itemListElement\":[{\"@type\":\"ListItem\",\"position\":1,\"name\":\"Home\",\"item\":\"https:\/\/wuwm.org\/fr\/\"},{\"@type\":\"ListItem\",\"position\":2,\"name\":\"Conseil d&#8217;administration\"}]},{\"@type\":\"WebSite\",\"@id\":\"https:\/\/wuwm.org\/fr\/#website\",\"url\":\"https:\/\/wuwm.org\/fr\/\",\"name\":\"WUWM\",\"description\":\"World Union of Wholesale Markets\",\"publisher\":{\"@id\":\"https:\/\/wuwm.org\/fr\/#organization\"},\"potentialAction\":[{\"@type\":\"SearchAction\",\"target\":{\"@type\":\"EntryPoint\",\"urlTemplate\":\"https:\/\/wuwm.org\/fr\/?s={search_term_string}\"},\"query-input\":{\"@type\":\"PropertyValueSpecification\",\"valueRequired\":true,\"valueName\":\"search_term_string\"}}],\"inLanguage\":\"fr-FR\"},{\"@type\":\"Organization\",\"@id\":\"https:\/\/wuwm.org\/fr\/#organization\",\"name\":\"WUWM\",\"url\":\"https:\/\/wuwm.org\/fr\/\",\"logo\":{\"@type\":\"ImageObject\",\"inLanguage\":\"fr-FR\",\"@id\":\"https:\/\/wuwm.org\/fr\/#\/schema\/logo\/image\/\",\"url\":\"https:\/\/wuwm.org\/wp-content\/uploads\/2020\/06\/13_807x536_v2.jpg\",\"contentUrl\":\"https:\/\/wuwm.org\/wp-content\/uploads\/2020\/06\/13_807x536_v2.jpg\",\"width\":807,\"height\":536,\"caption\":\"WUWM\"},\"image\":{\"@id\":\"https:\/\/wuwm.org\/fr\/#\/schema\/logo\/image\/\"}}]}<\/script>\n<!-- \/ Yoast SEO plugin. -->","yoast_head_json":{"title":"Conseil d'administration - WUWM","robots":{"index":"index","follow":"follow","max-snippet":"max-snippet:-1","max-image-preview":"max-image-preview:large","max-video-preview":"max-video-preview:-1"},"canonical":"https:\/\/wuwm.org\/fr\/board-of-directors\/","og_locale":"fr_FR","og_type":"article","og_title":"Conseil d'administration - WUWM","og_description":"[vc_row full_width=&#8221;stretch_row&#8221; gap=&#8221;35&#8243; equal_height=&#8221;yes&#8221; content_placement=&#8221;middle&#8221; css=&#8221;.vc_custom_1746755761451{margin-top: 0px !important;margin-bottom: 0px !important;padding-top: 70px !important;padding-bottom: 10px !important;background-color: #FFFFFF !important;}&#8221;][vc_column width=&#8221;1\/2&#8243;][vc_single_image image=&#8221;6159&#8243; img_size=&#8221;full&#8221; css=&#8221;&#8221;][\/vc_column][vc_column width=&#8221;1\/2&#8243;][vc_column_text css=&#8221;&#8221; el_class=&#8221;citation&#8221;] En tant&hellip;","og_url":"https:\/\/wuwm.org\/fr\/board-of-directors\/","og_site_name":"WUWM","article_modified_time":"2026-04-21T08:06:43+00:00","og_image":[{"url":"https:\/\/wuwm.org\/wp-content\/uploads\/2022\/02\/february-image.jpg","width":640,"height":427,"type":"image\/jpeg"}],"twitter_card":"summary_large_image","twitter_misc":{"Dur\u00e9e de lecture estim\u00e9e":"2 minutes"},"schema":{"@context":"https:\/\/schema.org","@graph":[{"@type":"WebPage","@id":"https:\/\/wuwm.org\/fr\/board-of-directors\/","url":"https:\/\/wuwm.org\/fr\/board-of-directors\/","name":"Conseil d'administration - WUWM","isPartOf":{"@id":"https:\/\/wuwm.org\/fr\/#website"},"primaryImageOfPage":{"@id":"https:\/\/wuwm.org\/fr\/board-of-directors\/#primaryimage"},"image":{"@id":"https:\/\/wuwm.org\/fr\/board-of-directors\/#primaryimage"},"thumbnailUrl":"https:\/\/wuwm.org\/wp-content\/uploads\/2022\/02\/february-image.jpg","datePublished":"2025-04-29T10:24:57+00:00","dateModified":"2026-04-21T08:06:43+00:00","breadcrumb":{"@id":"https:\/\/wuwm.org\/fr\/board-of-directors\/#breadcrumb"},"inLanguage":"fr-FR","potentialAction":[{"@type":"ReadAction","target":["https:\/\/wuwm.org\/fr\/board-of-directors\/"]}]},{"@type":"ImageObject","inLanguage":"fr-FR","@id":"https:\/\/wuwm.org\/fr\/board-of-directors\/#primaryimage","url":"https:\/\/wuwm.org\/wp-content\/uploads\/2022\/02\/february-image.jpg","contentUrl":"https:\/\/wuwm.org\/wp-content\/uploads\/2022\/02\/february-image.jpg","width":5472,"height":3648},{"@type":"BreadcrumbList","@id":"https:\/\/wuwm.org\/fr\/board-of-directors\/#breadcrumb","itemListElement":[{"@type":"ListItem","position":1,"name":"Home","item":"https:\/\/wuwm.org\/fr\/"},{"@type":"ListItem","position":2,"name":"Conseil d&#8217;administration"}]},{"@type":"WebSite","@id":"https:\/\/wuwm.org\/fr\/#website","url":"https:\/\/wuwm.org\/fr\/","name":"WUWM","description":"World Union of Wholesale Markets","publisher":{"@id":"https:\/\/wuwm.org\/fr\/#organization"},"potentialAction":[{"@type":"SearchAction","target":{"@type":"EntryPoint","urlTemplate":"https:\/\/wuwm.org\/fr\/?s={search_term_string}"},"query-input":{"@type":"PropertyValueSpecification","valueRequired":true,"valueName":"search_term_string"}}],"inLanguage":"fr-FR"},{"@type":"Organization","@id":"https:\/\/wuwm.org\/fr\/#organization","name":"WUWM","url":"https:\/\/wuwm.org\/fr\/","logo":{"@type":"ImageObject","inLanguage":"fr-FR","@id":"https:\/\/wuwm.org\/fr\/#\/schema\/logo\/image\/","url":"https:\/\/wuwm.org\/wp-content\/uploads\/2020\/06\/13_807x536_v2.jpg","contentUrl":"https:\/\/wuwm.org\/wp-content\/uploads\/2020\/06\/13_807x536_v2.jpg","width":807,"height":536,"caption":"WUWM"},"image":{"@id":"https:\/\/wuwm.org\/fr\/#\/schema\/logo\/image\/"}}]}},"_links":{"self":[{"href":"https:\/\/wuwm.org\/fr\/wp-json\/wp\/v2\/pages\/6167","targetHints":{"allow":["GET"]}}],"collection":[{"href":"https:\/\/wuwm.org\/fr\/wp-json\/wp\/v2\/pages"}],"about":[{"href":"https:\/\/wuwm.org\/fr\/wp-json\/wp\/v2\/types\/page"}],"author":[{"embeddable":true,"href":"https:\/\/wuwm.org\/fr\/wp-json\/wp\/v2\/users\/7"}],"replies":[{"embeddable":true,"href":"https:\/\/wuwm.org\/fr\/wp-json\/wp\/v2\/comments?post=6167"}],"version-history":[{"count":19,"href":"https:\/\/wuwm.org\/fr\/wp-json\/wp\/v2\/pages\/6167\/revisions"}],"predecessor-version":[{"id":8284,"href":"https:\/\/wuwm.org\/fr\/wp-json\/wp\/v2\/pages\/6167\/revisions\/8284"}],"wp:featuredmedia":[{"embeddable":true,"href":"https:\/\/wuwm.org\/fr\/wp-json\/wp\/v2\/media\/5804"}],"wp:attachment":[{"href":"https:\/\/wuwm.org\/fr\/wp-json\/wp\/v2\/media?parent=6167"}],"curies":[{"name":"wp","href":"https:\/\/api.w.org\/{rel}","templated":true}]}}