{"id":6179,"date":"2025-04-29T12:28:09","date_gmt":"2025-04-29T10:28:09","guid":{"rendered":"https:\/\/wuwm.org\/contact-us\/"},"modified":"2025-06-05T15:07:59","modified_gmt":"2025-06-05T13:07:59","slug":"contact-us","status":"publish","type":"page","link":"https:\/\/wuwm.org\/fr\/contact-us\/","title":{"rendered":"Contactez nous"},"content":{"rendered":"<div class=\"wpb-content-wrapper\"><p>[vc_row full_width=&#8221;stretch_row&#8221; css=&#8221;.vc_custom_1746755229669{padding-top: 100px !important;padding-bottom: 100px !important;background-color: #FFFFFF !important;}&#8221;][vc_column width=&#8221;1\/2&#8243;][vc_column_text css=&#8221;&#8221;]<\/p>\n<h3 class=\"contact-info__title\">Adresse<\/h3>\n<p>The World Union of Wholesale Markets (WUWM)<br \/>\n1 rue de la Tour,<br \/>\n94150 RUNGIS CEDEX,<br \/>\nFrance<\/p>\n<h3>Secr\u00e9tariat de la WUWM<\/h3>\n<p><strong><span style=\"color: #01374d;\">Val\u00e9rie Vion<\/span><\/strong><br \/>\nSecr\u00e9taire g\u00e9n\u00e9rale<br \/>\n<a href=\"mailto:v.vion@wuwm.org\" target=\"_blank\" rel=\"noopener\">v.vion@wuwm.org<\/a><\/p>\n<p><strong><span style=\"color: #01374d;\">Hermine de Nantois<\/span><\/strong><br \/>\nConseill\u00e8re politique et assistante ex\u00e9cutive du secr\u00e9taire g\u00e9n\u00e9ral<br \/>\n<a href=\"mailto:h.denantois@wuwm.org\" target=\"_blank\" rel=\"noopener\">h.denantois@wuwm.org<\/a>[\/vc_column_text][vc_column_text css=&#8221;&#8221;]<\/p>\n<h3>T\u00e9l\u00e9phone<\/h3>\n<p>Tel : +33 7 66 67 29 16[\/vc_column_text][vc_row_inner][vc_column_inner width=&#8221;1\/2&#8243;][vc_column_text css=&#8221;&#8221;]<\/p>\n<h3>Contactez nous<\/h3>\n<p><a class=\"contact-info__link\" href=\"mailto:info@wuwm.org\" target=\"\">info@wuwm.org<\/a>[\/vc_column_text][\/vc_column_inner][vc_column_inner width=&#8221;1\/2&#8243;][vc_column_text css=&#8221;&#8221;]<\/p>\n<h3>Contact presse<\/h3>\n<p><a class=\"contact-info__link\" href=\"mailto:press@wuwm.org\" target=\"\">press@wuwm.org<\/a><\/p>\n<p>[\/vc_column_text][\/vc_column_inner][\/vc_row_inner][\/vc_column][vc_column width=&#8221;1\/2&#8243;][vc_raw_html css=&#8221;&#8221;]PGlmcmFtZSBzcmM9Imh0dHBzOi8vd3d3Lmdvb2dsZS5jb20vbWFwcy9lbWJlZD9wYj0hMW0xNiExbTEyITFtMyExZDE3Njk4Ljk1ODUyNDcxMjUzNiEyZDIuMzQxMzIzMTQyNTc0OTAwNCEzZDQ4Ljc0NDM0NzY3MjY3MDI4ITJtMyExZjAhMmYwITNmMCEzbTIhMWkxMDI0ITJpNzY4ITRmMTMuMSEybTEhMXNXb3JsZCUyMFVuaW9uJTIwb2YlMjBXaG9sZXNhbGUlMjBNYXJrZXRzJTIwKFdVV00pJTIwMSUyMHJ1ZSUyMGRlJTIwbGElMjBUb3VyJTJDJTIwOTQxNTIlMjBSVU5HSVMlMjBDRURFWCUyQyUyMEZyYW5jZSE1ZTAhM20yITFzZnIhMnNmciE0djE3NDY1MzkxOTI4MzUhNW0yITFzZnIhMnNmciIgd2lkdGg9IjYwMCIgaGVpZ2h0PSI0NTAiIHN0eWxlPSJib3JkZXI6MDsiIGFsbG93ZnVsbHNjcmVlbj0iIiBsb2FkaW5nPSJsYXp5IiByZWZlcnJlcnBvbGljeT0ibm8tcmVmZXJyZXItd2hlbi1kb3duZ3JhZGUiPjwvaWZyYW1lPg==[\/vc_raw_html][\/vc_column][\/vc_row]<\/p>\n<\/div>","protected":false},"excerpt":{"rendered":"<p>[vc_row full_width=&#8221;stretch_row&#8221; css=&#8221;.vc_custom_1746755229669{padding-top: 100px !important;padding-bottom: 100px !important;background-color: #FFFFFF !important;}&#8221;][vc_column width=&#8221;1\/2&#8243;][vc_column_text css=&#8221;&#8221;] Adresse The World Union of Wholesale Markets (WUWM) 1 rue de la Tour, 94150&hellip;<\/p>\n","protected":false},"author":7,"featured_media":5982,"parent":0,"menu_order":0,"comment_status":"closed","ping_status":"closed","template":"","meta":{"_acf_changed":false,"inline_featured_image":false,"footnotes":""},"class_list":["post-6179","page","type-page","status-publish","has-post-thumbnail","hentry"],"acf":[],"yoast_head":"<!-- This site is optimized with the Yoast SEO plugin v27.0 - https:\/\/yoast.com\/product\/yoast-seo-wordpress\/ -->\n<title>Contactez nous - WUWM<\/title>\n<meta name=\"robots\" content=\"index, follow, max-snippet:-1, max-image-preview:large, max-video-preview:-1\" \/>\n<link rel=\"canonical\" href=\"https:\/\/wuwm.org\/fr\/contact-us\/\" \/>\n<meta property=\"og:locale\" content=\"fr_FR\" \/>\n<meta property=\"og:type\" content=\"article\" \/>\n<meta property=\"og:title\" content=\"Contactez nous - WUWM\" \/>\n<meta property=\"og:description\" content=\"[vc_row full_width=&#8221;stretch_row&#8221; css=&#8221;.vc_custom_1746755229669{padding-top: 100px !important;padding-bottom: 100px !important;background-color: #FFFFFF !important;}&#8221;][vc_column width=&#8221;1\/2&#8243;][vc_column_text css=&#8221;&#8221;] Adresse The World Union of Wholesale Markets (WUWM) 1 rue de la Tour, 94150&hellip;\" \/>\n<meta property=\"og:url\" content=\"https:\/\/wuwm.org\/fr\/contact-us\/\" \/>\n<meta property=\"og:site_name\" content=\"WUWM\" \/>\n<meta property=\"article:modified_time\" content=\"2025-06-05T13:07:59+00:00\" \/>\n<meta property=\"og:image\" content=\"https:\/\/wuwm.org\/wp-content\/uploads\/2023\/09\/pexels-photomix-company-868110.jpg\" \/>\n\t<meta property=\"og:image:width\" content=\"640\" \/>\n\t<meta property=\"og:image:height\" content=\"427\" \/>\n\t<meta property=\"og:image:type\" content=\"image\/jpeg\" \/>\n<meta name=\"twitter:card\" content=\"summary_large_image\" \/>\n<meta name=\"twitter:label1\" content=\"Dur\u00e9e de lecture estim\u00e9e\" \/>\n\t<meta name=\"twitter:data1\" content=\"1 minute\" \/>\n<script type=\"application\/ld+json\" class=\"yoast-schema-graph\">{\"@context\":\"https:\/\/schema.org\",\"@graph\":[{\"@type\":\"WebPage\",\"@id\":\"https:\/\/wuwm.org\/fr\/contact-us\/\",\"url\":\"https:\/\/wuwm.org\/fr\/contact-us\/\",\"name\":\"Contactez nous - WUWM\",\"isPartOf\":{\"@id\":\"https:\/\/wuwm.org\/fr\/#website\"},\"primaryImageOfPage\":{\"@id\":\"https:\/\/wuwm.org\/fr\/contact-us\/#primaryimage\"},\"image\":{\"@id\":\"https:\/\/wuwm.org\/fr\/contact-us\/#primaryimage\"},\"thumbnailUrl\":\"https:\/\/wuwm.org\/wp-content\/uploads\/2023\/09\/pexels-photomix-company-868110.jpg\",\"datePublished\":\"2025-04-29T10:28:09+00:00\",\"dateModified\":\"2025-06-05T13:07:59+00:00\",\"breadcrumb\":{\"@id\":\"https:\/\/wuwm.org\/fr\/contact-us\/#breadcrumb\"},\"inLanguage\":\"fr-FR\",\"potentialAction\":[{\"@type\":\"ReadAction\",\"target\":[\"https:\/\/wuwm.org\/fr\/contact-us\/\"]}]},{\"@type\":\"ImageObject\",\"inLanguage\":\"fr-FR\",\"@id\":\"https:\/\/wuwm.org\/fr\/contact-us\/#primaryimage\",\"url\":\"https:\/\/wuwm.org\/wp-content\/uploads\/2023\/09\/pexels-photomix-company-868110.jpg\",\"contentUrl\":\"https:\/\/wuwm.org\/wp-content\/uploads\/2023\/09\/pexels-photomix-company-868110.jpg\",\"width\":6016,\"height\":4016},{\"@type\":\"BreadcrumbList\",\"@id\":\"https:\/\/wuwm.org\/fr\/contact-us\/#breadcrumb\",\"itemListElement\":[{\"@type\":\"ListItem\",\"position\":1,\"name\":\"Home\",\"item\":\"https:\/\/wuwm.org\/fr\/\"},{\"@type\":\"ListItem\",\"position\":2,\"name\":\"Contactez nous\"}]},{\"@type\":\"WebSite\",\"@id\":\"https:\/\/wuwm.org\/fr\/#website\",\"url\":\"https:\/\/wuwm.org\/fr\/\",\"name\":\"WUWM\",\"description\":\"World Union of Wholesale Markets\",\"publisher\":{\"@id\":\"https:\/\/wuwm.org\/fr\/#organization\"},\"potentialAction\":[{\"@type\":\"SearchAction\",\"target\":{\"@type\":\"EntryPoint\",\"urlTemplate\":\"https:\/\/wuwm.org\/fr\/?s={search_term_string}\"},\"query-input\":{\"@type\":\"PropertyValueSpecification\",\"valueRequired\":true,\"valueName\":\"search_term_string\"}}],\"inLanguage\":\"fr-FR\"},{\"@type\":\"Organization\",\"@id\":\"https:\/\/wuwm.org\/fr\/#organization\",\"name\":\"WUWM\",\"url\":\"https:\/\/wuwm.org\/fr\/\",\"logo\":{\"@type\":\"ImageObject\",\"inLanguage\":\"fr-FR\",\"@id\":\"https:\/\/wuwm.org\/fr\/#\/schema\/logo\/image\/\",\"url\":\"https:\/\/wuwm.org\/wp-content\/uploads\/2020\/06\/13_807x536_v2.jpg\",\"contentUrl\":\"https:\/\/wuwm.org\/wp-content\/uploads\/2020\/06\/13_807x536_v2.jpg\",\"width\":807,\"height\":536,\"caption\":\"WUWM\"},\"image\":{\"@id\":\"https:\/\/wuwm.org\/fr\/#\/schema\/logo\/image\/\"}}]}<\/script>\n<!-- \/ Yoast SEO plugin. -->","yoast_head_json":{"title":"Contactez nous - WUWM","robots":{"index":"index","follow":"follow","max-snippet":"max-snippet:-1","max-image-preview":"max-image-preview:large","max-video-preview":"max-video-preview:-1"},"canonical":"https:\/\/wuwm.org\/fr\/contact-us\/","og_locale":"fr_FR","og_type":"article","og_title":"Contactez nous - WUWM","og_description":"[vc_row full_width=&#8221;stretch_row&#8221; css=&#8221;.vc_custom_1746755229669{padding-top: 100px !important;padding-bottom: 100px !important;background-color: #FFFFFF !important;}&#8221;][vc_column width=&#8221;1\/2&#8243;][vc_column_text css=&#8221;&#8221;] Adresse The World Union of Wholesale Markets (WUWM) 1 rue de la Tour, 94150&hellip;","og_url":"https:\/\/wuwm.org\/fr\/contact-us\/","og_site_name":"WUWM","article_modified_time":"2025-06-05T13:07:59+00:00","og_image":[{"url":"https:\/\/wuwm.org\/wp-content\/uploads\/2023\/09\/pexels-photomix-company-868110.jpg","width":640,"height":427,"type":"image\/jpeg"}],"twitter_card":"summary_large_image","twitter_misc":{"Dur\u00e9e de lecture estim\u00e9e":"1 minute"},"schema":{"@context":"https:\/\/schema.org","@graph":[{"@type":"WebPage","@id":"https:\/\/wuwm.org\/fr\/contact-us\/","url":"https:\/\/wuwm.org\/fr\/contact-us\/","name":"Contactez nous - WUWM","isPartOf":{"@id":"https:\/\/wuwm.org\/fr\/#website"},"primaryImageOfPage":{"@id":"https:\/\/wuwm.org\/fr\/contact-us\/#primaryimage"},"image":{"@id":"https:\/\/wuwm.org\/fr\/contact-us\/#primaryimage"},"thumbnailUrl":"https:\/\/wuwm.org\/wp-content\/uploads\/2023\/09\/pexels-photomix-company-868110.jpg","datePublished":"2025-04-29T10:28:09+00:00","dateModified":"2025-06-05T13:07:59+00:00","breadcrumb":{"@id":"https:\/\/wuwm.org\/fr\/contact-us\/#breadcrumb"},"inLanguage":"fr-FR","potentialAction":[{"@type":"ReadAction","target":["https:\/\/wuwm.org\/fr\/contact-us\/"]}]},{"@type":"ImageObject","inLanguage":"fr-FR","@id":"https:\/\/wuwm.org\/fr\/contact-us\/#primaryimage","url":"https:\/\/wuwm.org\/wp-content\/uploads\/2023\/09\/pexels-photomix-company-868110.jpg","contentUrl":"https:\/\/wuwm.org\/wp-content\/uploads\/2023\/09\/pexels-photomix-company-868110.jpg","width":6016,"height":4016},{"@type":"BreadcrumbList","@id":"https:\/\/wuwm.org\/fr\/contact-us\/#breadcrumb","itemListElement":[{"@type":"ListItem","position":1,"name":"Home","item":"https:\/\/wuwm.org\/fr\/"},{"@type":"ListItem","position":2,"name":"Contactez nous"}]},{"@type":"WebSite","@id":"https:\/\/wuwm.org\/fr\/#website","url":"https:\/\/wuwm.org\/fr\/","name":"WUWM","description":"World Union of Wholesale Markets","publisher":{"@id":"https:\/\/wuwm.org\/fr\/#organization"},"potentialAction":[{"@type":"SearchAction","target":{"@type":"EntryPoint","urlTemplate":"https:\/\/wuwm.org\/fr\/?s={search_term_string}"},"query-input":{"@type":"PropertyValueSpecification","valueRequired":true,"valueName":"search_term_string"}}],"inLanguage":"fr-FR"},{"@type":"Organization","@id":"https:\/\/wuwm.org\/fr\/#organization","name":"WUWM","url":"https:\/\/wuwm.org\/fr\/","logo":{"@type":"ImageObject","inLanguage":"fr-FR","@id":"https:\/\/wuwm.org\/fr\/#\/schema\/logo\/image\/","url":"https:\/\/wuwm.org\/wp-content\/uploads\/2020\/06\/13_807x536_v2.jpg","contentUrl":"https:\/\/wuwm.org\/wp-content\/uploads\/2020\/06\/13_807x536_v2.jpg","width":807,"height":536,"caption":"WUWM"},"image":{"@id":"https:\/\/wuwm.org\/fr\/#\/schema\/logo\/image\/"}}]}},"_links":{"self":[{"href":"https:\/\/wuwm.org\/fr\/wp-json\/wp\/v2\/pages\/6179","targetHints":{"allow":["GET"]}}],"collection":[{"href":"https:\/\/wuwm.org\/fr\/wp-json\/wp\/v2\/pages"}],"about":[{"href":"https:\/\/wuwm.org\/fr\/wp-json\/wp\/v2\/types\/page"}],"author":[{"embeddable":true,"href":"https:\/\/wuwm.org\/fr\/wp-json\/wp\/v2\/users\/7"}],"replies":[{"embeddable":true,"href":"https:\/\/wuwm.org\/fr\/wp-json\/wp\/v2\/comments?post=6179"}],"version-history":[{"count":6,"href":"https:\/\/wuwm.org\/fr\/wp-json\/wp\/v2\/pages\/6179\/revisions"}],"predecessor-version":[{"id":6185,"href":"https:\/\/wuwm.org\/fr\/wp-json\/wp\/v2\/pages\/6179\/revisions\/6185"}],"wp:featuredmedia":[{"embeddable":true,"href":"https:\/\/wuwm.org\/fr\/wp-json\/wp\/v2\/media\/5982"}],"wp:attachment":[{"href":"https:\/\/wuwm.org\/fr\/wp-json\/wp\/v2\/media?parent=6179"}],"curies":[{"name":"wp","href":"https:\/\/api.w.org\/{rel}","templated":true}]}}