{"id":6195,"date":"2025-05-06T15:53:26","date_gmt":"2025-05-06T13:53:26","guid":{"rendered":"https:\/\/wuwm.org\/terms-and-conditions\/"},"modified":"2025-06-05T15:19:08","modified_gmt":"2025-06-05T13:19:08","slug":"terms-and-conditions","status":"publish","type":"page","link":"https:\/\/wuwm.org\/fr\/terms-and-conditions\/","title":{"rendered":"Conditions d&#8217;utilisation"},"content":{"rendered":"<div class=\"wpb-content-wrapper\"><p>[vc_row][vc_column][vc_column_text css=&#8221;&#8221;]<\/p>\n<h1 style=\"text-align: center;\">Conditions g\u00e9n\u00e9rales d&#8217;utilisation<\/h1>\n<p>[\/vc_column_text][\/vc_column][\/vc_row][vc_row][vc_column][vc_column_text]<\/p>\n<p class=\"x_MsoNormal\"><strong><span lang=\"EN\">Nom de l&#8217;association :<\/span><\/strong><\/p>\n<p class=\"x_MsoNormal\">Union Mondiale des March\u00e9s de Gros \/ World Union of Wholesale Markets<\/p>\n<p class=\"x_MsoNormal\"><strong><span lang=\"EN\">Forme juridique :<\/span><\/strong><\/p>\n<p class=\"x_MsoNormal\"><span lang=\"EN\">Association loi 1901<\/span><\/p>\n<p class=\"x_MsoNormal\"><span lang=\"EN\"> <\/span><\/p>\n<p class=\"x_MsoNormal\"><strong>Si\u00e8ge social :  <\/strong><\/p>\n<p class=\"x_MsoNormal\"><span lang=\"EN\">1 rue de la Tour,<\/span><\/p>\n<p class=\"x_MsoNormal\"><span lang=\"EN\">94150 RUNGIS CEDEX,<\/span><\/p>\n<p class=\"x_MsoNormal\"><span lang=\"EN\">France<\/span><\/p>\n<p class=\"x_MsoNormal\"><span lang=\"EN\"> <\/span><\/p>\n<p class=\"x_MsoNormal\"><strong><span lang=\"EN\">Num\u00e9ro d&#8217;enregistrement :<\/span><\/strong><\/p>\n<p class=\"x_MsoNormal\">W943011422<\/p>\n<p class=\"x_MsoNormal\"><span lang=\"EN\"> <\/span><\/p>\n<p class=\"x_MsoNormal\"><strong><span lang=\"EN\">Responsable de la publication :<\/span><\/strong><\/p>\n<p class=\"x_MsoNormal\"><span lang=\"EN\">Val\u00e9rie Vion (Secr\u00e9taire g\u00e9n\u00e9rale)<\/span><\/p>\n<p class=\"x_MsoNormal\"><span lang=\"EN\">Courriel : <\/span><span lang=\"EN\">v.vion@wuwm.org<\/span><\/p>\n<p class=\"x_MsoNormal\"><span lang=\"EN\">T\u00e9l\u00e9phone : +33 7 66 67 29 16 <\/span><span lang=\"EN\">+33 7 66 67 29 16<\/span><\/p>\n<p class=\"x_MsoNormal\"><span lang=\"EN\"> <\/span><\/p>\n<p class=\"x_MsoNormal\"><strong><span lang=\"EN\">Fournisseur d&#8217;h\u00e9bergement :<\/span><\/strong><\/p>\n<p class=\"x_MsoNormal\"><span lang=\"EN\">OVH, 2 Rue Kellermann, 59100 Roubaix, France<\/span><\/p>\n<p class=\"x_MsoNormal\"><span lang=\"EN\">Num\u00e9ro de t\u00e9l\u00e9phone de l&#8217;h\u00e9bergeur : +33 9 72 10 10 07<\/span><\/p>\n<p class=\"x_MsoNormal\"><span lang=\"EN\"> <\/span><\/p>\n<p class=\"x_MsoNormal\"><strong><span lang=\"EN\">Propri\u00e9t\u00e9 intellectuelle :<\/span><\/strong><\/p>\n<p class=\"x_MsoNormal\"><span lang=\"EN\">Tout le contenu de ce site est la propri\u00e9t\u00e9 de l&#8217;Union mondiale des march\u00e9s de gros (UMMG), sauf indication contraire. Il est prot\u00e9g\u00e9 par le droit d&#8217;auteur et ne peut \u00eatre utilis\u00e9 sans autorisation. <\/span><\/p>\n<p class=\"x_MsoNormal\"><span lang=\"EN\"> <\/span><\/p>\n<p class=\"x_MsoNormal\"><strong><span lang=\"EN\">Politique de confidentialit\u00e9 :<\/span><\/strong><\/p>\n<p class=\"x_MsoNormal\"><span lang=\"EN\">L&#8217;association collecte certaines donn\u00e9es personnelles. Vous disposez d&#8217;un droit d&#8217;acc\u00e8s, de modification et de suppression de vos donn\u00e9es, conform\u00e9ment au r\u00e8glement g\u00e9n\u00e9ral sur la protection des donn\u00e9es (RGPD), en vous adressant \u00e0   <\/span><span lang=\"EN\"><a href=\"mailto:info@wuwm.org\" target=\"_blank\" rel=\"noopener noreferrer\">info@wuwm.org<\/a><\/span><\/p>\n<p>[\/vc_column_text][\/vc_column][\/vc_row]<\/p>\n<\/div>","protected":false},"excerpt":{"rendered":"<p>[vc_row][vc_column][vc_column_text css=&#8221;&#8221;] Conditions g\u00e9n\u00e9rales d&#8217;utilisation [\/vc_column_text][\/vc_column][\/vc_row][vc_row][vc_column][vc_column_text] Nom de l&#8217;association : Union Mondiale des March\u00e9s de Gros \/ World Union of Wholesale Markets Forme juridique :&hellip;<\/p>\n","protected":false},"author":7,"featured_media":0,"parent":0,"menu_order":0,"comment_status":"closed","ping_status":"closed","template":"","meta":{"_acf_changed":false,"inline_featured_image":false,"footnotes":""},"class_list":["post-6195","page","type-page","status-publish","hentry"],"acf":[],"yoast_head":"<!-- This site is optimized with the Yoast SEO plugin v27.0 - https:\/\/yoast.com\/product\/yoast-seo-wordpress\/ -->\n<title>Conditions d&#039;utilisation - WUWM<\/title>\n<meta name=\"robots\" content=\"index, follow, max-snippet:-1, max-image-preview:large, max-video-preview:-1\" \/>\n<link rel=\"canonical\" href=\"https:\/\/wuwm.org\/fr\/terms-and-conditions\/\" \/>\n<meta property=\"og:locale\" content=\"fr_FR\" \/>\n<meta property=\"og:type\" content=\"article\" \/>\n<meta property=\"og:title\" content=\"Conditions d&#039;utilisation - WUWM\" \/>\n<meta property=\"og:description\" content=\"[vc_row][vc_column][vc_column_text css=&#8221;&#8221;] Conditions g\u00e9n\u00e9rales d&#8217;utilisation [\/vc_column_text][\/vc_column][\/vc_row][vc_row][vc_column][vc_column_text] Nom de l&#8217;association : Union Mondiale des March\u00e9s de Gros \/ World Union of Wholesale Markets Forme juridique :&hellip;\" \/>\n<meta property=\"og:url\" content=\"https:\/\/wuwm.org\/fr\/terms-and-conditions\/\" \/>\n<meta property=\"og:site_name\" content=\"WUWM\" \/>\n<meta property=\"article:modified_time\" content=\"2025-06-05T13:19:08+00:00\" \/>\n<meta property=\"og:image\" content=\"https:\/\/wuwm.org\/wp-content\/uploads\/2020\/06\/13_807x536_v2.jpg\" \/>\n\t<meta property=\"og:image:width\" content=\"807\" \/>\n\t<meta property=\"og:image:height\" content=\"536\" \/>\n\t<meta property=\"og:image:type\" content=\"image\/jpeg\" \/>\n<meta name=\"twitter:card\" content=\"summary_large_image\" \/>\n<meta name=\"twitter:label1\" content=\"Dur\u00e9e de lecture estim\u00e9e\" \/>\n\t<meta name=\"twitter:data1\" content=\"1 minute\" \/>\n<script type=\"application\/ld+json\" class=\"yoast-schema-graph\">{\"@context\":\"https:\/\/schema.org\",\"@graph\":[{\"@type\":\"WebPage\",\"@id\":\"https:\/\/wuwm.org\/fr\/terms-and-conditions\/\",\"url\":\"https:\/\/wuwm.org\/fr\/terms-and-conditions\/\",\"name\":\"Conditions d'utilisation - WUWM\",\"isPartOf\":{\"@id\":\"https:\/\/wuwm.org\/fr\/#website\"},\"datePublished\":\"2025-05-06T13:53:26+00:00\",\"dateModified\":\"2025-06-05T13:19:08+00:00\",\"breadcrumb\":{\"@id\":\"https:\/\/wuwm.org\/fr\/terms-and-conditions\/#breadcrumb\"},\"inLanguage\":\"fr-FR\",\"potentialAction\":[{\"@type\":\"ReadAction\",\"target\":[\"https:\/\/wuwm.org\/fr\/terms-and-conditions\/\"]}]},{\"@type\":\"BreadcrumbList\",\"@id\":\"https:\/\/wuwm.org\/fr\/terms-and-conditions\/#breadcrumb\",\"itemListElement\":[{\"@type\":\"ListItem\",\"position\":1,\"name\":\"Home\",\"item\":\"https:\/\/wuwm.org\/fr\/\"},{\"@type\":\"ListItem\",\"position\":2,\"name\":\"Conditions d&#8217;utilisation\"}]},{\"@type\":\"WebSite\",\"@id\":\"https:\/\/wuwm.org\/fr\/#website\",\"url\":\"https:\/\/wuwm.org\/fr\/\",\"name\":\"WUWM\",\"description\":\"World Union of Wholesale Markets\",\"publisher\":{\"@id\":\"https:\/\/wuwm.org\/fr\/#organization\"},\"potentialAction\":[{\"@type\":\"SearchAction\",\"target\":{\"@type\":\"EntryPoint\",\"urlTemplate\":\"https:\/\/wuwm.org\/fr\/?s={search_term_string}\"},\"query-input\":{\"@type\":\"PropertyValueSpecification\",\"valueRequired\":true,\"valueName\":\"search_term_string\"}}],\"inLanguage\":\"fr-FR\"},{\"@type\":\"Organization\",\"@id\":\"https:\/\/wuwm.org\/fr\/#organization\",\"name\":\"WUWM\",\"url\":\"https:\/\/wuwm.org\/fr\/\",\"logo\":{\"@type\":\"ImageObject\",\"inLanguage\":\"fr-FR\",\"@id\":\"https:\/\/wuwm.org\/fr\/#\/schema\/logo\/image\/\",\"url\":\"https:\/\/wuwm.org\/wp-content\/uploads\/2020\/06\/13_807x536_v2.jpg\",\"contentUrl\":\"https:\/\/wuwm.org\/wp-content\/uploads\/2020\/06\/13_807x536_v2.jpg\",\"width\":807,\"height\":536,\"caption\":\"WUWM\"},\"image\":{\"@id\":\"https:\/\/wuwm.org\/fr\/#\/schema\/logo\/image\/\"}}]}<\/script>\n<!-- \/ Yoast SEO plugin. -->","yoast_head_json":{"title":"Conditions d'utilisation - WUWM","robots":{"index":"index","follow":"follow","max-snippet":"max-snippet:-1","max-image-preview":"max-image-preview:large","max-video-preview":"max-video-preview:-1"},"canonical":"https:\/\/wuwm.org\/fr\/terms-and-conditions\/","og_locale":"fr_FR","og_type":"article","og_title":"Conditions d'utilisation - WUWM","og_description":"[vc_row][vc_column][vc_column_text css=&#8221;&#8221;] Conditions g\u00e9n\u00e9rales d&#8217;utilisation [\/vc_column_text][\/vc_column][\/vc_row][vc_row][vc_column][vc_column_text] Nom de l&#8217;association : Union Mondiale des March\u00e9s de Gros \/ World Union of Wholesale Markets Forme juridique :&hellip;","og_url":"https:\/\/wuwm.org\/fr\/terms-and-conditions\/","og_site_name":"WUWM","article_modified_time":"2025-06-05T13:19:08+00:00","og_image":[{"width":807,"height":536,"url":"https:\/\/wuwm.org\/wp-content\/uploads\/2020\/06\/13_807x536_v2.jpg","type":"image\/jpeg"}],"twitter_card":"summary_large_image","twitter_misc":{"Dur\u00e9e de lecture estim\u00e9e":"1 minute"},"schema":{"@context":"https:\/\/schema.org","@graph":[{"@type":"WebPage","@id":"https:\/\/wuwm.org\/fr\/terms-and-conditions\/","url":"https:\/\/wuwm.org\/fr\/terms-and-conditions\/","name":"Conditions d'utilisation - WUWM","isPartOf":{"@id":"https:\/\/wuwm.org\/fr\/#website"},"datePublished":"2025-05-06T13:53:26+00:00","dateModified":"2025-06-05T13:19:08+00:00","breadcrumb":{"@id":"https:\/\/wuwm.org\/fr\/terms-and-conditions\/#breadcrumb"},"inLanguage":"fr-FR","potentialAction":[{"@type":"ReadAction","target":["https:\/\/wuwm.org\/fr\/terms-and-conditions\/"]}]},{"@type":"BreadcrumbList","@id":"https:\/\/wuwm.org\/fr\/terms-and-conditions\/#breadcrumb","itemListElement":[{"@type":"ListItem","position":1,"name":"Home","item":"https:\/\/wuwm.org\/fr\/"},{"@type":"ListItem","position":2,"name":"Conditions d&#8217;utilisation"}]},{"@type":"WebSite","@id":"https:\/\/wuwm.org\/fr\/#website","url":"https:\/\/wuwm.org\/fr\/","name":"WUWM","description":"World Union of Wholesale Markets","publisher":{"@id":"https:\/\/wuwm.org\/fr\/#organization"},"potentialAction":[{"@type":"SearchAction","target":{"@type":"EntryPoint","urlTemplate":"https:\/\/wuwm.org\/fr\/?s={search_term_string}"},"query-input":{"@type":"PropertyValueSpecification","valueRequired":true,"valueName":"search_term_string"}}],"inLanguage":"fr-FR"},{"@type":"Organization","@id":"https:\/\/wuwm.org\/fr\/#organization","name":"WUWM","url":"https:\/\/wuwm.org\/fr\/","logo":{"@type":"ImageObject","inLanguage":"fr-FR","@id":"https:\/\/wuwm.org\/fr\/#\/schema\/logo\/image\/","url":"https:\/\/wuwm.org\/wp-content\/uploads\/2020\/06\/13_807x536_v2.jpg","contentUrl":"https:\/\/wuwm.org\/wp-content\/uploads\/2020\/06\/13_807x536_v2.jpg","width":807,"height":536,"caption":"WUWM"},"image":{"@id":"https:\/\/wuwm.org\/fr\/#\/schema\/logo\/image\/"}}]}},"_links":{"self":[{"href":"https:\/\/wuwm.org\/fr\/wp-json\/wp\/v2\/pages\/6195","targetHints":{"allow":["GET"]}}],"collection":[{"href":"https:\/\/wuwm.org\/fr\/wp-json\/wp\/v2\/pages"}],"about":[{"href":"https:\/\/wuwm.org\/fr\/wp-json\/wp\/v2\/types\/page"}],"author":[{"embeddable":true,"href":"https:\/\/wuwm.org\/fr\/wp-json\/wp\/v2\/users\/7"}],"replies":[{"embeddable":true,"href":"https:\/\/wuwm.org\/fr\/wp-json\/wp\/v2\/comments?post=6195"}],"version-history":[{"count":3,"href":"https:\/\/wuwm.org\/fr\/wp-json\/wp\/v2\/pages\/6195\/revisions"}],"predecessor-version":[{"id":6198,"href":"https:\/\/wuwm.org\/fr\/wp-json\/wp\/v2\/pages\/6195\/revisions\/6198"}],"wp:attachment":[{"href":"https:\/\/wuwm.org\/fr\/wp-json\/wp\/v2\/media?parent=6195"}],"curies":[{"name":"wp","href":"https:\/\/api.w.org\/{rel}","templated":true}]}}