{"id":6613,"date":"2025-05-06T15:53:26","date_gmt":"2025-05-06T13:53:26","guid":{"rendered":"https:\/\/wuwm.org\/termini-e-condizioni\/"},"modified":"2025-06-25T16:20:41","modified_gmt":"2025-06-25T14:20:41","slug":"termini-e-condizioni","status":"publish","type":"page","link":"https:\/\/wuwm.org\/it\/termini-e-condizioni\/","title":{"rendered":"Termini e condizioni"},"content":{"rendered":"<div class=\"wpb-content-wrapper\"><p>[vc_row][vc_column][vc_column_text css=&#8221;&#8221;]<\/p>\n<h1 style=\"text-align: center;\">Termini e condizioni<\/h1>\n<p>[\/vc_column_text][\/vc_column][\/vc_row][vc_row][vc_column][vc_column_text]<\/p>\n<p class=\"x_MsoNormal\"><strong><span lang=\"EN\">Nome dell&#8217;associazione:<\/span><\/strong><\/p>\n<p class=\"x_MsoNormal\">Union Mondiale des March\u00e9s de Gros \/ World Union of Wholesale Markets<\/p>\n<p class=\"x_MsoNormal\"><strong><span lang=\"EN\">Forma legale:<\/span><\/strong><\/p>\n<p class=\"x_MsoNormal\"><span lang=\"EN\">Associazione secondo la legge francese del 1901<\/span><\/p>\n<p class=\"x_MsoNormal\"><span lang=\"EN\"> <\/span><\/p>\n<p class=\"x_MsoNormal\"><strong>Sede centrale: <\/strong><\/p>\n<p class=\"x_MsoNormal\"><span lang=\"EN\">1 rue de la Tour,<\/span><\/p>\n<p class=\"x_MsoNormal\"><span lang=\"EN\">94150 RUNGIS CEDEX,<\/span><\/p>\n<p class=\"x_MsoNormal\"><span lang=\"EN\">Francia<\/span><\/p>\n<p class=\"x_MsoNormal\"><span lang=\"EN\"> <\/span><\/p>\n<p class=\"x_MsoNormal\"><strong><span lang=\"EN\">Numero di registrazione:<\/span><\/strong><\/p>\n<p class=\"x_MsoNormal\">W943011422<\/p>\n<p class=\"x_MsoNormal\"><span lang=\"EN\"> <\/span><\/p>\n<p class=\"x_MsoNormal\"><strong><span lang=\"EN\">Responsabile della pubblicazione:<\/span><\/strong><\/p>\n<p class=\"x_MsoNormal\"><span lang=\"EN\">Val\u00e9rie Vion (Segretario Generale)<\/span><\/p>\n<p class=\"x_MsoNormal\"><span lang=\"EN\">Email: <\/span><span lang=\"EN\">v.vion@wuwm.org<\/span><\/p>\n<p class=\"x_MsoNormal\"><span lang=\"EN\">Telefono: <\/span><span lang=\"EN\">+33 7 66 67 29 16<\/span><\/p>\n<p class=\"x_MsoNormal\"><span lang=\"EN\"> <\/span><\/p>\n<p class=\"x_MsoNormal\"><strong><span lang=\"EN\">Fornitore di hosting:<\/span><\/strong><\/p>\n<p class=\"x_MsoNormal\"><span lang=\"EN\">OVH, 2 Rue Kellermann, 59100 Roubaix, Francia<\/span><\/p>\n<p class=\"x_MsoNormal\"><span lang=\"EN\">Numero di telefono del fornitore di hosting: +33 9 72 10 10 07<\/span><\/p>\n<p class=\"x_MsoNormal\"><span lang=\"EN\"> <\/span><\/p>\n<p class=\"x_MsoNormal\"><strong><span lang=\"EN\">Propriet\u00e0 intellettuale:<\/span><\/strong><\/p>\n<p class=\"x_MsoNormal\"><span lang=\"EN\">Tutto il contenuto di questo sito \u00e8 di propriet\u00e0 della World Union of Wholesale Markets (WUWM), salvo diversamente indicato. \u00c8 protetto da copyright e non pu\u00f2 essere utilizzato senza permesso. <\/span><\/p>\n<p class=\"x_MsoNormal\"><span lang=\"EN\"> <\/span><\/p>\n<p class=\"x_MsoNormal\"><strong><span lang=\"EN\">Politica sulla privacy:<\/span><\/strong><\/p>\n<p class=\"x_MsoNormal\"><span lang=\"EN\">L&#8217;associazione raccoglie alcuni dati personali. Hai il diritto di accedere, modificare o cancellare i tuoi dati, in conformit\u00e0 con il Regolamento Generale sulla Protezione dei Dati (GDPR), contattando  <\/span><span lang=\"EN\"><a href=\"mailto:info@wuwm.org\" target=\"_blank\" rel=\"noopener noreferrer\">info@wuwm.org<\/a><\/span><\/p>\n<p>[\/vc_column_text][\/vc_column][\/vc_row]<\/p>\n<\/div>","protected":false},"excerpt":{"rendered":"<p>[vc_row][vc_column][vc_column_text css=&#8221;&#8221;] Termini e condizioni [\/vc_column_text][\/vc_column][\/vc_row][vc_row][vc_column][vc_column_text] Nome dell&#8217;associazione: Union Mondiale des March\u00e9s de Gros \/ World Union of Wholesale Markets Forma legale: Associazione secondo la&hellip;<\/p>\n","protected":false},"author":7,"featured_media":0,"parent":0,"menu_order":0,"comment_status":"closed","ping_status":"closed","template":"","meta":{"_acf_changed":false,"inline_featured_image":false,"footnotes":""},"class_list":["post-6613","page","type-page","status-publish","hentry"],"acf":[],"yoast_head":"<!-- This site is optimized with the Yoast SEO plugin v27.0 - https:\/\/yoast.com\/product\/yoast-seo-wordpress\/ -->\n<title>Termini e condizioni - WUWM<\/title>\n<meta name=\"robots\" content=\"index, follow, max-snippet:-1, max-image-preview:large, max-video-preview:-1\" \/>\n<link rel=\"canonical\" href=\"https:\/\/wuwm.org\/it\/termini-e-condizioni\/\" \/>\n<meta property=\"og:locale\" content=\"it_IT\" \/>\n<meta property=\"og:type\" content=\"article\" \/>\n<meta property=\"og:title\" content=\"Termini e condizioni - WUWM\" \/>\n<meta property=\"og:description\" content=\"[vc_row][vc_column][vc_column_text css=&#8221;&#8221;] Termini e condizioni [\/vc_column_text][\/vc_column][\/vc_row][vc_row][vc_column][vc_column_text] Nome dell&#8217;associazione: Union Mondiale des March\u00e9s de Gros \/ World Union of Wholesale Markets Forma legale: Associazione secondo la&hellip;\" \/>\n<meta property=\"og:url\" content=\"https:\/\/wuwm.org\/it\/termini-e-condizioni\/\" \/>\n<meta property=\"og:site_name\" content=\"WUWM\" \/>\n<meta property=\"article:modified_time\" content=\"2025-06-25T14:20:41+00:00\" \/>\n<meta property=\"og:image\" content=\"https:\/\/wuwm.org\/wp-content\/uploads\/2020\/06\/13_807x536_v2.jpg\" \/>\n\t<meta property=\"og:image:width\" content=\"807\" \/>\n\t<meta property=\"og:image:height\" content=\"536\" \/>\n\t<meta property=\"og:image:type\" content=\"image\/jpeg\" \/>\n<meta name=\"twitter:card\" content=\"summary_large_image\" \/>\n<meta name=\"twitter:label1\" content=\"Tempo di lettura stimato\" \/>\n\t<meta name=\"twitter:data1\" content=\"1 minuto\" \/>\n<script type=\"application\/ld+json\" class=\"yoast-schema-graph\">{\"@context\":\"https:\/\/schema.org\",\"@graph\":[{\"@type\":\"WebPage\",\"@id\":\"https:\/\/wuwm.org\/it\/termini-e-condizioni\/\",\"url\":\"https:\/\/wuwm.org\/it\/termini-e-condizioni\/\",\"name\":\"Termini e condizioni - WUWM\",\"isPartOf\":{\"@id\":\"https:\/\/wuwm.org\/it\/#website\"},\"datePublished\":\"2025-05-06T13:53:26+00:00\",\"dateModified\":\"2025-06-25T14:20:41+00:00\",\"breadcrumb\":{\"@id\":\"https:\/\/wuwm.org\/it\/termini-e-condizioni\/#breadcrumb\"},\"inLanguage\":\"it-IT\",\"potentialAction\":[{\"@type\":\"ReadAction\",\"target\":[\"https:\/\/wuwm.org\/it\/termini-e-condizioni\/\"]}]},{\"@type\":\"BreadcrumbList\",\"@id\":\"https:\/\/wuwm.org\/it\/termini-e-condizioni\/#breadcrumb\",\"itemListElement\":[{\"@type\":\"ListItem\",\"position\":1,\"name\":\"Home\",\"item\":\"https:\/\/wuwm.org\/it\/casa\/\"},{\"@type\":\"ListItem\",\"position\":2,\"name\":\"Termini e condizioni\"}]},{\"@type\":\"WebSite\",\"@id\":\"https:\/\/wuwm.org\/it\/#website\",\"url\":\"https:\/\/wuwm.org\/it\/\",\"name\":\"WUWM\",\"description\":\"World Union of Wholesale Markets\",\"publisher\":{\"@id\":\"https:\/\/wuwm.org\/it\/#organization\"},\"potentialAction\":[{\"@type\":\"SearchAction\",\"target\":{\"@type\":\"EntryPoint\",\"urlTemplate\":\"https:\/\/wuwm.org\/it\/?s={search_term_string}\"},\"query-input\":{\"@type\":\"PropertyValueSpecification\",\"valueRequired\":true,\"valueName\":\"search_term_string\"}}],\"inLanguage\":\"it-IT\"},{\"@type\":\"Organization\",\"@id\":\"https:\/\/wuwm.org\/it\/#organization\",\"name\":\"WUWM\",\"url\":\"https:\/\/wuwm.org\/it\/\",\"logo\":{\"@type\":\"ImageObject\",\"inLanguage\":\"it-IT\",\"@id\":\"https:\/\/wuwm.org\/it\/#\/schema\/logo\/image\/\",\"url\":\"https:\/\/wuwm.org\/wp-content\/uploads\/2020\/06\/13_807x536_v2.jpg\",\"contentUrl\":\"https:\/\/wuwm.org\/wp-content\/uploads\/2020\/06\/13_807x536_v2.jpg\",\"width\":807,\"height\":536,\"caption\":\"WUWM\"},\"image\":{\"@id\":\"https:\/\/wuwm.org\/it\/#\/schema\/logo\/image\/\"}}]}<\/script>\n<!-- \/ Yoast SEO plugin. -->","yoast_head_json":{"title":"Termini e condizioni - WUWM","robots":{"index":"index","follow":"follow","max-snippet":"max-snippet:-1","max-image-preview":"max-image-preview:large","max-video-preview":"max-video-preview:-1"},"canonical":"https:\/\/wuwm.org\/it\/termini-e-condizioni\/","og_locale":"it_IT","og_type":"article","og_title":"Termini e condizioni - WUWM","og_description":"[vc_row][vc_column][vc_column_text css=&#8221;&#8221;] Termini e condizioni [\/vc_column_text][\/vc_column][\/vc_row][vc_row][vc_column][vc_column_text] Nome dell&#8217;associazione: Union Mondiale des March\u00e9s de Gros \/ World Union of Wholesale Markets Forma legale: Associazione secondo la&hellip;","og_url":"https:\/\/wuwm.org\/it\/termini-e-condizioni\/","og_site_name":"WUWM","article_modified_time":"2025-06-25T14:20:41+00:00","og_image":[{"width":807,"height":536,"url":"https:\/\/wuwm.org\/wp-content\/uploads\/2020\/06\/13_807x536_v2.jpg","type":"image\/jpeg"}],"twitter_card":"summary_large_image","twitter_misc":{"Tempo di lettura stimato":"1 minuto"},"schema":{"@context":"https:\/\/schema.org","@graph":[{"@type":"WebPage","@id":"https:\/\/wuwm.org\/it\/termini-e-condizioni\/","url":"https:\/\/wuwm.org\/it\/termini-e-condizioni\/","name":"Termini e condizioni - WUWM","isPartOf":{"@id":"https:\/\/wuwm.org\/it\/#website"},"datePublished":"2025-05-06T13:53:26+00:00","dateModified":"2025-06-25T14:20:41+00:00","breadcrumb":{"@id":"https:\/\/wuwm.org\/it\/termini-e-condizioni\/#breadcrumb"},"inLanguage":"it-IT","potentialAction":[{"@type":"ReadAction","target":["https:\/\/wuwm.org\/it\/termini-e-condizioni\/"]}]},{"@type":"BreadcrumbList","@id":"https:\/\/wuwm.org\/it\/termini-e-condizioni\/#breadcrumb","itemListElement":[{"@type":"ListItem","position":1,"name":"Home","item":"https:\/\/wuwm.org\/it\/casa\/"},{"@type":"ListItem","position":2,"name":"Termini e condizioni"}]},{"@type":"WebSite","@id":"https:\/\/wuwm.org\/it\/#website","url":"https:\/\/wuwm.org\/it\/","name":"WUWM","description":"World Union of Wholesale Markets","publisher":{"@id":"https:\/\/wuwm.org\/it\/#organization"},"potentialAction":[{"@type":"SearchAction","target":{"@type":"EntryPoint","urlTemplate":"https:\/\/wuwm.org\/it\/?s={search_term_string}"},"query-input":{"@type":"PropertyValueSpecification","valueRequired":true,"valueName":"search_term_string"}}],"inLanguage":"it-IT"},{"@type":"Organization","@id":"https:\/\/wuwm.org\/it\/#organization","name":"WUWM","url":"https:\/\/wuwm.org\/it\/","logo":{"@type":"ImageObject","inLanguage":"it-IT","@id":"https:\/\/wuwm.org\/it\/#\/schema\/logo\/image\/","url":"https:\/\/wuwm.org\/wp-content\/uploads\/2020\/06\/13_807x536_v2.jpg","contentUrl":"https:\/\/wuwm.org\/wp-content\/uploads\/2020\/06\/13_807x536_v2.jpg","width":807,"height":536,"caption":"WUWM"},"image":{"@id":"https:\/\/wuwm.org\/it\/#\/schema\/logo\/image\/"}}]}},"_links":{"self":[{"href":"https:\/\/wuwm.org\/it\/wp-json\/wp\/v2\/pages\/6613","targetHints":{"allow":["GET"]}}],"collection":[{"href":"https:\/\/wuwm.org\/it\/wp-json\/wp\/v2\/pages"}],"about":[{"href":"https:\/\/wuwm.org\/it\/wp-json\/wp\/v2\/types\/page"}],"author":[{"embeddable":true,"href":"https:\/\/wuwm.org\/it\/wp-json\/wp\/v2\/users\/7"}],"replies":[{"embeddable":true,"href":"https:\/\/wuwm.org\/it\/wp-json\/wp\/v2\/comments?post=6613"}],"version-history":[{"count":2,"href":"https:\/\/wuwm.org\/it\/wp-json\/wp\/v2\/pages\/6613\/revisions"}],"predecessor-version":[{"id":6615,"href":"https:\/\/wuwm.org\/it\/wp-json\/wp\/v2\/pages\/6613\/revisions\/6615"}],"wp:attachment":[{"href":"https:\/\/wuwm.org\/it\/wp-json\/wp\/v2\/media?parent=6613"}],"curies":[{"name":"wp","href":"https:\/\/api.w.org\/{rel}","templated":true}]}}