{"id":6650,"date":"2025-04-29T12:24:57","date_gmt":"2025-04-29T10:24:57","guid":{"rendered":"https:\/\/wuwm.org\/consiglio-di-amministrazione\/"},"modified":"2025-11-13T17:12:22","modified_gmt":"2025-11-13T16:12:22","slug":"consiglio-di-amministrazione","status":"publish","type":"page","link":"https:\/\/wuwm.org\/it\/consiglio-di-amministrazione\/","title":{"rendered":"Consiglio di amministrazione"},"content":{"rendered":"<div class=\"wpb-content-wrapper\"><p>[vc_row full_width=&#8221;stretch_row&#8221; gap=&#8221;35&#8243; equal_height=&#8221;yes&#8221; content_placement=&#8221;middle&#8221; css=&#8221;.vc_custom_1746755761451{margin-top: 0px !important;margin-bottom: 0px !important;padding-top: 70px !important;padding-bottom: 10px !important;background-color: #FFFFFF !important;}&#8221;][vc_column width=&#8221;1\/2&#8243;][vc_single_image image=&#8221;7841&#8243; img_size=&#8221;full&#8221; css=&#8221;&#8221;][\/vc_column][vc_column width=&#8221;1\/2&#8243;][vc_column_text css=&#8221;&#8221; el_class=&#8221;citation&#8221;]<\/p>\n<blockquote><p>Come gruppo di esperti di mercati e prodotti freschi, abbiamo supportato importanti miglioramenti nel nostro settore a livello mondiale condividendo le migliori pratiche su sfide comuni, sviluppando nuove intuizioni sul sistema alimentare globale e promuovendo la necessit\u00e0 di una filiera alimentare pi\u00f9 sostenibile. WUWM \u00e8 una piattaforma unica per un&#8217;azione coordinata che rafforza il processo decisionale dei leader e promuove dialoghi tra pi\u00f9 parti interessate, facilitando una maggiore innovazione nel settore dei prodotti freschi.&#8221;<\/p><\/blockquote>\n<p>[\/vc_column_text][vc_column_text css=&#8221;&#8221; el_class=&#8221;citationauteur&#8221;]<strong>St\u00e9phane layani<\/strong> \/ presidente[\/vc_column_text][\/vc_column][\/vc_row][vc_row full_width=&#8221;stretch_row&#8221; css=&#8221;.vc_custom_1746755779387{padding-bottom: 50px !important;background-color: #FFFFFF !important;}&#8221;][vc_column][vc_column_text css=&#8221;.vc_custom_1746675102015{padding-top: 50px !important;}&#8221;]<\/p>\n<h2 class=\"leadership_section__title\" style=\"text-align: center;\">Leadership<\/h2>\n<p>[\/vc_column_text][vc_row_inner equal_height=&#8221;yes&#8221; gap=&#8221;15&#8243; el_class=&#8221;blocdirector&#8221;][vc_column_inner width=&#8221;1\/4&#8243;][vc_column_text css=&#8221;&#8221;]<\/p>\n<h4 class=\"leadership_section__large-description\"><span style=\"color: #01374d;\">Il nostro organo di governo \u00e8 composto da un presidente, un vicepresidente, 10 direttori e un segretariato con sede a Rungis (Francia).<\/span><\/h4>\n<p>[\/vc_column_text][\/vc_column_inner][vc_column_inner width=&#8221;1\/4&#8243;][vc_single_image image=&#8221;6651&#8243; img_size=&#8221;large&#8221; alignment=&#8221;center&#8221; css=&#8221;&#8221;][vc_column_text css=&#8221;&#8221;]<\/p>\n<h3 class=\"name\" style=\"text-align: center;\">St\u00e9phane Layani<\/h3>\n<h4 class=\"description\" style=\"text-align: center;\">Presidente<\/h4>\n<h5 class=\"location\" style=\"text-align: center;\">Rungis, Francia<\/h5>\n<p>[\/vc_column_text][vc_icon icon_fontawesome=&#8221;far fa-envelope&#8221; color=&#8221;black&#8221; align=&#8221;center&#8221; css=&#8221;.vc_custom_1747177037316{margin-top: -30px !important;}&#8221; link=&#8221;url:mailto%3As.layani%40wuwm.org|target:_blank|rel:nofollow|&#8221;][\/vc_column_inner][vc_column_inner width=&#8221;1\/4&#8243;][vc_single_image image=&#8221;7842&#8243; img_size=&#8221;large&#8221; alignment=&#8221;center&#8221; css=&#8221;&#8221;][vc_column_text css=&#8221;&#8221;]<\/p>\n<h3 class=\"name\" style=\"text-align: center;\">Giannis Triantafyllis<\/h3>\n<h4 class=\"description\" style=\"text-align: center;\">Vicepresidente<\/h4>\n<h5 class=\"location\" style=\"text-align: center;\">Atene, Grecia<\/h5>\n<p>[\/vc_column_text][vc_icon icon_fontawesome=&#8221;far fa-envelope&#8221; color=&#8221;black&#8221; align=&#8221;center&#8221; css=&#8221;.vc_custom_1747177028804{margin-top: -30px !important;}&#8221; link=&#8221;url:mailto%3Ag.triantafyllis%40wuwm.org|target:_blank|rel:nofollow|&#8221;][\/vc_column_inner][vc_column_inner width=&#8221;1\/4&#8243;][vc_single_image image=&#8221;7843&#8243; img_size=&#8221;large&#8221; alignment=&#8221;center&#8221; css=&#8221;&#8221;][vc_column_text css=&#8221;&#8221;]<\/p>\n<h3 class=\"name\" style=\"text-align: center;\">Zengjun Ma<\/h3>\n<h4 class=\"description\" style=\"text-align: center;\">Direttore e leader del gruppo regionale WUWM Asia-Pacifico<\/h4>\n<h5 class=\"location\" style=\"text-align: center;\">Pechino, Cina<\/h5>\n<p>[\/vc_column_text][vc_icon icon_fontawesome=&#8221;far fa-envelope&#8221; color=&#8221;black&#8221; align=&#8221;center&#8221; css=&#8221;.vc_custom_1747177080978{margin-top: -30px !important;}&#8221; link=&#8221;url:mailto%3Az.ma%40wuwm.org|target:_blank|rel:nofollow|&#8221;][\/vc_column_inner][\/vc_row_inner][vc_row_inner equal_height=&#8221;yes&#8221; gap=&#8221;15&#8243; el_class=&#8221;blocdirector&#8221;][vc_column_inner width=&#8221;1\/4&#8243;][vc_single_image image=&#8221;7900&#8243; img_size=&#8221;large&#8221; alignment=&#8221;center&#8221; css=&#8221;&#8221;][vc_column_text css=&#8221;&#8221;]<\/p>\n<h3 class=\"name\" style=\"text-align: center;\">Laurent Nys<\/h3>\n<h4 class=\"description\" style=\"text-align: center;\">Direttore e leader del gruppo europeo WUWM<\/h4>\n<h5 class=\"location\" style=\"text-align: center;\">Bruxelles, Belgio<\/h5>\n<p>[\/vc_column_text][vc_icon icon_fontawesome=&#8221;far fa-envelope&#8221; color=&#8221;black&#8221; align=&#8221;center&#8221; css=&#8221;.vc_custom_1747177117119{margin-top: -30px !important;}&#8221; link=&#8221;url:mailto%3Af.pallottini%40wuwm.org|target:_blank|rel:nofollow|&#8221;][\/vc_column_inner][vc_column_inner width=&#8221;1\/4&#8243;][vc_single_image image=&#8221;7845&#8243; img_size=&#8221;large&#8221; alignment=&#8221;center&#8221; css=&#8221;&#8221;][vc_column_text css=&#8221;&#8221;]<\/p>\n<h3 class=\"name\" style=\"text-align: center;\">Arturo Salvador Fern\u00e1ndez Mart\u00ednez<\/h3>\n<h4 class=\"description\" style=\"text-align: center;\">Direttore e leader del gruppo regionale WUWM Americhe<\/h4>\n<h5 class=\"location\" style=\"text-align: center;\">Citt\u00e0 del Messico, Messico<\/h5>\n<p>[\/vc_column_text][vc_icon icon_fontawesome=&#8221;far fa-envelope&#8221; color=&#8221;black&#8221; align=&#8221;center&#8221; css=&#8221;.vc_custom_1747177152131{margin-top: -30px !important;}&#8221; link=&#8221;url:mailto%3Aa.fernandez%40wuwm.org|target:_blank|rel:nofollow|&#8221;][\/vc_column_inner][vc_column_inner width=&#8221;1\/4&#8243;][vc_single_image image=&#8221;7846&#8243; img_size=&#8221;large&#8221; alignment=&#8221;center&#8221; css=&#8221;&#8221;][vc_column_text css=&#8221;&#8221;]<\/p>\n<h3 class=\"name\" style=\"text-align: center;\">Eva Marone<\/h3>\n<h4 class=\"description\" style=\"text-align: center;\">Direttore e leader del gruppo regionale WUWM Africa<\/h4>\n<h5 class=\"location\" style=\"text-align: center;\">Abidjan, Costa d&#8217;Avorio<\/h5>\n<p>[\/vc_column_text][vc_icon icon_fontawesome=&#8221;far fa-envelope&#8221; color=&#8221;black&#8221; align=&#8221;center&#8221; css=&#8221;.vc_custom_1747177182274{margin-top: -30px !important;}&#8221; link=&#8221;url:mailto%3Ae.marone%40wuwm.org|target:_blank|rel:nofollow|&#8221;][\/vc_column_inner][vc_column_inner width=&#8221;1\/4&#8243;][vc_single_image image=&#8221;7847&#8243; img_size=&#8221;large&#8221; alignment=&#8221;center&#8221; css=&#8221;&#8221;][vc_column_text css=&#8221;&#8221;]<\/p>\n<h3 class=\"name\" style=\"text-align: center;\">Jean-Paul Auguste<\/h3>\n<h4 class=\"description\" style=\"text-align: center;\">Direttore e leader del gruppo mercati al dettaglio WUWM<\/h4>\n<h5 class=\"location\" style=\"text-align: center;\">Livry-Gargan Parigi, Francia<\/h5>\n<p>[\/vc_column_text][vc_icon icon_fontawesome=&#8221;far fa-envelope&#8221; color=&#8221;black&#8221; align=&#8221;center&#8221; css=&#8221;.vc_custom_1747177222785{margin-top: -30px !important;}&#8221; link=&#8221;url:mailto%3Ajp.auguste%40wuwm.org|target:_blank|rel:nofollow|&#8221;][\/vc_column_inner][\/vc_row_inner][vc_row_inner equal_height=&#8221;yes&#8221; gap=&#8221;15&#8243; el_class=&#8221;blocdirector&#8221;][vc_column_inner width=&#8221;1\/4&#8243;][vc_single_image image=&#8221;7848&#8243; img_size=&#8221;large&#8221; alignment=&#8221;center&#8221; css=&#8221;&#8221;][vc_column_text css=&#8221;&#8221;]<\/p>\n<h3 class=\"name\" style=\"text-align: center;\">Raul Giboudot<\/h3>\n<h4 class=\"description\" style=\"text-align: center;\">Direttore<\/h4>\n<h5 class=\"location\" style=\"text-align: center;\">Buenos Aires, Argentina<\/h5>\n<p>[\/vc_column_text][vc_icon icon_fontawesome=&#8221;far fa-envelope&#8221; color=&#8221;black&#8221; align=&#8221;center&#8221; css=&#8221;.vc_custom_1747177254794{margin-top: -30px !important;}&#8221; link=&#8221;url:mailto%3Alaurent.nys%40mabru.be|target:_blank|rel:nofollow|&#8221;][\/vc_column_inner][vc_column_inner width=&#8221;1\/4&#8243;][vc_single_image image=&#8221;7849&#8243; img_size=&#8221;large&#8221; alignment=&#8221;center&#8221; css=&#8221;&#8221;][vc_column_text css=&#8221;&#8221;]<\/p>\n<h3 class=\"name\" style=\"text-align: center;\">Natasa Putnik<\/h3>\n<h4 class=\"description\" style=\"text-align: center;\">Direttore<\/h4>\n<h5 class=\"location\" style=\"text-align: center;\">Belgrado, Serbia<\/h5>\n<p>[\/vc_column_text][\/vc_column_inner][vc_column_inner width=&#8221;1\/4&#8243;][vc_single_image image=&#8221;7850&#8243; img_size=&#8221;large&#8221; alignment=&#8221;center&#8221; css=&#8221;&#8221;][vc_column_text css=&#8221;&#8221;]<\/p>\n<h3 class=\"name\" style=\"text-align: center;\">Dr Jagvir Singh Yadav<\/h3>\n<h4 class=\"description\" style=\"text-align: center;\">Direttore<\/h4>\n<h5 class=\"location\" style=\"text-align: center;\">Nuova Delhi, India<\/h5>\n<p>[\/vc_column_text][vc_icon icon_fontawesome=&#8221;far fa-envelope&#8221; color=&#8221;black&#8221; align=&#8221;center&#8221; css=&#8221;.vc_custom_1747177328562{margin-top: -30px !important;}&#8221; link=&#8221;url:mailto%3Aj.yadav%40wuwm.org|target:_blank|rel:nofollow|&#8221;][\/vc_column_inner][vc_column_inner width=&#8221;1\/4&#8243;][vc_single_image image=&#8221;7851&#8243; img_size=&#8221;large&#8221; alignment=&#8221;center&#8221; css=&#8221;&#8221;][vc_column_text css=&#8221;&#8221;]<\/p>\n<h3 class=\"name\" style=\"text-align: center;\">Eliane Steinmeyer<\/h3>\n<h4 class=\"description\" style=\"text-align: center;\">Direttore<\/h4>\n<h5 class=\"location\" style=\"text-align: center;\">Amburgo, Germania<\/h5>\n<p>[\/vc_column_text][vc_icon icon_fontawesome=&#8221;far fa-envelope&#8221; color=&#8221;black&#8221; align=&#8221;center&#8221; css=&#8221;.vc_custom_1747177360042{margin-top: -30px !important;}&#8221; link=&#8221;url:mailto%3Ae.steinmeyer%40wuwm.org|target:_blank|rel:nofollow|&#8221;][\/vc_column_inner][\/vc_row_inner][\/vc_column][\/vc_row]<\/p>\n<\/div>","protected":false},"excerpt":{"rendered":"<p>[vc_row full_width=&#8221;stretch_row&#8221; gap=&#8221;35&#8243; equal_height=&#8221;yes&#8221; content_placement=&#8221;middle&#8221; css=&#8221;.vc_custom_1746755761451{margin-top: 0px !important;margin-bottom: 0px !important;padding-top: 70px !important;padding-bottom: 10px !important;background-color: #FFFFFF !important;}&#8221;][vc_column width=&#8221;1\/2&#8243;][vc_single_image image=&#8221;7841&#8243; img_size=&#8221;full&#8221; css=&#8221;&#8221;][\/vc_column][vc_column width=&#8221;1\/2&#8243;][vc_column_text css=&#8221;&#8221; el_class=&#8221;citation&#8221;] Come gruppo&hellip;<\/p>\n","protected":false},"author":7,"featured_media":6652,"parent":0,"menu_order":0,"comment_status":"closed","ping_status":"closed","template":"","meta":{"_acf_changed":false,"inline_featured_image":false,"footnotes":""},"class_list":["post-6650","page","type-page","status-publish","has-post-thumbnail","hentry"],"acf":[],"yoast_head":"<!-- This site is optimized with the Yoast SEO plugin v27.0 - https:\/\/yoast.com\/product\/yoast-seo-wordpress\/ -->\n<title>Consiglio di amministrazione - WUWM<\/title>\n<meta name=\"robots\" content=\"index, follow, max-snippet:-1, max-image-preview:large, max-video-preview:-1\" \/>\n<link rel=\"canonical\" href=\"https:\/\/wuwm.org\/it\/consiglio-di-amministrazione\/\" \/>\n<meta property=\"og:locale\" content=\"it_IT\" \/>\n<meta property=\"og:type\" content=\"article\" \/>\n<meta property=\"og:title\" content=\"Consiglio di amministrazione - WUWM\" \/>\n<meta property=\"og:description\" content=\"[vc_row full_width=&#8221;stretch_row&#8221; gap=&#8221;35&#8243; equal_height=&#8221;yes&#8221; content_placement=&#8221;middle&#8221; css=&#8221;.vc_custom_1746755761451{margin-top: 0px !important;margin-bottom: 0px !important;padding-top: 70px !important;padding-bottom: 10px !important;background-color: #FFFFFF !important;}&#8221;][vc_column width=&#8221;1\/2&#8243;][vc_single_image image=&#8221;7841&#8243; img_size=&#8221;full&#8221; css=&#8221;&#8221;][\/vc_column][vc_column width=&#8221;1\/2&#8243;][vc_column_text css=&#8221;&#8221; el_class=&#8221;citation&#8221;] Come gruppo&hellip;\" \/>\n<meta property=\"og:url\" content=\"https:\/\/wuwm.org\/it\/consiglio-di-amministrazione\/\" \/>\n<meta property=\"og:site_name\" content=\"WUWM\" \/>\n<meta property=\"article:modified_time\" content=\"2025-11-13T16:12:22+00:00\" \/>\n<meta property=\"og:image\" content=\"https:\/\/wuwm.org\/wp-content\/uploads\/2022\/02\/february-image.jpg\" \/>\n\t<meta property=\"og:image:width\" content=\"640\" \/>\n\t<meta property=\"og:image:height\" content=\"427\" \/>\n\t<meta property=\"og:image:type\" content=\"image\/jpeg\" \/>\n<meta name=\"twitter:card\" content=\"summary_large_image\" \/>\n<meta name=\"twitter:label1\" content=\"Tempo di lettura stimato\" \/>\n\t<meta name=\"twitter:data1\" content=\"5 minuti\" \/>\n<script type=\"application\/ld+json\" class=\"yoast-schema-graph\">{\"@context\":\"https:\/\/schema.org\",\"@graph\":[{\"@type\":\"WebPage\",\"@id\":\"https:\/\/wuwm.org\/it\/consiglio-di-amministrazione\/\",\"url\":\"https:\/\/wuwm.org\/it\/consiglio-di-amministrazione\/\",\"name\":\"Consiglio di amministrazione - WUWM\",\"isPartOf\":{\"@id\":\"https:\/\/wuwm.org\/it\/#website\"},\"primaryImageOfPage\":{\"@id\":\"https:\/\/wuwm.org\/it\/consiglio-di-amministrazione\/#primaryimage\"},\"image\":{\"@id\":\"https:\/\/wuwm.org\/it\/consiglio-di-amministrazione\/#primaryimage\"},\"thumbnailUrl\":\"https:\/\/wuwm.org\/wp-content\/uploads\/2022\/02\/february-image.jpg\",\"datePublished\":\"2025-04-29T10:24:57+00:00\",\"dateModified\":\"2025-11-13T16:12:22+00:00\",\"breadcrumb\":{\"@id\":\"https:\/\/wuwm.org\/it\/consiglio-di-amministrazione\/#breadcrumb\"},\"inLanguage\":\"it-IT\",\"potentialAction\":[{\"@type\":\"ReadAction\",\"target\":[\"https:\/\/wuwm.org\/it\/consiglio-di-amministrazione\/\"]}]},{\"@type\":\"ImageObject\",\"inLanguage\":\"it-IT\",\"@id\":\"https:\/\/wuwm.org\/it\/consiglio-di-amministrazione\/#primaryimage\",\"url\":\"https:\/\/wuwm.org\/wp-content\/uploads\/2022\/02\/february-image.jpg\",\"contentUrl\":\"https:\/\/wuwm.org\/wp-content\/uploads\/2022\/02\/february-image.jpg\",\"width\":5472,\"height\":3648},{\"@type\":\"BreadcrumbList\",\"@id\":\"https:\/\/wuwm.org\/it\/consiglio-di-amministrazione\/#breadcrumb\",\"itemListElement\":[{\"@type\":\"ListItem\",\"position\":1,\"name\":\"Home\",\"item\":\"https:\/\/wuwm.org\/it\/casa\/\"},{\"@type\":\"ListItem\",\"position\":2,\"name\":\"Consiglio di amministrazione\"}]},{\"@type\":\"WebSite\",\"@id\":\"https:\/\/wuwm.org\/it\/#website\",\"url\":\"https:\/\/wuwm.org\/it\/\",\"name\":\"WUWM\",\"description\":\"World Union of Wholesale Markets\",\"publisher\":{\"@id\":\"https:\/\/wuwm.org\/it\/#organization\"},\"potentialAction\":[{\"@type\":\"SearchAction\",\"target\":{\"@type\":\"EntryPoint\",\"urlTemplate\":\"https:\/\/wuwm.org\/it\/?s={search_term_string}\"},\"query-input\":{\"@type\":\"PropertyValueSpecification\",\"valueRequired\":true,\"valueName\":\"search_term_string\"}}],\"inLanguage\":\"it-IT\"},{\"@type\":\"Organization\",\"@id\":\"https:\/\/wuwm.org\/it\/#organization\",\"name\":\"WUWM\",\"url\":\"https:\/\/wuwm.org\/it\/\",\"logo\":{\"@type\":\"ImageObject\",\"inLanguage\":\"it-IT\",\"@id\":\"https:\/\/wuwm.org\/it\/#\/schema\/logo\/image\/\",\"url\":\"https:\/\/wuwm.org\/wp-content\/uploads\/2020\/06\/13_807x536_v2.jpg\",\"contentUrl\":\"https:\/\/wuwm.org\/wp-content\/uploads\/2020\/06\/13_807x536_v2.jpg\",\"width\":807,\"height\":536,\"caption\":\"WUWM\"},\"image\":{\"@id\":\"https:\/\/wuwm.org\/it\/#\/schema\/logo\/image\/\"}}]}<\/script>\n<!-- \/ Yoast SEO plugin. -->","yoast_head_json":{"title":"Consiglio di amministrazione - WUWM","robots":{"index":"index","follow":"follow","max-snippet":"max-snippet:-1","max-image-preview":"max-image-preview:large","max-video-preview":"max-video-preview:-1"},"canonical":"https:\/\/wuwm.org\/it\/consiglio-di-amministrazione\/","og_locale":"it_IT","og_type":"article","og_title":"Consiglio di amministrazione - WUWM","og_description":"[vc_row full_width=&#8221;stretch_row&#8221; gap=&#8221;35&#8243; equal_height=&#8221;yes&#8221; content_placement=&#8221;middle&#8221; css=&#8221;.vc_custom_1746755761451{margin-top: 0px !important;margin-bottom: 0px !important;padding-top: 70px !important;padding-bottom: 10px !important;background-color: #FFFFFF !important;}&#8221;][vc_column width=&#8221;1\/2&#8243;][vc_single_image image=&#8221;7841&#8243; img_size=&#8221;full&#8221; css=&#8221;&#8221;][\/vc_column][vc_column width=&#8221;1\/2&#8243;][vc_column_text css=&#8221;&#8221; el_class=&#8221;citation&#8221;] Come gruppo&hellip;","og_url":"https:\/\/wuwm.org\/it\/consiglio-di-amministrazione\/","og_site_name":"WUWM","article_modified_time":"2025-11-13T16:12:22+00:00","og_image":[{"url":"https:\/\/wuwm.org\/wp-content\/uploads\/2022\/02\/february-image.jpg","width":640,"height":427,"type":"image\/jpeg"}],"twitter_card":"summary_large_image","twitter_misc":{"Tempo di lettura stimato":"5 minuti"},"schema":{"@context":"https:\/\/schema.org","@graph":[{"@type":"WebPage","@id":"https:\/\/wuwm.org\/it\/consiglio-di-amministrazione\/","url":"https:\/\/wuwm.org\/it\/consiglio-di-amministrazione\/","name":"Consiglio di amministrazione - WUWM","isPartOf":{"@id":"https:\/\/wuwm.org\/it\/#website"},"primaryImageOfPage":{"@id":"https:\/\/wuwm.org\/it\/consiglio-di-amministrazione\/#primaryimage"},"image":{"@id":"https:\/\/wuwm.org\/it\/consiglio-di-amministrazione\/#primaryimage"},"thumbnailUrl":"https:\/\/wuwm.org\/wp-content\/uploads\/2022\/02\/february-image.jpg","datePublished":"2025-04-29T10:24:57+00:00","dateModified":"2025-11-13T16:12:22+00:00","breadcrumb":{"@id":"https:\/\/wuwm.org\/it\/consiglio-di-amministrazione\/#breadcrumb"},"inLanguage":"it-IT","potentialAction":[{"@type":"ReadAction","target":["https:\/\/wuwm.org\/it\/consiglio-di-amministrazione\/"]}]},{"@type":"ImageObject","inLanguage":"it-IT","@id":"https:\/\/wuwm.org\/it\/consiglio-di-amministrazione\/#primaryimage","url":"https:\/\/wuwm.org\/wp-content\/uploads\/2022\/02\/february-image.jpg","contentUrl":"https:\/\/wuwm.org\/wp-content\/uploads\/2022\/02\/february-image.jpg","width":5472,"height":3648},{"@type":"BreadcrumbList","@id":"https:\/\/wuwm.org\/it\/consiglio-di-amministrazione\/#breadcrumb","itemListElement":[{"@type":"ListItem","position":1,"name":"Home","item":"https:\/\/wuwm.org\/it\/casa\/"},{"@type":"ListItem","position":2,"name":"Consiglio di amministrazione"}]},{"@type":"WebSite","@id":"https:\/\/wuwm.org\/it\/#website","url":"https:\/\/wuwm.org\/it\/","name":"WUWM","description":"World Union of Wholesale Markets","publisher":{"@id":"https:\/\/wuwm.org\/it\/#organization"},"potentialAction":[{"@type":"SearchAction","target":{"@type":"EntryPoint","urlTemplate":"https:\/\/wuwm.org\/it\/?s={search_term_string}"},"query-input":{"@type":"PropertyValueSpecification","valueRequired":true,"valueName":"search_term_string"}}],"inLanguage":"it-IT"},{"@type":"Organization","@id":"https:\/\/wuwm.org\/it\/#organization","name":"WUWM","url":"https:\/\/wuwm.org\/it\/","logo":{"@type":"ImageObject","inLanguage":"it-IT","@id":"https:\/\/wuwm.org\/it\/#\/schema\/logo\/image\/","url":"https:\/\/wuwm.org\/wp-content\/uploads\/2020\/06\/13_807x536_v2.jpg","contentUrl":"https:\/\/wuwm.org\/wp-content\/uploads\/2020\/06\/13_807x536_v2.jpg","width":807,"height":536,"caption":"WUWM"},"image":{"@id":"https:\/\/wuwm.org\/it\/#\/schema\/logo\/image\/"}}]}},"_links":{"self":[{"href":"https:\/\/wuwm.org\/it\/wp-json\/wp\/v2\/pages\/6650","targetHints":{"allow":["GET"]}}],"collection":[{"href":"https:\/\/wuwm.org\/it\/wp-json\/wp\/v2\/pages"}],"about":[{"href":"https:\/\/wuwm.org\/it\/wp-json\/wp\/v2\/types\/page"}],"author":[{"embeddable":true,"href":"https:\/\/wuwm.org\/it\/wp-json\/wp\/v2\/users\/7"}],"replies":[{"embeddable":true,"href":"https:\/\/wuwm.org\/it\/wp-json\/wp\/v2\/comments?post=6650"}],"version-history":[{"count":11,"href":"https:\/\/wuwm.org\/it\/wp-json\/wp\/v2\/pages\/6650\/revisions"}],"predecessor-version":[{"id":7915,"href":"https:\/\/wuwm.org\/it\/wp-json\/wp\/v2\/pages\/6650\/revisions\/7915"}],"wp:featuredmedia":[{"embeddable":true,"href":"https:\/\/wuwm.org\/it\/wp-json\/wp\/v2\/media\/6652"}],"wp:attachment":[{"href":"https:\/\/wuwm.org\/it\/wp-json\/wp\/v2\/media?parent=6650"}],"curies":[{"name":"wp","href":"https:\/\/api.w.org\/{rel}","templated":true}]}}