{"id":6750,"date":"2025-05-06T15:53:26","date_gmt":"2025-05-06T13:53:26","guid":{"rendered":"https:\/\/wuwm.org\/termos-e-condicoes\/"},"modified":"2025-07-04T02:01:15","modified_gmt":"2025-07-04T00:01:15","slug":"termos-e-condicoes","status":"publish","type":"page","link":"https:\/\/wuwm.org\/pt-br\/termos-e-condicoes\/","title":{"rendered":"Termos e condi\u00e7\u00f5es"},"content":{"rendered":"<div class=\"wpb-content-wrapper\"><p>[vc_row][vc_column][vc_column_text css=&#8221;&#8221;]<\/p>\n<h1 style=\"text-align: center;\">Termos e condi\u00e7\u00f5es<\/h1>\n<p>[\/vc_column_text][\/vc_column][\/vc_row][vc_row][vc_column][vc_column_text]<\/p>\n<p class=\"x_MsoNormal\"><strong><span lang=\"EN\">Nome da associa\u00e7\u00e3o:<\/span><\/strong><\/p>\n<p class=\"x_MsoNormal\">Union Mondiale des March\u00e9s de Gros \/ World Union of Wholesale Markets<\/p>\n<p class=\"x_MsoNormal\"><strong><span lang=\"EN\">Forma jur\u00eddica:<\/span><\/strong><\/p>\n<p class=\"x_MsoNormal\"><span lang=\"EN\">Associa\u00e7\u00e3o sob a lei francesa de 1901<\/span><\/p>\n<p class=\"x_MsoNormal\"><span lang=\"EN\"> <\/span><\/p>\n<p class=\"x_MsoNormal\"><strong>Sede: <\/strong><\/p>\n<p class=\"x_MsoNormal\"><span lang=\"EN\">1 rue de la Tour,<\/span><\/p>\n<p class=\"x_MsoNormal\"><span lang=\"EN\">94150 RUNGIS CEDEX,<\/span><\/p>\n<p class=\"x_MsoNormal\"><span lang=\"EN\">Fran\u00e7a<\/span><\/p>\n<p class=\"x_MsoNormal\"><span lang=\"EN\"> <\/span><\/p>\n<p class=\"x_MsoNormal\"><strong><span lang=\"EN\">N\u00famero de registro:<\/span><\/strong><\/p>\n<p class=\"x_MsoNormal\">W943011422<\/p>\n<p class=\"x_MsoNormal\"><span lang=\"EN\"> <\/span><\/p>\n<p class=\"x_MsoNormal\"><strong><span lang=\"EN\">Respons\u00e1vel pela publica\u00e7\u00e3o:<\/span><\/strong><\/p>\n<p class=\"x_MsoNormal\"><span lang=\"EN\">Val\u00e9rie Vion (Secret\u00e1ria Geral)<\/span><\/p>\n<p class=\"x_MsoNormal\"><span lang=\"EN\">E-mail: <\/span><span lang=\"EN\">v.vion@wuwm.org<\/span><\/p>\n<p class=\"x_MsoNormal\"><span lang=\"EN\">Telefone: <\/span><span lang=\"EN\">+33 7 66 67 29 16<\/span><\/p>\n<p class=\"x_MsoNormal\"><span lang=\"EN\"> <\/span><\/p>\n<p class=\"x_MsoNormal\"><strong><span lang=\"EN\">Provedor de hospedagem:<\/span><\/strong><\/p>\n<p class=\"x_MsoNormal\"><span lang=\"EN\">OVH, 2 Rue Kellermann, 59100 Roubaix, Fran\u00e7a<\/span><\/p>\n<p class=\"x_MsoNormal\"><span lang=\"EN\">N\u00famero de telefone do provedor de hospedagem: +33 9 72 10 10 07<\/span><\/p>\n<p class=\"x_MsoNormal\"><span lang=\"EN\"> <\/span><\/p>\n<p class=\"x_MsoNormal\"><strong><span lang=\"EN\">Propriedade intelectual:<\/span><\/strong><\/p>\n<p class=\"x_MsoNormal\"><span lang=\"EN\">Todo o conte\u00fado deste site \u00e9 propriedade da World Union of Wholesale Markets (WUWM), salvo indica\u00e7\u00e3o em contr\u00e1rio. \u00c9 protegido por direitos autorais e n\u00e3o pode ser utilizado sem permiss\u00e3o. <\/span><\/p>\n<p class=\"x_MsoNormal\"><span lang=\"EN\"> <\/span><\/p>\n<p class=\"x_MsoNormal\"><strong><span lang=\"EN\">Pol\u00edtica de privacidade:<\/span><\/strong><\/p>\n<p class=\"x_MsoNormal\"><span lang=\"EN\">A associa\u00e7\u00e3o coleta certos dados pessoais. Voc\u00ea tem o direito de acessar, modificar ou excluir seus dados, de acordo com o Regulamento Geral de Prote\u00e7\u00e3o de Dados (RGPD), entrando em contato com  <\/span><span lang=\"EN\"><a href=\"mailto:info@wuwm.org\" target=\"_blank\" rel=\"noopener noreferrer\">info@wuwm.org<\/a><\/span><\/p>\n<p>[\/vc_column_text][\/vc_column][\/vc_row]<\/p>\n<\/div>","protected":false},"excerpt":{"rendered":"<p>[vc_row][vc_column][vc_column_text css=&#8221;&#8221;] Termos e condi\u00e7\u00f5es [\/vc_column_text][\/vc_column][\/vc_row][vc_row][vc_column][vc_column_text] Nome da associa\u00e7\u00e3o: Union Mondiale des March\u00e9s de Gros \/ World Union of Wholesale Markets Forma jur\u00eddica: Associa\u00e7\u00e3o sob&hellip;<\/p>\n","protected":false},"author":7,"featured_media":0,"parent":0,"menu_order":0,"comment_status":"closed","ping_status":"closed","template":"","meta":{"_acf_changed":false,"inline_featured_image":false,"footnotes":""},"class_list":["post-6750","page","type-page","status-publish","hentry"],"acf":[],"yoast_head":"<!-- This site is optimized with the Yoast SEO plugin v27.0 - https:\/\/yoast.com\/product\/yoast-seo-wordpress\/ -->\n<title>Termos e condi\u00e7\u00f5es - WUWM<\/title>\n<meta name=\"robots\" content=\"index, follow, max-snippet:-1, max-image-preview:large, max-video-preview:-1\" \/>\n<link rel=\"canonical\" href=\"https:\/\/wuwm.org\/pt-br\/termos-e-condicoes\/\" \/>\n<meta property=\"og:locale\" content=\"pt_BR\" \/>\n<meta property=\"og:type\" content=\"article\" \/>\n<meta property=\"og:title\" content=\"Termos e condi\u00e7\u00f5es - WUWM\" \/>\n<meta property=\"og:description\" content=\"[vc_row][vc_column][vc_column_text css=&#8221;&#8221;] Termos e condi\u00e7\u00f5es [\/vc_column_text][\/vc_column][\/vc_row][vc_row][vc_column][vc_column_text] Nome da associa\u00e7\u00e3o: Union Mondiale des March\u00e9s de Gros \/ World Union of Wholesale Markets Forma jur\u00eddica: Associa\u00e7\u00e3o sob&hellip;\" \/>\n<meta property=\"og:url\" content=\"https:\/\/wuwm.org\/pt-br\/termos-e-condicoes\/\" \/>\n<meta property=\"og:site_name\" content=\"WUWM\" \/>\n<meta property=\"article:modified_time\" content=\"2025-07-04T00:01:15+00:00\" \/>\n<meta property=\"og:image\" content=\"https:\/\/wuwm.org\/wp-content\/uploads\/2020\/06\/13_807x536_v2.jpg\" \/>\n\t<meta property=\"og:image:width\" content=\"807\" \/>\n\t<meta property=\"og:image:height\" content=\"536\" \/>\n\t<meta property=\"og:image:type\" content=\"image\/jpeg\" \/>\n<meta name=\"twitter:card\" content=\"summary_large_image\" \/>\n<meta name=\"twitter:label1\" content=\"Est. tempo de leitura\" \/>\n\t<meta name=\"twitter:data1\" content=\"1 minuto\" \/>\n<script type=\"application\/ld+json\" class=\"yoast-schema-graph\">{\"@context\":\"https:\/\/schema.org\",\"@graph\":[{\"@type\":\"WebPage\",\"@id\":\"https:\/\/wuwm.org\/pt-br\/termos-e-condicoes\/\",\"url\":\"https:\/\/wuwm.org\/pt-br\/termos-e-condicoes\/\",\"name\":\"Termos e condi\u00e7\u00f5es - WUWM\",\"isPartOf\":{\"@id\":\"https:\/\/wuwm.org\/pt-br\/#website\"},\"datePublished\":\"2025-05-06T13:53:26+00:00\",\"dateModified\":\"2025-07-04T00:01:15+00:00\",\"breadcrumb\":{\"@id\":\"https:\/\/wuwm.org\/pt-br\/termos-e-condicoes\/#breadcrumb\"},\"inLanguage\":\"pt-BR\",\"potentialAction\":[{\"@type\":\"ReadAction\",\"target\":[\"https:\/\/wuwm.org\/pt-br\/termos-e-condicoes\/\"]}]},{\"@type\":\"BreadcrumbList\",\"@id\":\"https:\/\/wuwm.org\/pt-br\/termos-e-condicoes\/#breadcrumb\",\"itemListElement\":[{\"@type\":\"ListItem\",\"position\":1,\"name\":\"Home\",\"item\":\"https:\/\/wuwm.org\/pt-br\/inicio\/\"},{\"@type\":\"ListItem\",\"position\":2,\"name\":\"Termos e condi\u00e7\u00f5es\"}]},{\"@type\":\"WebSite\",\"@id\":\"https:\/\/wuwm.org\/pt-br\/#website\",\"url\":\"https:\/\/wuwm.org\/pt-br\/\",\"name\":\"WUWM\",\"description\":\"World Union of Wholesale Markets\",\"publisher\":{\"@id\":\"https:\/\/wuwm.org\/pt-br\/#organization\"},\"potentialAction\":[{\"@type\":\"SearchAction\",\"target\":{\"@type\":\"EntryPoint\",\"urlTemplate\":\"https:\/\/wuwm.org\/pt-br\/?s={search_term_string}\"},\"query-input\":{\"@type\":\"PropertyValueSpecification\",\"valueRequired\":true,\"valueName\":\"search_term_string\"}}],\"inLanguage\":\"pt-BR\"},{\"@type\":\"Organization\",\"@id\":\"https:\/\/wuwm.org\/pt-br\/#organization\",\"name\":\"WUWM\",\"url\":\"https:\/\/wuwm.org\/pt-br\/\",\"logo\":{\"@type\":\"ImageObject\",\"inLanguage\":\"pt-BR\",\"@id\":\"https:\/\/wuwm.org\/pt-br\/#\/schema\/logo\/image\/\",\"url\":\"https:\/\/wuwm.org\/wp-content\/uploads\/2020\/06\/13_807x536_v2.jpg\",\"contentUrl\":\"https:\/\/wuwm.org\/wp-content\/uploads\/2020\/06\/13_807x536_v2.jpg\",\"width\":807,\"height\":536,\"caption\":\"WUWM\"},\"image\":{\"@id\":\"https:\/\/wuwm.org\/pt-br\/#\/schema\/logo\/image\/\"}}]}<\/script>\n<!-- \/ Yoast SEO plugin. -->","yoast_head_json":{"title":"Termos e condi\u00e7\u00f5es - WUWM","robots":{"index":"index","follow":"follow","max-snippet":"max-snippet:-1","max-image-preview":"max-image-preview:large","max-video-preview":"max-video-preview:-1"},"canonical":"https:\/\/wuwm.org\/pt-br\/termos-e-condicoes\/","og_locale":"pt_BR","og_type":"article","og_title":"Termos e condi\u00e7\u00f5es - WUWM","og_description":"[vc_row][vc_column][vc_column_text css=&#8221;&#8221;] Termos e condi\u00e7\u00f5es [\/vc_column_text][\/vc_column][\/vc_row][vc_row][vc_column][vc_column_text] Nome da associa\u00e7\u00e3o: Union Mondiale des March\u00e9s de Gros \/ World Union of Wholesale Markets Forma jur\u00eddica: Associa\u00e7\u00e3o sob&hellip;","og_url":"https:\/\/wuwm.org\/pt-br\/termos-e-condicoes\/","og_site_name":"WUWM","article_modified_time":"2025-07-04T00:01:15+00:00","og_image":[{"width":807,"height":536,"url":"https:\/\/wuwm.org\/wp-content\/uploads\/2020\/06\/13_807x536_v2.jpg","type":"image\/jpeg"}],"twitter_card":"summary_large_image","twitter_misc":{"Est. tempo de leitura":"1 minuto"},"schema":{"@context":"https:\/\/schema.org","@graph":[{"@type":"WebPage","@id":"https:\/\/wuwm.org\/pt-br\/termos-e-condicoes\/","url":"https:\/\/wuwm.org\/pt-br\/termos-e-condicoes\/","name":"Termos e condi\u00e7\u00f5es - WUWM","isPartOf":{"@id":"https:\/\/wuwm.org\/pt-br\/#website"},"datePublished":"2025-05-06T13:53:26+00:00","dateModified":"2025-07-04T00:01:15+00:00","breadcrumb":{"@id":"https:\/\/wuwm.org\/pt-br\/termos-e-condicoes\/#breadcrumb"},"inLanguage":"pt-BR","potentialAction":[{"@type":"ReadAction","target":["https:\/\/wuwm.org\/pt-br\/termos-e-condicoes\/"]}]},{"@type":"BreadcrumbList","@id":"https:\/\/wuwm.org\/pt-br\/termos-e-condicoes\/#breadcrumb","itemListElement":[{"@type":"ListItem","position":1,"name":"Home","item":"https:\/\/wuwm.org\/pt-br\/inicio\/"},{"@type":"ListItem","position":2,"name":"Termos e condi\u00e7\u00f5es"}]},{"@type":"WebSite","@id":"https:\/\/wuwm.org\/pt-br\/#website","url":"https:\/\/wuwm.org\/pt-br\/","name":"WUWM","description":"World Union of Wholesale Markets","publisher":{"@id":"https:\/\/wuwm.org\/pt-br\/#organization"},"potentialAction":[{"@type":"SearchAction","target":{"@type":"EntryPoint","urlTemplate":"https:\/\/wuwm.org\/pt-br\/?s={search_term_string}"},"query-input":{"@type":"PropertyValueSpecification","valueRequired":true,"valueName":"search_term_string"}}],"inLanguage":"pt-BR"},{"@type":"Organization","@id":"https:\/\/wuwm.org\/pt-br\/#organization","name":"WUWM","url":"https:\/\/wuwm.org\/pt-br\/","logo":{"@type":"ImageObject","inLanguage":"pt-BR","@id":"https:\/\/wuwm.org\/pt-br\/#\/schema\/logo\/image\/","url":"https:\/\/wuwm.org\/wp-content\/uploads\/2020\/06\/13_807x536_v2.jpg","contentUrl":"https:\/\/wuwm.org\/wp-content\/uploads\/2020\/06\/13_807x536_v2.jpg","width":807,"height":536,"caption":"WUWM"},"image":{"@id":"https:\/\/wuwm.org\/pt-br\/#\/schema\/logo\/image\/"}}]}},"_links":{"self":[{"href":"https:\/\/wuwm.org\/pt-br\/wp-json\/wp\/v2\/pages\/6750","targetHints":{"allow":["GET"]}}],"collection":[{"href":"https:\/\/wuwm.org\/pt-br\/wp-json\/wp\/v2\/pages"}],"about":[{"href":"https:\/\/wuwm.org\/pt-br\/wp-json\/wp\/v2\/types\/page"}],"author":[{"embeddable":true,"href":"https:\/\/wuwm.org\/pt-br\/wp-json\/wp\/v2\/users\/7"}],"replies":[{"embeddable":true,"href":"https:\/\/wuwm.org\/pt-br\/wp-json\/wp\/v2\/comments?post=6750"}],"version-history":[{"count":2,"href":"https:\/\/wuwm.org\/pt-br\/wp-json\/wp\/v2\/pages\/6750\/revisions"}],"predecessor-version":[{"id":6752,"href":"https:\/\/wuwm.org\/pt-br\/wp-json\/wp\/v2\/pages\/6750\/revisions\/6752"}],"wp:attachment":[{"href":"https:\/\/wuwm.org\/pt-br\/wp-json\/wp\/v2\/media?parent=6750"}],"curies":[{"name":"wp","href":"https:\/\/api.w.org\/{rel}","templated":true}]}}