{"id":6772,"date":"2025-04-29T12:24:57","date_gmt":"2025-04-29T10:24:57","guid":{"rendered":"https:\/\/wuwm.org\/conselho-de-administracao\/"},"modified":"2025-11-13T17:12:22","modified_gmt":"2025-11-13T16:12:22","slug":"conselho-de-administracao","status":"publish","type":"page","link":"https:\/\/wuwm.org\/pt-br\/conselho-de-administracao\/","title":{"rendered":"Conselho de administra\u00e7\u00e3o"},"content":{"rendered":"<div class=\"wpb-content-wrapper\"><p>[vc_row full_width=&#8221;stretch_row&#8221; gap=&#8221;35&#8243; equal_height=&#8221;yes&#8221; content_placement=&#8221;middle&#8221; css=&#8221;.vc_custom_1746755761451{margin-top: 0px !important;margin-bottom: 0px !important;padding-top: 70px !important;padding-bottom: 10px !important;background-color: #FFFFFF !important;}&#8221;][vc_column width=&#8221;1\/2&#8243;][vc_single_image image=&#8221;7855&#8243; img_size=&#8221;full&#8221; css=&#8221;&#8221;][\/vc_column][vc_column width=&#8221;1\/2&#8243;][vc_column_text css=&#8221;&#8221; el_class=&#8221;citation&#8221;]<\/p>\n<blockquote><p>Como um coletivo de mercados e especialistas em alimentos frescos, apoiamos melhorias significativas em nossa ind\u00fastria em todo o mundo, compartilhando as melhores pr\u00e1ticas sobre desafios comuns, desenvolvendo novas percep\u00e7\u00f5es sobre o sistema alimentar global e promovendo a necessidade de uma cadeia de suprimento de alimentos mais sustent\u00e1vel. A WUWM \u00e9 uma plataforma \u00fanica para a\u00e7\u00e3o coordenada que fortalece a tomada de decis\u00f5es dos l\u00edderes e promove di\u00e1logos multissetoriais facilitando maior inova\u00e7\u00e3o no setor de alimentos frescos.<\/p><\/blockquote>\n<p>[\/vc_column_text][vc_column_text css=&#8221;&#8221; el_class=&#8221;citationauteur&#8221;]<strong>St\u00e9phane layani<\/strong> \/ presidente[\/vc_column_text][\/vc_column][\/vc_row][vc_row full_width=&#8221;stretch_row&#8221; css=&#8221;.vc_custom_1746755779387{padding-bottom: 50px !important;background-color: #FFFFFF !important;}&#8221;][vc_column][vc_column_text css=&#8221;.vc_custom_1746675102015{padding-top: 50px !important;}&#8221;]<\/p>\n<h2 class=\"leadership_section__title\" style=\"text-align: center;\">Lideran\u00e7a<\/h2>\n<p>[\/vc_column_text][vc_row_inner equal_height=&#8221;yes&#8221; gap=&#8221;15&#8243; el_class=&#8221;blocdirector&#8221;][vc_column_inner width=&#8221;1\/4&#8243;][vc_column_text css=&#8221;&#8221;]<\/p>\n<h4 class=\"leadership_section__large-description\"><span style=\"color: #01374d;\">Nosso \u00f3rg\u00e3o dirigente \u00e9 composto por um presidente, um vice-presidente, 10 diretores e um secretariado baseado em Rungis (Fran\u00e7a).<\/span><\/h4>\n<p>[\/vc_column_text][\/vc_column_inner][vc_column_inner width=&#8221;1\/4&#8243;][vc_single_image image=&#8221;6773&#8243; img_size=&#8221;large&#8221; alignment=&#8221;center&#8221; css=&#8221;&#8221;][vc_column_text css=&#8221;&#8221;]<\/p>\n<h3 class=\"name\" style=\"text-align: center;\">St\u00e9phane layani<\/h3>\n<h4 class=\"description\" style=\"text-align: center;\">Presidente<\/h4>\n<h5 class=\"location\" style=\"text-align: center;\">Rungis, Fran\u00e7a<\/h5>\n<p>[\/vc_column_text][vc_icon icon_fontawesome=&#8221;far fa-envelope&#8221; color=&#8221;black&#8221; align=&#8221;center&#8221; css=&#8221;.vc_custom_1747177037316{margin-top: -30px !important;}&#8221; link=&#8221;url:mailto%3As.layani%40wuwm.org|target:_blank|rel:nofollow|&#8221;][\/vc_column_inner][vc_column_inner width=&#8221;1\/4&#8243;][vc_single_image image=&#8221;7856&#8243; img_size=&#8221;large&#8221; alignment=&#8221;center&#8221; css=&#8221;&#8221;][vc_column_text css=&#8221;&#8221;]<\/p>\n<h3 class=\"name\" style=\"text-align: center;\">Giannis triantafyllis<\/h3>\n<h4 class=\"description\" style=\"text-align: center;\">Vice-presidente<\/h4>\n<h5 class=\"location\" style=\"text-align: center;\">Atenas, Gr\u00e9cia<\/h5>\n<p>[\/vc_column_text][vc_icon icon_fontawesome=&#8221;far fa-envelope&#8221; color=&#8221;black&#8221; align=&#8221;center&#8221; css=&#8221;.vc_custom_1747177028804{margin-top: -30px !important;}&#8221; link=&#8221;url:mailto%3Ag.triantafyllis%40wuwm.org|target:_blank|rel:nofollow|&#8221;][\/vc_column_inner][vc_column_inner width=&#8221;1\/4&#8243;][vc_single_image image=&#8221;7857&#8243; img_size=&#8221;large&#8221; alignment=&#8221;center&#8221; css=&#8221;&#8221;][vc_column_text css=&#8221;&#8221;]<\/p>\n<h3 class=\"name\" style=\"text-align: center;\">Zengjun Ma<\/h3>\n<h4 class=\"description\" style=\"text-align: center;\">Diretor e l\u00edder do grupo regional \u00c1sia-Pac\u00edfico da WUWM<\/h4>\n<h5 class=\"location\" style=\"text-align: center;\">Pequim, China<\/h5>\n<p>[\/vc_column_text][vc_icon icon_fontawesome=&#8221;far fa-envelope&#8221; color=&#8221;black&#8221; align=&#8221;center&#8221; css=&#8221;.vc_custom_1747177080978{margin-top: -30px !important;}&#8221; link=&#8221;url:mailto%3Az.ma%40wuwm.org|target:_blank|rel:nofollow|&#8221;][\/vc_column_inner][\/vc_row_inner][vc_row_inner equal_height=&#8221;yes&#8221; gap=&#8221;15&#8243; el_class=&#8221;blocdirector&#8221;][vc_column_inner width=&#8221;1\/4&#8243;][vc_single_image image=&#8221;7900&#8243; img_size=&#8221;large&#8221; alignment=&#8221;center&#8221; css=&#8221;&#8221;][vc_column_text css=&#8221;&#8221;]<\/p>\n<h3 class=\"name\" style=\"text-align: center;\">Laurent nys<\/h3>\n<h4 class=\"description\" style=\"text-align: center;\">Diretor e l\u00edder do grupo europeu da WUWM<\/h4>\n<h5 class=\"location\" style=\"text-align: center;\">Bruxelas, B\u00e9lgica<\/h5>\n<p>[\/vc_column_text][vc_icon icon_fontawesome=&#8221;far fa-envelope&#8221; color=&#8221;black&#8221; align=&#8221;center&#8221; css=&#8221;.vc_custom_1747177117119{margin-top: -30px !important;}&#8221; link=&#8221;url:mailto%3Af.pallottini%40wuwm.org|target:_blank|rel:nofollow|&#8221;][\/vc_column_inner][vc_column_inner width=&#8221;1\/4&#8243;][vc_single_image image=&#8221;7859&#8243; img_size=&#8221;large&#8221; alignment=&#8221;center&#8221; css=&#8221;&#8221;][vc_column_text css=&#8221;&#8221;]<\/p>\n<h3 class=\"name\" style=\"text-align: center;\">Arturo Salvador fern\u00e1ndez Mart\u00ednez<\/h3>\n<h4 class=\"description\" style=\"text-align: center;\">Diretor e l\u00edder do grupo regional das Am\u00e9ricas da WUWM<\/h4>\n<h5 class=\"location\" style=\"text-align: center;\">Cidade do M\u00e9xico, M\u00e9xico<\/h5>\n<p>[\/vc_column_text][vc_icon icon_fontawesome=&#8221;far fa-envelope&#8221; color=&#8221;black&#8221; align=&#8221;center&#8221; css=&#8221;.vc_custom_1747177152131{margin-top: -30px !important;}&#8221; link=&#8221;url:mailto%3Aa.fernandez%40wuwm.org|target:_blank|rel:nofollow|&#8221;][\/vc_column_inner][vc_column_inner width=&#8221;1\/4&#8243;][vc_single_image image=&#8221;7860&#8243; img_size=&#8221;large&#8221; alignment=&#8221;center&#8221; css=&#8221;&#8221;][vc_column_text css=&#8221;&#8221;]<\/p>\n<h3 class=\"name\" style=\"text-align: center;\">Eva marone<\/h3>\n<h4 class=\"description\" style=\"text-align: center;\">Diretora e l\u00edder do grupo regional \u00c1frica da WUWM<\/h4>\n<h5 class=\"location\" style=\"text-align: center;\">Abidjan, Costa do Marfim<\/h5>\n<p>[\/vc_column_text][vc_icon icon_fontawesome=&#8221;far fa-envelope&#8221; color=&#8221;black&#8221; align=&#8221;center&#8221; css=&#8221;.vc_custom_1747177182274{margin-top: -30px !important;}&#8221; link=&#8221;url:mailto%3Ae.marone%40wuwm.org|target:_blank|rel:nofollow|&#8221;][\/vc_column_inner][vc_column_inner width=&#8221;1\/4&#8243;][vc_single_image image=&#8221;7861&#8243; img_size=&#8221;large&#8221; alignment=&#8221;center&#8221; css=&#8221;&#8221;][vc_column_text css=&#8221;&#8221;]<\/p>\n<h3 class=\"name\" style=\"text-align: center;\">Jean-Paul Auguste<\/h3>\n<h4 class=\"description\" style=\"text-align: center;\">Diretor e l\u00edder do grupo de mercados varejistas da WUWM<\/h4>\n<h5 class=\"location\" style=\"text-align: center;\">Livry-Gargan Paris, Fran\u00e7a<\/h5>\n<p>[\/vc_column_text][vc_icon icon_fontawesome=&#8221;far fa-envelope&#8221; color=&#8221;black&#8221; align=&#8221;center&#8221; css=&#8221;.vc_custom_1747177222785{margin-top: -30px !important;}&#8221; link=&#8221;url:mailto%3Ajp.auguste%40wuwm.org|target:_blank|rel:nofollow|&#8221;][\/vc_column_inner][\/vc_row_inner][vc_row_inner equal_height=&#8221;yes&#8221; gap=&#8221;15&#8243; el_class=&#8221;blocdirector&#8221;][vc_column_inner width=&#8221;1\/4&#8243;][vc_single_image image=&#8221;7862&#8243; img_size=&#8221;large&#8221; alignment=&#8221;center&#8221; css=&#8221;&#8221;][vc_column_text css=&#8221;&#8221;]<\/p>\n<h3 class=\"name\" style=\"text-align: center;\">Raul giboudot<\/h3>\n<h4 class=\"description\" style=\"text-align: center;\">Diretor<\/h4>\n<h5 class=\"location\" style=\"text-align: center;\">Buenos Aires, Argentina<\/h5>\n<p>[\/vc_column_text][vc_icon icon_fontawesome=&#8221;far fa-envelope&#8221; color=&#8221;black&#8221; align=&#8221;center&#8221; css=&#8221;.vc_custom_1747177254794{margin-top: -30px !important;}&#8221; link=&#8221;url:mailto%3Alaurent.nys%40mabru.be|target:_blank|rel:nofollow|&#8221;][\/vc_column_inner][vc_column_inner width=&#8221;1\/4&#8243;][vc_single_image image=&#8221;7863&#8243; img_size=&#8221;large&#8221; alignment=&#8221;center&#8221; css=&#8221;&#8221;][vc_column_text css=&#8221;&#8221;]<\/p>\n<h3 class=\"name\" style=\"text-align: center;\">Natasa putnik<\/h3>\n<h4 class=\"description\" style=\"text-align: center;\">Diretor<\/h4>\n<h5 class=\"location\" style=\"text-align: center;\">Belgrado, S\u00e9rvia<\/h5>\n<p>[\/vc_column_text][\/vc_column_inner][vc_column_inner width=&#8221;1\/4&#8243;][vc_single_image image=&#8221;7864&#8243; img_size=&#8221;large&#8221; alignment=&#8221;center&#8221; css=&#8221;&#8221;][vc_column_text css=&#8221;&#8221;]<\/p>\n<h3 class=\"name\" style=\"text-align: center;\">Dr jagvir singh yadav<\/h3>\n<h4 class=\"description\" style=\"text-align: center;\">Diretor<\/h4>\n<h5 class=\"location\" style=\"text-align: center;\">Nova Deli, \u00cdndia<\/h5>\n<p>[\/vc_column_text][vc_icon icon_fontawesome=&#8221;far fa-envelope&#8221; color=&#8221;black&#8221; align=&#8221;center&#8221; css=&#8221;.vc_custom_1747177328562{margin-top: -30px !important;}&#8221; link=&#8221;url:mailto%3Aj.yadav%40wuwm.org|target:_blank|rel:nofollow|&#8221;][\/vc_column_inner][vc_column_inner width=&#8221;1\/4&#8243;][vc_single_image image=&#8221;7865&#8243; img_size=&#8221;large&#8221; alignment=&#8221;center&#8221; css=&#8221;&#8221;][vc_column_text css=&#8221;&#8221;]<\/p>\n<h3 class=\"name\" style=\"text-align: center;\">Eliane steinmeyer<\/h3>\n<h4 class=\"description\" style=\"text-align: center;\">Diretor<\/h4>\n<h5 class=\"location\" style=\"text-align: center;\">Hamburgo, Alemanha<\/h5>\n<p>[\/vc_column_text][vc_icon icon_fontawesome=&#8221;far fa-envelope&#8221; color=&#8221;black&#8221; align=&#8221;center&#8221; css=&#8221;.vc_custom_1747177360042{margin-top: -30px !important;}&#8221; link=&#8221;url:mailto%3Ae.steinmeyer%40wuwm.org|target:_blank|rel:nofollow|&#8221;][\/vc_column_inner][\/vc_row_inner][\/vc_column][\/vc_row]<\/p>\n<\/div>","protected":false},"excerpt":{"rendered":"<p>[vc_row full_width=&#8221;stretch_row&#8221; gap=&#8221;35&#8243; equal_height=&#8221;yes&#8221; content_placement=&#8221;middle&#8221; css=&#8221;.vc_custom_1746755761451{margin-top: 0px !important;margin-bottom: 0px !important;padding-top: 70px !important;padding-bottom: 10px !important;background-color: #FFFFFF !important;}&#8221;][vc_column width=&#8221;1\/2&#8243;][vc_single_image image=&#8221;7855&#8243; img_size=&#8221;full&#8221; css=&#8221;&#8221;][\/vc_column][vc_column width=&#8221;1\/2&#8243;][vc_column_text css=&#8221;&#8221; el_class=&#8221;citation&#8221;] Como um&hellip;<\/p>\n","protected":false},"author":7,"featured_media":6774,"parent":0,"menu_order":0,"comment_status":"closed","ping_status":"closed","template":"","meta":{"_acf_changed":false,"inline_featured_image":false,"footnotes":""},"class_list":["post-6772","page","type-page","status-publish","has-post-thumbnail","hentry"],"acf":[],"yoast_head":"<!-- This site is optimized with the Yoast SEO plugin v27.0 - https:\/\/yoast.com\/product\/yoast-seo-wordpress\/ -->\n<title>Conselho de administra\u00e7\u00e3o - WUWM<\/title>\n<meta name=\"robots\" content=\"index, follow, max-snippet:-1, max-image-preview:large, max-video-preview:-1\" \/>\n<link rel=\"canonical\" href=\"https:\/\/wuwm.org\/pt-br\/conselho-de-administracao\/\" \/>\n<meta property=\"og:locale\" content=\"pt_BR\" \/>\n<meta property=\"og:type\" content=\"article\" \/>\n<meta property=\"og:title\" content=\"Conselho de administra\u00e7\u00e3o - WUWM\" \/>\n<meta property=\"og:description\" content=\"[vc_row full_width=&#8221;stretch_row&#8221; gap=&#8221;35&#8243; equal_height=&#8221;yes&#8221; content_placement=&#8221;middle&#8221; css=&#8221;.vc_custom_1746755761451{margin-top: 0px !important;margin-bottom: 0px !important;padding-top: 70px !important;padding-bottom: 10px !important;background-color: #FFFFFF !important;}&#8221;][vc_column width=&#8221;1\/2&#8243;][vc_single_image image=&#8221;7855&#8243; img_size=&#8221;full&#8221; css=&#8221;&#8221;][\/vc_column][vc_column width=&#8221;1\/2&#8243;][vc_column_text css=&#8221;&#8221; el_class=&#8221;citation&#8221;] Como um&hellip;\" \/>\n<meta property=\"og:url\" content=\"https:\/\/wuwm.org\/pt-br\/conselho-de-administracao\/\" \/>\n<meta property=\"og:site_name\" content=\"WUWM\" \/>\n<meta property=\"article:modified_time\" content=\"2025-11-13T16:12:22+00:00\" \/>\n<meta property=\"og:image\" content=\"https:\/\/wuwm.org\/wp-content\/uploads\/2022\/02\/february-image.jpg\" \/>\n\t<meta property=\"og:image:width\" content=\"640\" \/>\n\t<meta property=\"og:image:height\" content=\"427\" \/>\n\t<meta property=\"og:image:type\" content=\"image\/jpeg\" \/>\n<meta name=\"twitter:card\" content=\"summary_large_image\" \/>\n<meta name=\"twitter:label1\" content=\"Est. tempo de leitura\" \/>\n\t<meta name=\"twitter:data1\" content=\"5 minutos\" \/>\n<script type=\"application\/ld+json\" class=\"yoast-schema-graph\">{\"@context\":\"https:\/\/schema.org\",\"@graph\":[{\"@type\":\"WebPage\",\"@id\":\"https:\/\/wuwm.org\/pt-br\/conselho-de-administracao\/\",\"url\":\"https:\/\/wuwm.org\/pt-br\/conselho-de-administracao\/\",\"name\":\"Conselho de administra\u00e7\u00e3o - WUWM\",\"isPartOf\":{\"@id\":\"https:\/\/wuwm.org\/pt-br\/#website\"},\"primaryImageOfPage\":{\"@id\":\"https:\/\/wuwm.org\/pt-br\/conselho-de-administracao\/#primaryimage\"},\"image\":{\"@id\":\"https:\/\/wuwm.org\/pt-br\/conselho-de-administracao\/#primaryimage\"},\"thumbnailUrl\":\"https:\/\/wuwm.org\/wp-content\/uploads\/2022\/02\/february-image.jpg\",\"datePublished\":\"2025-04-29T10:24:57+00:00\",\"dateModified\":\"2025-11-13T16:12:22+00:00\",\"breadcrumb\":{\"@id\":\"https:\/\/wuwm.org\/pt-br\/conselho-de-administracao\/#breadcrumb\"},\"inLanguage\":\"pt-BR\",\"potentialAction\":[{\"@type\":\"ReadAction\",\"target\":[\"https:\/\/wuwm.org\/pt-br\/conselho-de-administracao\/\"]}]},{\"@type\":\"ImageObject\",\"inLanguage\":\"pt-BR\",\"@id\":\"https:\/\/wuwm.org\/pt-br\/conselho-de-administracao\/#primaryimage\",\"url\":\"https:\/\/wuwm.org\/wp-content\/uploads\/2022\/02\/february-image.jpg\",\"contentUrl\":\"https:\/\/wuwm.org\/wp-content\/uploads\/2022\/02\/february-image.jpg\",\"width\":5472,\"height\":3648},{\"@type\":\"BreadcrumbList\",\"@id\":\"https:\/\/wuwm.org\/pt-br\/conselho-de-administracao\/#breadcrumb\",\"itemListElement\":[{\"@type\":\"ListItem\",\"position\":1,\"name\":\"Home\",\"item\":\"https:\/\/wuwm.org\/pt-br\/inicio\/\"},{\"@type\":\"ListItem\",\"position\":2,\"name\":\"Conselho de administra\u00e7\u00e3o\"}]},{\"@type\":\"WebSite\",\"@id\":\"https:\/\/wuwm.org\/pt-br\/#website\",\"url\":\"https:\/\/wuwm.org\/pt-br\/\",\"name\":\"WUWM\",\"description\":\"World Union of Wholesale Markets\",\"publisher\":{\"@id\":\"https:\/\/wuwm.org\/pt-br\/#organization\"},\"potentialAction\":[{\"@type\":\"SearchAction\",\"target\":{\"@type\":\"EntryPoint\",\"urlTemplate\":\"https:\/\/wuwm.org\/pt-br\/?s={search_term_string}\"},\"query-input\":{\"@type\":\"PropertyValueSpecification\",\"valueRequired\":true,\"valueName\":\"search_term_string\"}}],\"inLanguage\":\"pt-BR\"},{\"@type\":\"Organization\",\"@id\":\"https:\/\/wuwm.org\/pt-br\/#organization\",\"name\":\"WUWM\",\"url\":\"https:\/\/wuwm.org\/pt-br\/\",\"logo\":{\"@type\":\"ImageObject\",\"inLanguage\":\"pt-BR\",\"@id\":\"https:\/\/wuwm.org\/pt-br\/#\/schema\/logo\/image\/\",\"url\":\"https:\/\/wuwm.org\/wp-content\/uploads\/2020\/06\/13_807x536_v2.jpg\",\"contentUrl\":\"https:\/\/wuwm.org\/wp-content\/uploads\/2020\/06\/13_807x536_v2.jpg\",\"width\":807,\"height\":536,\"caption\":\"WUWM\"},\"image\":{\"@id\":\"https:\/\/wuwm.org\/pt-br\/#\/schema\/logo\/image\/\"}}]}<\/script>\n<!-- \/ Yoast SEO plugin. -->","yoast_head_json":{"title":"Conselho de administra\u00e7\u00e3o - WUWM","robots":{"index":"index","follow":"follow","max-snippet":"max-snippet:-1","max-image-preview":"max-image-preview:large","max-video-preview":"max-video-preview:-1"},"canonical":"https:\/\/wuwm.org\/pt-br\/conselho-de-administracao\/","og_locale":"pt_BR","og_type":"article","og_title":"Conselho de administra\u00e7\u00e3o - WUWM","og_description":"[vc_row full_width=&#8221;stretch_row&#8221; gap=&#8221;35&#8243; equal_height=&#8221;yes&#8221; content_placement=&#8221;middle&#8221; css=&#8221;.vc_custom_1746755761451{margin-top: 0px !important;margin-bottom: 0px !important;padding-top: 70px !important;padding-bottom: 10px !important;background-color: #FFFFFF !important;}&#8221;][vc_column width=&#8221;1\/2&#8243;][vc_single_image image=&#8221;7855&#8243; img_size=&#8221;full&#8221; css=&#8221;&#8221;][\/vc_column][vc_column width=&#8221;1\/2&#8243;][vc_column_text css=&#8221;&#8221; el_class=&#8221;citation&#8221;] Como um&hellip;","og_url":"https:\/\/wuwm.org\/pt-br\/conselho-de-administracao\/","og_site_name":"WUWM","article_modified_time":"2025-11-13T16:12:22+00:00","og_image":[{"url":"https:\/\/wuwm.org\/wp-content\/uploads\/2022\/02\/february-image.jpg","width":640,"height":427,"type":"image\/jpeg"}],"twitter_card":"summary_large_image","twitter_misc":{"Est. tempo de leitura":"5 minutos"},"schema":{"@context":"https:\/\/schema.org","@graph":[{"@type":"WebPage","@id":"https:\/\/wuwm.org\/pt-br\/conselho-de-administracao\/","url":"https:\/\/wuwm.org\/pt-br\/conselho-de-administracao\/","name":"Conselho de administra\u00e7\u00e3o - WUWM","isPartOf":{"@id":"https:\/\/wuwm.org\/pt-br\/#website"},"primaryImageOfPage":{"@id":"https:\/\/wuwm.org\/pt-br\/conselho-de-administracao\/#primaryimage"},"image":{"@id":"https:\/\/wuwm.org\/pt-br\/conselho-de-administracao\/#primaryimage"},"thumbnailUrl":"https:\/\/wuwm.org\/wp-content\/uploads\/2022\/02\/february-image.jpg","datePublished":"2025-04-29T10:24:57+00:00","dateModified":"2025-11-13T16:12:22+00:00","breadcrumb":{"@id":"https:\/\/wuwm.org\/pt-br\/conselho-de-administracao\/#breadcrumb"},"inLanguage":"pt-BR","potentialAction":[{"@type":"ReadAction","target":["https:\/\/wuwm.org\/pt-br\/conselho-de-administracao\/"]}]},{"@type":"ImageObject","inLanguage":"pt-BR","@id":"https:\/\/wuwm.org\/pt-br\/conselho-de-administracao\/#primaryimage","url":"https:\/\/wuwm.org\/wp-content\/uploads\/2022\/02\/february-image.jpg","contentUrl":"https:\/\/wuwm.org\/wp-content\/uploads\/2022\/02\/february-image.jpg","width":5472,"height":3648},{"@type":"BreadcrumbList","@id":"https:\/\/wuwm.org\/pt-br\/conselho-de-administracao\/#breadcrumb","itemListElement":[{"@type":"ListItem","position":1,"name":"Home","item":"https:\/\/wuwm.org\/pt-br\/inicio\/"},{"@type":"ListItem","position":2,"name":"Conselho de administra\u00e7\u00e3o"}]},{"@type":"WebSite","@id":"https:\/\/wuwm.org\/pt-br\/#website","url":"https:\/\/wuwm.org\/pt-br\/","name":"WUWM","description":"World Union of Wholesale Markets","publisher":{"@id":"https:\/\/wuwm.org\/pt-br\/#organization"},"potentialAction":[{"@type":"SearchAction","target":{"@type":"EntryPoint","urlTemplate":"https:\/\/wuwm.org\/pt-br\/?s={search_term_string}"},"query-input":{"@type":"PropertyValueSpecification","valueRequired":true,"valueName":"search_term_string"}}],"inLanguage":"pt-BR"},{"@type":"Organization","@id":"https:\/\/wuwm.org\/pt-br\/#organization","name":"WUWM","url":"https:\/\/wuwm.org\/pt-br\/","logo":{"@type":"ImageObject","inLanguage":"pt-BR","@id":"https:\/\/wuwm.org\/pt-br\/#\/schema\/logo\/image\/","url":"https:\/\/wuwm.org\/wp-content\/uploads\/2020\/06\/13_807x536_v2.jpg","contentUrl":"https:\/\/wuwm.org\/wp-content\/uploads\/2020\/06\/13_807x536_v2.jpg","width":807,"height":536,"caption":"WUWM"},"image":{"@id":"https:\/\/wuwm.org\/pt-br\/#\/schema\/logo\/image\/"}}]}},"_links":{"self":[{"href":"https:\/\/wuwm.org\/pt-br\/wp-json\/wp\/v2\/pages\/6772","targetHints":{"allow":["GET"]}}],"collection":[{"href":"https:\/\/wuwm.org\/pt-br\/wp-json\/wp\/v2\/pages"}],"about":[{"href":"https:\/\/wuwm.org\/pt-br\/wp-json\/wp\/v2\/types\/page"}],"author":[{"embeddable":true,"href":"https:\/\/wuwm.org\/pt-br\/wp-json\/wp\/v2\/users\/7"}],"replies":[{"embeddable":true,"href":"https:\/\/wuwm.org\/pt-br\/wp-json\/wp\/v2\/comments?post=6772"}],"version-history":[{"count":13,"href":"https:\/\/wuwm.org\/pt-br\/wp-json\/wp\/v2\/pages\/6772\/revisions"}],"predecessor-version":[{"id":7916,"href":"https:\/\/wuwm.org\/pt-br\/wp-json\/wp\/v2\/pages\/6772\/revisions\/7916"}],"wp:featuredmedia":[{"embeddable":true,"href":"https:\/\/wuwm.org\/pt-br\/wp-json\/wp\/v2\/media\/6774"}],"wp:attachment":[{"href":"https:\/\/wuwm.org\/pt-br\/wp-json\/wp\/v2\/media?parent=6772"}],"curies":[{"name":"wp","href":"https:\/\/api.w.org\/{rel}","templated":true}]}}